{"id":3476978,"date":"2026-01-26T02:34:00","date_gmt":"2026-01-26T01:34:00","guid":{"rendered":"https:\/\/streetmarkets.fr\/app\/produit\/jf-rey-j705\/"},"modified":"2026-05-11T03:33:55","modified_gmt":"2026-05-11T01:33:55","slug":"jf-rey-j705","status":"publish","type":"product","link":"https:\/\/streetmarkets.fr\/app\/produit\/jf-rey-j705\/","title":{"rendered":"JF REY &#8211; J705"},"content":{"rendered":"<p>Les lunettes de soleil vintage Jean-Fran\u00e7ois Rey J705 incarnent l&#8217;\u00e9l\u00e9gance intemporelle des ann\u00e9es 90. Cette monture rectangulaire en ac\u00e9tate transparent, fa\u00e7onn\u00e9e \u00e0 la main dans les ateliers du Jura, allie authenticit\u00e9 et raffinement. Chaque d\u00e9tail r\u00e9v\u00e8le le savoir-faire fran\u00e7ais d&#8217;une \u00e9poque o\u00f9 la qualit\u00e9 primait. Adaptable \u00e0 vos besoins, cette monture peut \u00eatre \u00e9quip\u00e9e de verres optiques ou solaires directement en boutique. Portez une pi\u00e8ce d&#8217;histoire optique, un accessoire qui transcende les tendances pour affirmer un style personnel et conscient.<\/p>\n<div id=\"accordion\">\n<div style=\"border-top: 1px solid #d3d3d3;border-left: none;border-right: none;border-bottom: 1px solid #d3d3d3\" class=\"card\">\n<div class=\"collapse\" id=\"collapseOne\">\n<div style=\"margin-top: -10px\" class=\"card-body\">\n<p style=\"margin-bottom: -3px;font-size: 15px\"><b><br \/>Marque :\u00a0<\/b>JF Rey<\/p>\n<p style=\"margin-bottom: -3px;font-size: 15px\"><b>Forme :\u00a0<\/b>Masque<\/p>\n<p style=\"margin-bottom: -3px;font-size: 15px\"><b>Couleur : <\/b>Transparent\u00a0<\/p>\n<p style=\"margin-bottom: -3px;font-size: 15px\"><b>Verres :<\/b> Sans verre\u00a0<\/p>\n<p style=\"margin-bottom: -15px;font-size: 15px\"><b>Fabrication :\u00a0<\/b>France &#8211; Jura<\/p>\n<p><\/p>\n<p style=\"margin-bottom: -5px;font-size: 15px\"><b><span style=\"font-size: 15px\">Etat :\u00a0<\/span><\/b><span style=\"font-size: 15px\">Tr\u00e8s bon \u00e9tat<\/span><\/p>\n<p><\/p>\n<p style=\"margin-bottom: -5px;font-style: italic;font-size: 15px\">Toutes nos lunettes passent entre les mains de nos opticiens, qui r\u00e9habilitent et ajustent les montures pour un confort optimal.<\/p>\n<\/div>\n<\/div>\n<\/div>\n<div style=\"border: none;border-bottom: 1px solid #d3d3d3\" class=\"card\">\n<button data-target=\"#collapseTwo\" data-toggle=\"collapse\" class=\"card-header collapsed card-link\" style=\"color: black;background-color: initial;box-shadow: none;font-size: 20px;text-transform: uppercase;border: none\"> <b style=\"font-family: Oswald;font-size: 15px;font-style: normal;font-variant: normal;font-weight: 400;line-height: 18.2px;text-align: justify;color: #766456;letter-spacing: 1px\" class=\"header-title float-left\"> Guide des tailles<\/b> <i style=\"position: absolute;right: 10px;color: #766456\" class=\"fas fa-angle-right float-right\"><\/i> <\/button><\/p>\n<div class=\"collapse\" id=\"collapseTwo\">\n<div style=\"margin-top: -10px\" class=\"card-body\">\n<img decoding=\"async\" border=\"0\" src=\"https:\/\/cdn.shopify.com\/s\/files\/1\/0602\/6009\/0089\/files\/mesurerectanglePNG.png?v=1636987570\"> <\/p>\n<p style=\"font-size: 15px;margin-bottom: -5px\"><b>A <\/b>\u00a0&#8211; Face : 139 mm <br \/><b>B <\/b>\u00a0&#8211; Pont\/Nez : 18 mm <br \/><b>C <\/b>\u00a0&#8211; Calibre : 30 mm<\/p>\n<\/div>\n<\/div>\n<\/div>\n<div style=\"border: none;border-bottom: 1px solid #d3d3d3\" class=\"card\">\n<button data-target=\"#collapseThree\" data-toggle=\"collapse\" class=\"card-header collapsed card-link\" style=\"color: black;background-color: initial;box-shadow: none;font-size: 20px;text-transform: uppercase;border: none\"> <b style=\"font-family: Oswald;font-size: 15px;font-style: normal;font-variant: normal;font-weight: 400;line-height: 18.2px;text-align: justify;color: #766456;letter-spacing: 1px\" class=\"header-title float-left\"> Entretien <\/b> <i style=\"position: absolute;right: 10px;color: #766456\" class=\"fas fa-angle-right float-right\"><\/i> <\/button><\/p>\n<div class=\"collapse\" id=\"collapseThree\">\n<div style=\"margin-top: -10px\" class=\"card-body\">\n<p style=\"font-size: 15px\">&#8211; Nettoyez vos lunettes avec de l&#8217;eau froide (jamais chaude) et du savon liquide et essuyez les avec une microfibre.<\/p>\n<p style=\"font-size: 15px\">&#8211; Rangez vos lunettes dans leur \u00e9tui et ne jamais les poser sur les verres.<\/p>\n<p style=\"font-size: 15px;margin-bottom: -5px\">&#8211; Ne laissez jamais vos lunettes pr\u00e8s d&#8217;une source de chaleur<\/p>\n<\/div>\n<\/div>\n<\/div>\n<\/div>\n<p style=\"font-style: italic;font-size: 15px;margin-top: 10px\">Chaque paire est livr\u00e9e dans son \u00e9tui Seconde Vue fabriqu\u00e9 en Italie<\/p>\n","protected":false},"excerpt":{"rendered":"<p>Les lunettes de soleil vintage Jean-Fran\u00e7ois Rey J705 incarnent l&#8217;\u00e9l\u00e9gance intemporelle des ann\u00e9es 90. Cette monture rectangulaire en ac\u00e9tate transparent, fa\u00e7onn\u00e9e \u00e0 la main dans les ateliers du Jura, allie authenticit\u00e9 et raffinement. Chaque d\u00e9tail r\u00e9v\u00e8le le savoir-faire fran\u00e7ais d&#8217;une \u00e9poque o\u00f9 la qualit\u00e9 primait. Adaptable \u00e0 vos besoins, cette monture peut \u00eatre \u00e9quip\u00e9e de [&hellip;]<\/p>\n","protected":false},"featured_media":3476979,"comment_status":"open","ping_status":"closed","template":"","meta":[],"product_brand":[],"product_cat":[],"product_tag":[],"acf":[],"_links":{"self":[{"href":"https:\/\/streetmarkets.fr\/app\/wp-json\/wp\/v2\/product\/3476978"}],"collection":[{"href":"https:\/\/streetmarkets.fr\/app\/wp-json\/wp\/v2\/product"}],"about":[{"href":"https:\/\/streetmarkets.fr\/app\/wp-json\/wp\/v2\/types\/product"}],"replies":[{"embeddable":true,"href":"https:\/\/streetmarkets.fr\/app\/wp-json\/wp\/v2\/comments?post=3476978"}],"wp:featuredmedia":[{"embeddable":true,"href":"https:\/\/streetmarkets.fr\/app\/wp-json\/wp\/v2\/media\/3476979"}],"wp:attachment":[{"href":"https:\/\/streetmarkets.fr\/app\/wp-json\/wp\/v2\/media?parent=3476978"}],"wp:term":[{"taxonomy":"product_brand","embeddable":true,"href":"https:\/\/streetmarkets.fr\/app\/wp-json\/wp\/v2\/product_brand?post=3476978"},{"taxonomy":"product_cat","embeddable":true,"href":"https:\/\/streetmarkets.fr\/app\/wp-json\/wp\/v2\/product_cat?post=3476978"},{"taxonomy":"product_tag","embeddable":true,"href":"https:\/\/streetmarkets.fr\/app\/wp-json\/wp\/v2\/product_tag?post=3476978"}],"curies":[{"name":"wp","href":"https:\/\/api.w.org\/{rel}","templated":true}]}}