{"id":3469074,"date":"2026-01-26T00:18:15","date_gmt":"2026-01-25T23:18:15","guid":{"rendered":"https:\/\/streetmarkets.fr\/app\/produit\/barrette-fraise\/"},"modified":"2026-05-09T01:15:01","modified_gmt":"2026-05-08T23:15:01","slug":"barrette-fraise","status":"publish","type":"product","link":"https:\/\/streetmarkets.fr\/app\/produit\/barrette-fraise\/","title":{"rendered":"Barrette Fraise"},"content":{"rendered":"<div class=\"rte-content\" id=\"product-description-short-41\"><strong><a title=\"Collection Coucou Suzette\" href=\"\/collections\/coucou-suzette\">Collection Coucou Suzette<\/a><\/strong><\/div>\n<div class=\"rte-content\">\n<strong><\/strong>\n<\/div>\n<div class=\"rte-content\">\n <span>Cette barrette convient aux petits comme aux grands !<\/span><br \/><strong><\/strong>\n<\/div>\n<div class=\"rte-content\">\n<span><\/span>\n<\/div>\n<div class=\"rte-content\">\n<p>Cette barrette est faite \u00e0 partir d&#8217;Acetate de Cellulose recycl\u00e9e &amp; biod\u00e9gradable (Eco-Friendly).<\/p>\n<ul>\n<li><em><span>Composition : ac\u00e9tate de cellulose<\/span><\/em><\/li>\n<li>\n<em>Chaque cr\u00e9ation est unique, la couleur peut varier l\u00e9g\u00e8rement selon le morceau d&#8217;ac\u00e9tate utilis\u00e9<\/em><em><span><\/span><\/em>\n<\/li>\n<li><em>Type d\u2019attache : barrette crocodile en m\u00e9tal<\/em><\/li>\n<li><em><span>Fabriqu\u00e9e en Chine dans une usine audit\u00e9e<\/span><\/em><\/li>\n<li><em>Conseils d\u2019utilisation : \u00e9viter le contact avec l\u2019eau<\/em><\/li>\n<\/ul>\n<\/div>\n<div class=\"rte-content\">\n<div class=\"rte-content\" id=\"product-description-short-123\">\n<p>Dimensions : environ 3 cm x 2,5 cm<\/p>\n<\/div>\n<\/div>\n","protected":false},"excerpt":{"rendered":"<p>Collection Coucou Suzette Cette barrette convient aux petits comme aux grands ! Cette barrette est faite \u00e0 partir d&#8217;Acetate de Cellulose recycl\u00e9e &amp; biod\u00e9gradable (Eco-Friendly). Composition : ac\u00e9tate de cellulose Chaque cr\u00e9ation est unique, la couleur peut varier l\u00e9g\u00e8rement selon le morceau d&#8217;ac\u00e9tate utilis\u00e9 Type d\u2019attache : barrette crocodile en m\u00e9tal Fabriqu\u00e9e en Chine dans [&hellip;]<\/p>\n","protected":false},"featured_media":3469075,"comment_status":"open","ping_status":"closed","template":"","meta":[],"product_brand":[],"product_cat":[],"product_tag":[],"acf":[],"_links":{"self":[{"href":"https:\/\/streetmarkets.fr\/app\/wp-json\/wp\/v2\/product\/3469074"}],"collection":[{"href":"https:\/\/streetmarkets.fr\/app\/wp-json\/wp\/v2\/product"}],"about":[{"href":"https:\/\/streetmarkets.fr\/app\/wp-json\/wp\/v2\/types\/product"}],"replies":[{"embeddable":true,"href":"https:\/\/streetmarkets.fr\/app\/wp-json\/wp\/v2\/comments?post=3469074"}],"wp:featuredmedia":[{"embeddable":true,"href":"https:\/\/streetmarkets.fr\/app\/wp-json\/wp\/v2\/media\/3469075"}],"wp:attachment":[{"href":"https:\/\/streetmarkets.fr\/app\/wp-json\/wp\/v2\/media?parent=3469074"}],"wp:term":[{"taxonomy":"product_brand","embeddable":true,"href":"https:\/\/streetmarkets.fr\/app\/wp-json\/wp\/v2\/product_brand?post=3469074"},{"taxonomy":"product_cat","embeddable":true,"href":"https:\/\/streetmarkets.fr\/app\/wp-json\/wp\/v2\/product_cat?post=3469074"},{"taxonomy":"product_tag","embeddable":true,"href":"https:\/\/streetmarkets.fr\/app\/wp-json\/wp\/v2\/product_tag?post=3469074"}],"curies":[{"name":"wp","href":"https:\/\/api.w.org\/{rel}","templated":true}]}}