{"id":3469064,"date":"2026-01-26T00:18:01","date_gmt":"2026-01-25T23:18:01","guid":{"rendered":"https:\/\/streetmarkets.fr\/app\/produit\/pince-a-cheveux-cosmos\/"},"modified":"2026-05-13T01:16:41","modified_gmt":"2026-05-12T23:16:41","slug":"pince-a-cheveux-cosmos","status":"publish","type":"product","link":"https:\/\/streetmarkets.fr\/app\/produit\/pince-a-cheveux-cosmos\/","title":{"rendered":"Pince \u00e0 cheveux Cosmos"},"content":{"rendered":"<div class=\"rte-content\" id=\"product-description-short-41\">\n <a title=\"Collection Coucou Suzette\" href=\"\/collections\/coucou-suzette\"><strong>Collection Coucou Suzette<\/strong><\/a>\n<\/div>\n<div class=\"rte-content\">\n<br \/><strong><\/strong>\n<\/div>\n<div class=\"rte-content\">\n<strong><\/strong><\/p>\n<p><span>Un sublime cosmos rose p\u00e2le nacr\u00e9 aux d\u00e9tails dor\u00e9s et au pistil jaune clair qui attends patiemment d\u2019\u00eatre butin\u00e9. Hyper pratique, cette magnifique fleur fait le bonheur de toutes les chevelures.<\/span><\/p>\n<\/div>\n<div class=\"rte-content\">\n<div class=\"rte-content\" id=\"product-description-short-123\">\n<p>Cette\u00a0pince\u00a0est faite \u00e0 partir d&#8217;Acetate de Cellulose recycl\u00e9e &amp; biod\u00e9gradable (Eco-Friendly).<\/p>\n<ul>\n<li><em><span>Composition : ac\u00e9tate de cellulose<\/span><\/em><\/li>\n<li><em>Chaque cr\u00e9ation est unique, la couleur peut varier l\u00e9g\u00e8rement selon le morceau d&#8217;ac\u00e9tate utilis\u00e9<\/em><\/li>\n<li><em>Type d\u2019attache :<span>\u00a0<\/span>dents en ac\u00e9tate<\/em><\/li>\n<li><em><span>Fabriqu\u00e9e en Chine dans une usine audit\u00e9e<\/span><\/em><\/li>\n<li><em>Conseils d\u2019utilisation : \u00e9viter le contact avec l\u2019eau<\/em><\/li>\n<\/ul>\n<p>Dimensions : environ 7,1 cm x 5,4 cm<\/p>\n<\/div>\n<\/div>\n","protected":false},"excerpt":{"rendered":"<p>Collection Coucou Suzette Un sublime cosmos rose p\u00e2le nacr\u00e9 aux d\u00e9tails dor\u00e9s et au pistil jaune clair qui attends patiemment d\u2019\u00eatre butin\u00e9. Hyper pratique, cette magnifique fleur fait le bonheur de toutes les chevelures. Cette\u00a0pince\u00a0est faite \u00e0 partir d&#8217;Acetate de Cellulose recycl\u00e9e &amp; biod\u00e9gradable (Eco-Friendly). Composition : ac\u00e9tate de cellulose Chaque cr\u00e9ation est unique, la [&hellip;]<\/p>\n","protected":false},"featured_media":3469065,"comment_status":"open","ping_status":"closed","template":"","meta":[],"product_brand":[],"product_cat":[],"product_tag":[],"acf":[],"_links":{"self":[{"href":"https:\/\/streetmarkets.fr\/app\/wp-json\/wp\/v2\/product\/3469064"}],"collection":[{"href":"https:\/\/streetmarkets.fr\/app\/wp-json\/wp\/v2\/product"}],"about":[{"href":"https:\/\/streetmarkets.fr\/app\/wp-json\/wp\/v2\/types\/product"}],"replies":[{"embeddable":true,"href":"https:\/\/streetmarkets.fr\/app\/wp-json\/wp\/v2\/comments?post=3469064"}],"wp:featuredmedia":[{"embeddable":true,"href":"https:\/\/streetmarkets.fr\/app\/wp-json\/wp\/v2\/media\/3469065"}],"wp:attachment":[{"href":"https:\/\/streetmarkets.fr\/app\/wp-json\/wp\/v2\/media?parent=3469064"}],"wp:term":[{"taxonomy":"product_brand","embeddable":true,"href":"https:\/\/streetmarkets.fr\/app\/wp-json\/wp\/v2\/product_brand?post=3469064"},{"taxonomy":"product_cat","embeddable":true,"href":"https:\/\/streetmarkets.fr\/app\/wp-json\/wp\/v2\/product_cat?post=3469064"},{"taxonomy":"product_tag","embeddable":true,"href":"https:\/\/streetmarkets.fr\/app\/wp-json\/wp\/v2\/product_tag?post=3469064"}],"curies":[{"name":"wp","href":"https:\/\/api.w.org\/{rel}","templated":true}]}}