{"id":3454650,"date":"2026-01-24T00:20:37","date_gmt":"2026-01-23T23:20:37","guid":{"rendered":"https:\/\/streetmarkets.fr\/app\/produit\/sac-banane-custine-denim\/"},"modified":"2026-05-16T01:17:29","modified_gmt":"2026-05-15T23:17:29","slug":"sac-banane-custine-denim","status":"publish","type":"product","link":"https:\/\/streetmarkets.fr\/app\/produit\/sac-banane-custine-denim\/","title":{"rendered":"Sac Banane Custine &#8211; Denim"},"content":{"rendered":"<p class=\"p1\"><a title=\"Collection Rive Droite Paris\" href=\"\/collections\/rive-droite-paris\"><strong>Collection Rive Droite Paris<\/strong><\/a><\/p>\n<p>Avec sa forme arrondie, son grand compartiment principal, Custine le sac banane va vite remplacer votre sac \u00e0 main. Cl\u00e9s, portefeuille, t\u00e9l\u00e9phone, make-up, vous pouvez y ranger vos essentiels tout en gardant les mains libres. Sa anse s&#8217;ajuste facilement pour pouvoir le porter en bandouli\u00e8re ou \u00e0 la taille selon vos envies, et se porte aussi bien sous un t-shirt fin que sous un manteau plus \u00e9pais en hiver.<\/p>\n<ul>\n<li style=\"list-style-type: none\">\n<ul>\n<li><span><strong>Composition : <\/strong>70% coton organique &#8211; 30% coton recycl\u00e9.<\/span><\/li>\n<li>\n<span><strong>Emballage : <\/strong><\/span>Ce produit est emball\u00e9 avec soin dans un pochon en coton r\u00e9utilisable avec un lien coulissant.<\/li>\n<li>\n<strong>Doublure<\/strong><span>\u00a0<\/span>:<span> 100% polycoton upcycl\u00e9 issu de fins de stocks de tissus de l&#8217;industrie textile.<\/span>\n<\/li>\n<li>\n<strong>Dimensions<\/strong><span>\u00a0<\/span>: L25 x H17 cm. Tour de taille minimum 62 cm. Tour de taille maximum 112 cm.<\/li>\n<li>\n<strong>Conseils d&#8217;entretien<\/strong><span>\u00a0<\/span><span>:\u00a0Lavage seul en machine \u00e0 froid, programme fragile. Repasser sur l&#8217;envers.<\/span>\n<\/li>\n<\/ul>\n<\/li>\n<\/ul>\n","protected":false},"excerpt":{"rendered":"<p>Collection Rive Droite Paris Avec sa forme arrondie, son grand compartiment principal, Custine le sac banane va vite remplacer votre sac \u00e0 main. Cl\u00e9s, portefeuille, t\u00e9l\u00e9phone, make-up, vous pouvez y ranger vos essentiels tout en gardant les mains libres. Sa anse s&#8217;ajuste facilement pour pouvoir le porter en bandouli\u00e8re ou \u00e0 la taille selon vos [&hellip;]<\/p>\n","protected":false},"featured_media":3454651,"comment_status":"open","ping_status":"closed","template":"","meta":[],"product_brand":[],"product_cat":[],"product_tag":[],"acf":[],"_links":{"self":[{"href":"https:\/\/streetmarkets.fr\/app\/wp-json\/wp\/v2\/product\/3454650"}],"collection":[{"href":"https:\/\/streetmarkets.fr\/app\/wp-json\/wp\/v2\/product"}],"about":[{"href":"https:\/\/streetmarkets.fr\/app\/wp-json\/wp\/v2\/types\/product"}],"replies":[{"embeddable":true,"href":"https:\/\/streetmarkets.fr\/app\/wp-json\/wp\/v2\/comments?post=3454650"}],"wp:featuredmedia":[{"embeddable":true,"href":"https:\/\/streetmarkets.fr\/app\/wp-json\/wp\/v2\/media\/3454651"}],"wp:attachment":[{"href":"https:\/\/streetmarkets.fr\/app\/wp-json\/wp\/v2\/media?parent=3454650"}],"wp:term":[{"taxonomy":"product_brand","embeddable":true,"href":"https:\/\/streetmarkets.fr\/app\/wp-json\/wp\/v2\/product_brand?post=3454650"},{"taxonomy":"product_cat","embeddable":true,"href":"https:\/\/streetmarkets.fr\/app\/wp-json\/wp\/v2\/product_cat?post=3454650"},{"taxonomy":"product_tag","embeddable":true,"href":"https:\/\/streetmarkets.fr\/app\/wp-json\/wp\/v2\/product_tag?post=3454650"}],"curies":[{"name":"wp","href":"https:\/\/api.w.org\/{rel}","templated":true}]}}