{"id":3446744,"date":"2026-01-22T05:50:32","date_gmt":"2026-01-22T04:50:32","guid":{"rendered":"https:\/\/streetmarkets.fr\/app\/produit\/fixe-chaussettes\/"},"modified":"2026-03-16T05:50:44","modified_gmt":"2026-03-16T04:50:44","slug":"fixe-chaussettes","status":"publish","type":"product","link":"https:\/\/streetmarkets.fr\/app\/produit\/fixe-chaussettes\/","title":{"rendered":"Fixe-Chaussettes"},"content":{"rendered":"<p data-start=\"273\" data-end=\"620\">Les <strong data-start=\"277\" data-end=\"313\">fixe-chaussettes Albert Thurston<\/strong> sont un accessoire intemporel du vestiaire masculin, con\u00e7u pour maintenir parfaitement les <strong data-start=\"405\" data-end=\"427\">chaussettes hautes<\/strong> tout au long de la journ\u00e9e. Plac\u00e9s <strong data-start=\"463\" data-end=\"486\">au niveau du mollet<\/strong>, ils emp\u00eachent les chaussettes de glisser, assurant une tenue nette, \u00e9l\u00e9gante et confortable, quelles que soient les circonstances.<\/p>\n<p data-start=\"622\" data-end=\"1019\">H\u00e9ritiers du savoir-faire britannique de la maison Albert Thurston, r\u00e9f\u00e9rence historique des accessoires pour homme, ces fixe-chaussettes allient <strong data-start=\"768\" data-end=\"809\">fonctionnalit\u00e9 et raffinement discret<\/strong>. Leur syst\u00e8me \u00e9lastiqu\u00e9 s\u2019adapte naturellement \u00e0 la jambe sans comprimer, offrant un maintien fiable tout en restant agr\u00e9able \u00e0 porter. Les attaches solides maintiennent la chaussette en place sans l\u2019ab\u00eemer.<\/p>\n<p data-start=\"1021\" data-end=\"1349\">Id\u00e9als avec un <strong data-start=\"1036\" data-end=\"1047\">costume<\/strong>, un pantalon habill\u00e9 ou un look tailoring plus traditionnel, les fixe-chaussettes sont le d\u00e9tail invisible qui fait toute la diff\u00e9rence. Un accessoire pens\u00e9 pour les amateurs d\u2019\u00e9l\u00e9gance classique, de belles mati\u00e8res et de finitions irr\u00e9prochables \u2014 parfaitement dans l\u2019esprit de la s\u00e9lection Harold.<\/p>\n<p data-start=\"1351\" data-end=\"1370\"><strong data-start=\"1351\" data-end=\"1368\">Points cl\u00e9s :<\/strong><\/p>\n<ul data-start=\"1371\" data-end=\"1667\">\n<li data-start=\"1371\" data-end=\"1420\">\n<p data-start=\"1373\" data-end=\"1420\">Fixe-chaussettes \u00e0 porter au niveau du mollet<\/p>\n<\/li>\n<li data-start=\"1421\" data-end=\"1483\">\n<p data-start=\"1423\" data-end=\"1483\">Maintiennent les chaussettes hautes sans les faire glisser<\/p>\n<\/li>\n<li data-start=\"1484\" data-end=\"1526\">\n<p data-start=\"1486\" data-end=\"1526\">Confortables, \u00e9lastiqu\u00e9s et ajustables<\/p>\n<\/li>\n<li data-start=\"1527\" data-end=\"1569\">\n<p data-start=\"1529\" data-end=\"1569\">Finitions soign\u00e9es et attaches solides<\/p>\n<\/li>\n<li data-start=\"1570\" data-end=\"1616\">\n<p data-start=\"1572\" data-end=\"1616\">Accessoire classique du vestiaire masculin<\/p>\n<\/li>\n<li data-start=\"1617\" data-end=\"1667\">\n<p data-start=\"1619\" data-end=\"1667\">Savoir-faire britannique sign\u00e9 Albert Thurston<\/p>\n<\/li>\n<\/ul>\n","protected":false},"excerpt":{"rendered":"<p>Les fixe-chaussettes Albert Thurston sont un accessoire intemporel du vestiaire masculin, con\u00e7u pour maintenir parfaitement les chaussettes hautes tout au long de la journ\u00e9e. Plac\u00e9s au niveau du mollet, ils emp\u00eachent les chaussettes de glisser, assurant une tenue nette, \u00e9l\u00e9gante et confortable, quelles que soient les circonstances. H\u00e9ritiers du savoir-faire britannique de la maison Albert [&hellip;]<\/p>\n","protected":false},"featured_media":3446745,"comment_status":"open","ping_status":"closed","template":"","meta":[],"product_brand":[],"product_cat":[],"product_tag":[],"acf":[],"_links":{"self":[{"href":"https:\/\/streetmarkets.fr\/app\/wp-json\/wp\/v2\/product\/3446744"}],"collection":[{"href":"https:\/\/streetmarkets.fr\/app\/wp-json\/wp\/v2\/product"}],"about":[{"href":"https:\/\/streetmarkets.fr\/app\/wp-json\/wp\/v2\/types\/product"}],"replies":[{"embeddable":true,"href":"https:\/\/streetmarkets.fr\/app\/wp-json\/wp\/v2\/comments?post=3446744"}],"wp:featuredmedia":[{"embeddable":true,"href":"https:\/\/streetmarkets.fr\/app\/wp-json\/wp\/v2\/media\/3446745"}],"wp:attachment":[{"href":"https:\/\/streetmarkets.fr\/app\/wp-json\/wp\/v2\/media?parent=3446744"}],"wp:term":[{"taxonomy":"product_brand","embeddable":true,"href":"https:\/\/streetmarkets.fr\/app\/wp-json\/wp\/v2\/product_brand?post=3446744"},{"taxonomy":"product_cat","embeddable":true,"href":"https:\/\/streetmarkets.fr\/app\/wp-json\/wp\/v2\/product_cat?post=3446744"},{"taxonomy":"product_tag","embeddable":true,"href":"https:\/\/streetmarkets.fr\/app\/wp-json\/wp\/v2\/product_tag?post=3446744"}],"curies":[{"name":"wp","href":"https:\/\/api.w.org\/{rel}","templated":true}]}}