{"id":3446711,"date":"2026-01-22T04:49:03","date_gmt":"2026-01-22T03:49:03","guid":{"rendered":"https:\/\/streetmarkets.fr\/app\/produit\/maria-black-creole-solo-tempelhofer-hoop\/"},"modified":"2026-01-27T04:47:41","modified_gmt":"2026-01-27T03:47:41","slug":"maria-black-creole-solo-tempelhofer-hoop","status":"publish","type":"product","link":"https:\/\/streetmarkets.fr\/app\/produit\/maria-black-creole-solo-tempelhofer-hoop\/","title":{"rendered":"Maria Black creole solo Tempelhofer hoop"},"content":{"rendered":"<p>Boucle cr\u00e9ole &#8220;Templehofer&#8221; de la marque danoise Maria Black jewellery.<br \/>Boucle vendue \u00e0 l&#8217;unit\u00e9.<\/p>\n<p>[Argent 925 rhodi\u00e9 ou Argent 925 plaqu\u00e9 or 22k]<br \/>[Hauteur: 16mm &#8211; Diam int\u00e9rieur : 6mm &#8211; Epaisseur : 5mm]<br \/>[Fabriqu\u00e9 en Inde]<\/p>\n","protected":false},"excerpt":{"rendered":"<p>Boucle cr\u00e9ole &#8220;Templehofer&#8221; de la marque danoise Maria Black jewellery.Boucle vendue \u00e0 l&#8217;unit\u00e9. [Argent 925 rhodi\u00e9 ou Argent 925 plaqu\u00e9 or 22k][Hauteur: 16mm &#8211; Diam int\u00e9rieur : 6mm &#8211; Epaisseur : 5mm][Fabriqu\u00e9 en Inde]<\/p>\n","protected":false},"featured_media":3446712,"comment_status":"open","ping_status":"closed","template":"","meta":[],"product_brand":[],"product_cat":[],"product_tag":[],"acf":[],"_links":{"self":[{"href":"https:\/\/streetmarkets.fr\/app\/wp-json\/wp\/v2\/product\/3446711"}],"collection":[{"href":"https:\/\/streetmarkets.fr\/app\/wp-json\/wp\/v2\/product"}],"about":[{"href":"https:\/\/streetmarkets.fr\/app\/wp-json\/wp\/v2\/types\/product"}],"replies":[{"embeddable":true,"href":"https:\/\/streetmarkets.fr\/app\/wp-json\/wp\/v2\/comments?post=3446711"}],"wp:featuredmedia":[{"embeddable":true,"href":"https:\/\/streetmarkets.fr\/app\/wp-json\/wp\/v2\/media\/3446712"}],"wp:attachment":[{"href":"https:\/\/streetmarkets.fr\/app\/wp-json\/wp\/v2\/media?parent=3446711"}],"wp:term":[{"taxonomy":"product_brand","embeddable":true,"href":"https:\/\/streetmarkets.fr\/app\/wp-json\/wp\/v2\/product_brand?post=3446711"},{"taxonomy":"product_cat","embeddable":true,"href":"https:\/\/streetmarkets.fr\/app\/wp-json\/wp\/v2\/product_cat?post=3446711"},{"taxonomy":"product_tag","embeddable":true,"href":"https:\/\/streetmarkets.fr\/app\/wp-json\/wp\/v2\/product_tag?post=3446711"}],"curies":[{"name":"wp","href":"https:\/\/api.w.org\/{rel}","templated":true}]}}