{"id":3446695,"date":"2026-01-22T02:04:33","date_gmt":"2026-01-22T01:04:33","guid":{"rendered":"https:\/\/streetmarkets.fr\/app\/produit\/confetti-bracelet-261-w-multicolor\/"},"modified":"2026-05-08T02:46:38","modified_gmt":"2026-05-08T00:46:38","slug":"confetti-bracelet-261-w-multicolor","status":"publish","type":"product","link":"https:\/\/streetmarkets.fr\/app\/produit\/confetti-bracelet-261-w-multicolor\/","title":{"rendered":"Bracelet Confetti (261 \/ W \/ MULTICOLOR)"},"content":{"rendered":"<p>Le bracelet Confetti d&#8217;Untitledition est orn\u00e9 d&#8217;argent 925 vermeil et de perles en pierre naturelle sur une cha\u00eene \u00e0 maillons ajustable.<\/p>\n<ul>\n<li>Longueur ajustable\u00a0: 16.5 cm &#8211; 18.5 cm<\/li>\n<li>Style\u00a0: BRACELET#CONFETTI<\/li>\n<li>Couleur\u00a0: Multicolore<\/li>\n<\/ul>\n","protected":false},"excerpt":{"rendered":"<p>Le bracelet Confetti d&#8217;Untitledition est orn\u00e9 d&#8217;argent 925 vermeil et de perles en pierre naturelle sur une cha\u00eene \u00e0 maillons ajustable. Longueur ajustable\u00a0: 16.5 cm &#8211; 18.5 cm Style\u00a0: BRACELET#CONFETTI Couleur\u00a0: Multicolore<\/p>\n","protected":false},"featured_media":4100774,"comment_status":"open","ping_status":"closed","template":"","meta":[],"product_brand":[],"product_cat":[],"product_tag":[],"acf":[],"_links":{"self":[{"href":"https:\/\/streetmarkets.fr\/app\/wp-json\/wp\/v2\/product\/3446695"}],"collection":[{"href":"https:\/\/streetmarkets.fr\/app\/wp-json\/wp\/v2\/product"}],"about":[{"href":"https:\/\/streetmarkets.fr\/app\/wp-json\/wp\/v2\/types\/product"}],"replies":[{"embeddable":true,"href":"https:\/\/streetmarkets.fr\/app\/wp-json\/wp\/v2\/comments?post=3446695"}],"wp:featuredmedia":[{"embeddable":true,"href":"https:\/\/streetmarkets.fr\/app\/wp-json\/wp\/v2\/media\/4100774"}],"wp:attachment":[{"href":"https:\/\/streetmarkets.fr\/app\/wp-json\/wp\/v2\/media?parent=3446695"}],"wp:term":[{"taxonomy":"product_brand","embeddable":true,"href":"https:\/\/streetmarkets.fr\/app\/wp-json\/wp\/v2\/product_brand?post=3446695"},{"taxonomy":"product_cat","embeddable":true,"href":"https:\/\/streetmarkets.fr\/app\/wp-json\/wp\/v2\/product_cat?post=3446695"},{"taxonomy":"product_tag","embeddable":true,"href":"https:\/\/streetmarkets.fr\/app\/wp-json\/wp\/v2\/product_tag?post=3446695"}],"curies":[{"name":"wp","href":"https:\/\/api.w.org\/{rel}","templated":true}]}}