{"id":3440374,"date":"2026-01-22T00:49:52","date_gmt":"2026-01-21T23:49:52","guid":{"rendered":"https:\/\/streetmarkets.fr\/app\/produit\/boucles-doreilles-line\/"},"modified":"2026-05-04T01:50:34","modified_gmt":"2026-05-03T23:50:34","slug":"boucles-doreilles-line","status":"publish","type":"product","link":"https:\/\/streetmarkets.fr\/app\/produit\/boucles-doreilles-line\/","title":{"rendered":"Boucles d&#8217;oreilles &#8211; Line"},"content":{"rendered":"<p>\u00c9l\u00e9gantes et intemporelles, ces superbes cr\u00e9oles torsad\u00e9es Line en plaqu\u00e9 or 3 microns sublimeront toutes vos tenues.<\/p>\n<p>L&#8217;accessoire id\u00e9al pour apporter une touche de sophistication \u00e0 votre style.<\/p>\n<p><strong>Ce mod\u00e8<\/strong><strong>le vous pla\u00eet mais n&#8217;est plus disponible ? Contactez-nous \u00e0 bonjour@nadyut.com pour le pr\u00e9commander ! Vous le recevrez entre 1 et 2 semaines.<\/strong><\/p>\n","protected":false},"excerpt":{"rendered":"<p>\u00c9l\u00e9gantes et intemporelles, ces superbes cr\u00e9oles torsad\u00e9es Line en plaqu\u00e9 or 3 microns sublimeront toutes vos tenues. L&#8217;accessoire id\u00e9al pour apporter une touche de sophistication \u00e0 votre style. Ce mod\u00e8le vous pla\u00eet mais n&#8217;est plus disponible ? Contactez-nous \u00e0 bonjour@nadyut.com pour le pr\u00e9commander ! Vous le recevrez entre 1 et 2 semaines.<\/p>\n","protected":false},"featured_media":3440375,"comment_status":"open","ping_status":"closed","template":"","meta":[],"product_brand":[],"product_cat":[],"product_tag":[],"acf":[],"_links":{"self":[{"href":"https:\/\/streetmarkets.fr\/app\/wp-json\/wp\/v2\/product\/3440374"}],"collection":[{"href":"https:\/\/streetmarkets.fr\/app\/wp-json\/wp\/v2\/product"}],"about":[{"href":"https:\/\/streetmarkets.fr\/app\/wp-json\/wp\/v2\/types\/product"}],"replies":[{"embeddable":true,"href":"https:\/\/streetmarkets.fr\/app\/wp-json\/wp\/v2\/comments?post=3440374"}],"wp:featuredmedia":[{"embeddable":true,"href":"https:\/\/streetmarkets.fr\/app\/wp-json\/wp\/v2\/media\/3440375"}],"wp:attachment":[{"href":"https:\/\/streetmarkets.fr\/app\/wp-json\/wp\/v2\/media?parent=3440374"}],"wp:term":[{"taxonomy":"product_brand","embeddable":true,"href":"https:\/\/streetmarkets.fr\/app\/wp-json\/wp\/v2\/product_brand?post=3440374"},{"taxonomy":"product_cat","embeddable":true,"href":"https:\/\/streetmarkets.fr\/app\/wp-json\/wp\/v2\/product_cat?post=3440374"},{"taxonomy":"product_tag","embeddable":true,"href":"https:\/\/streetmarkets.fr\/app\/wp-json\/wp\/v2\/product_tag?post=3440374"}],"curies":[{"name":"wp","href":"https:\/\/api.w.org\/{rel}","templated":true}]}}