{"id":3440236,"date":"2026-01-22T00:16:16","date_gmt":"2026-01-21T23:16:16","guid":{"rendered":"https:\/\/streetmarkets.fr\/app\/produit\/dickies-jean-958-baggy-tapered-work-bleu\/"},"modified":"2026-01-28T00:15:53","modified_gmt":"2026-01-27T23:15:53","slug":"dickies-jean-958-baggy-tapered-work-bleu","status":"publish","type":"product","link":"https:\/\/streetmarkets.fr\/app\/produit\/dickies-jean-958-baggy-tapered-work-bleu\/","title":{"rendered":"Dickies Jean 958 Baggy Tapered Work Bleu"},"content":{"rendered":"<p><span>Le jean baggy fusel\u00e9 958 est un ajout polyvalent \u00e0 toute garde-robe, alliant une coupe moderne \u00e0 l&#8217;ADN authentique de Dickies. La silhouette baggy inspir\u00e9e des ann\u00e9es 90 offre une touche d\u00e9contract\u00e9e et relax.<\/span><\/p>\n<ul>\n<li>En denim de serg\u00e9 de coton slub 397 g<\/li>\n<li>7 passants de ceinture<\/li>\n<li>Fermeture \u00e9clair avec bouton \u00e0 tige<\/li>\n<li>Poche passepoil\u00e9e lat\u00e9rale<\/li>\n<li>Poches arri\u00e8re plaqu\u00e9es avec l&#8217;\u00e9tiquette Dickies rouge tiss\u00e9e<\/li>\n<li>5 poches<\/li>\n<li>100% Coton<\/li>\n<\/ul>\n","protected":false},"excerpt":{"rendered":"<p>Le jean baggy fusel\u00e9 958 est un ajout polyvalent \u00e0 toute garde-robe, alliant une coupe moderne \u00e0 l&#8217;ADN authentique de Dickies. La silhouette baggy inspir\u00e9e des ann\u00e9es 90 offre une touche d\u00e9contract\u00e9e et relax. En denim de serg\u00e9 de coton slub 397 g 7 passants de ceinture Fermeture \u00e9clair avec bouton \u00e0 tige Poche passepoil\u00e9e [&hellip;]<\/p>\n","protected":false},"featured_media":3440237,"comment_status":"open","ping_status":"closed","template":"","meta":[],"product_brand":[],"product_cat":[],"product_tag":[],"acf":[],"_links":{"self":[{"href":"https:\/\/streetmarkets.fr\/app\/wp-json\/wp\/v2\/product\/3440236"}],"collection":[{"href":"https:\/\/streetmarkets.fr\/app\/wp-json\/wp\/v2\/product"}],"about":[{"href":"https:\/\/streetmarkets.fr\/app\/wp-json\/wp\/v2\/types\/product"}],"replies":[{"embeddable":true,"href":"https:\/\/streetmarkets.fr\/app\/wp-json\/wp\/v2\/comments?post=3440236"}],"wp:featuredmedia":[{"embeddable":true,"href":"https:\/\/streetmarkets.fr\/app\/wp-json\/wp\/v2\/media\/3440237"}],"wp:attachment":[{"href":"https:\/\/streetmarkets.fr\/app\/wp-json\/wp\/v2\/media?parent=3440236"}],"wp:term":[{"taxonomy":"product_brand","embeddable":true,"href":"https:\/\/streetmarkets.fr\/app\/wp-json\/wp\/v2\/product_brand?post=3440236"},{"taxonomy":"product_cat","embeddable":true,"href":"https:\/\/streetmarkets.fr\/app\/wp-json\/wp\/v2\/product_cat?post=3440236"},{"taxonomy":"product_tag","embeddable":true,"href":"https:\/\/streetmarkets.fr\/app\/wp-json\/wp\/v2\/product_tag?post=3440236"}],"curies":[{"name":"wp","href":"https:\/\/api.w.org\/{rel}","templated":true}]}}