{"id":3433676,"date":"2026-01-21T00:53:14","date_gmt":"2026-01-20T23:53:14","guid":{"rendered":"https:\/\/streetmarkets.fr\/app\/produit\/robe-longue-bretelles-boutons-etoiles-s26-femme-sundown-green\/"},"modified":"2026-05-12T01:53:56","modified_gmt":"2026-05-11T23:53:56","slug":"robe-longue-bretelles-boutons-etoiles-s26-femme-sundown-green","status":"publish","type":"product","link":"https:\/\/streetmarkets.fr\/app\/produit\/robe-longue-bretelles-boutons-etoiles-s26-femme-sundown-green\/","title":{"rendered":"Robe Longue Bretelles Boutons Etoiles (S26\/ FEMME\/ Sundown Green)"},"content":{"rendered":"<p>Cette robe offre une coupe longue et ajust\u00e9e, parfaite pour mettre la silhouette en valeur. Confectionn\u00e9e en Viscose et Nylon, elle pr\u00e9sente une maille finement c\u00f4tel\u00e9e. Son d\u00e9tail audacieux r\u00e9side dans les boutons en strass en forme d&#8217;\u00e9toile qui ornent le d\u00e9collet\u00e9.<\/p>\n<p>&#8211; Robe longue \u00e0 fines bretelles pour femme <br \/>&#8211; Maille en Viscose et Nylon <br \/>&#8211; Boutons d\u00e9coratifs \u00e9toile en strass <br \/>&#8211; Coupe slim<\/p>\n","protected":false},"excerpt":{"rendered":"<p>Cette robe offre une coupe longue et ajust\u00e9e, parfaite pour mettre la silhouette en valeur. Confectionn\u00e9e en Viscose et Nylon, elle pr\u00e9sente une maille finement c\u00f4tel\u00e9e. Son d\u00e9tail audacieux r\u00e9side dans les boutons en strass en forme d&#8217;\u00e9toile qui ornent le d\u00e9collet\u00e9. &#8211; Robe longue \u00e0 fines bretelles pour femme &#8211; Maille en Viscose et [&hellip;]<\/p>\n","protected":false},"featured_media":3433677,"comment_status":"open","ping_status":"closed","template":"","meta":[],"product_brand":[6868],"product_cat":[],"product_tag":[],"acf":[],"_links":{"self":[{"href":"https:\/\/streetmarkets.fr\/app\/wp-json\/wp\/v2\/product\/3433676"}],"collection":[{"href":"https:\/\/streetmarkets.fr\/app\/wp-json\/wp\/v2\/product"}],"about":[{"href":"https:\/\/streetmarkets.fr\/app\/wp-json\/wp\/v2\/types\/product"}],"replies":[{"embeddable":true,"href":"https:\/\/streetmarkets.fr\/app\/wp-json\/wp\/v2\/comments?post=3433676"}],"wp:featuredmedia":[{"embeddable":true,"href":"https:\/\/streetmarkets.fr\/app\/wp-json\/wp\/v2\/media\/3433677"}],"wp:attachment":[{"href":"https:\/\/streetmarkets.fr\/app\/wp-json\/wp\/v2\/media?parent=3433676"}],"wp:term":[{"taxonomy":"product_brand","embeddable":true,"href":"https:\/\/streetmarkets.fr\/app\/wp-json\/wp\/v2\/product_brand?post=3433676"},{"taxonomy":"product_cat","embeddable":true,"href":"https:\/\/streetmarkets.fr\/app\/wp-json\/wp\/v2\/product_cat?post=3433676"},{"taxonomy":"product_tag","embeddable":true,"href":"https:\/\/streetmarkets.fr\/app\/wp-json\/wp\/v2\/product_tag?post=3433676"}],"curies":[{"name":"wp","href":"https:\/\/api.w.org\/{rel}","templated":true}]}}