{"id":3433652,"date":"2026-01-21T00:53:11","date_gmt":"2026-01-20T23:53:11","guid":{"rendered":"https:\/\/streetmarkets.fr\/app\/produit\/pull-col-v-bandes-contrasteess26-femme-beige-chine\/"},"modified":"2026-05-08T01:56:54","modified_gmt":"2026-05-07T23:56:54","slug":"pull-col-v-bandes-contrasteess26-femme-beige-chine","status":"publish","type":"product","link":"https:\/\/streetmarkets.fr\/app\/produit\/pull-col-v-bandes-contrasteess26-femme-beige-chine\/","title":{"rendered":"Pull Col V Bandes Contrast\u00e9es (S26\/ FEMME\/ Beige Chin\u00e9 \/ RWS)"},"content":{"rendered":"<p>Confectionn\u00e9 en Laine M\u00e9rinos 2 fils, il offre une maille douce et l\u00e9g\u00e8re. Sa coupe regular est dynamis\u00e9e par des bandes contrast\u00e9es sur les manches et le bas du corps, cr\u00e9ant un effet color block tendance.<\/p>\n<p>&#8211; Pull col V pour femme <br \/>&#8211; Bandes contrast\u00e9es sur les manches et le bas du corps <br \/>&#8211; Col V avec bord-c\u00f4te fin contrast\u00e9 <br \/>&#8211; Coupe regular <br \/>&#8211; Laine M\u00e9rinos Extrafine 2 fils certifi\u00e9e RWS <br \/>&#8211; La Laine m\u00e9rinos extra fine d&#8217;Australie est respirante et thermor\u00e9gulatrice, elle peut \u00eatre port\u00e9e \u00e9t\u00e9 comme hiver.<\/p>\n","protected":false},"excerpt":{"rendered":"<p>Confectionn\u00e9 en Laine M\u00e9rinos 2 fils, il offre une maille douce et l\u00e9g\u00e8re. Sa coupe regular est dynamis\u00e9e par des bandes contrast\u00e9es sur les manches et le bas du corps, cr\u00e9ant un effet color block tendance. &#8211; Pull col V pour femme &#8211; Bandes contrast\u00e9es sur les manches et le bas du corps &#8211; Col [&hellip;]<\/p>\n","protected":false},"featured_media":3433653,"comment_status":"open","ping_status":"closed","template":"","meta":[],"product_brand":[6868],"product_cat":[],"product_tag":[],"acf":[],"_links":{"self":[{"href":"https:\/\/streetmarkets.fr\/app\/wp-json\/wp\/v2\/product\/3433652"}],"collection":[{"href":"https:\/\/streetmarkets.fr\/app\/wp-json\/wp\/v2\/product"}],"about":[{"href":"https:\/\/streetmarkets.fr\/app\/wp-json\/wp\/v2\/types\/product"}],"replies":[{"embeddable":true,"href":"https:\/\/streetmarkets.fr\/app\/wp-json\/wp\/v2\/comments?post=3433652"}],"wp:featuredmedia":[{"embeddable":true,"href":"https:\/\/streetmarkets.fr\/app\/wp-json\/wp\/v2\/media\/3433653"}],"wp:attachment":[{"href":"https:\/\/streetmarkets.fr\/app\/wp-json\/wp\/v2\/media?parent=3433652"}],"wp:term":[{"taxonomy":"product_brand","embeddable":true,"href":"https:\/\/streetmarkets.fr\/app\/wp-json\/wp\/v2\/product_brand?post=3433652"},{"taxonomy":"product_cat","embeddable":true,"href":"https:\/\/streetmarkets.fr\/app\/wp-json\/wp\/v2\/product_cat?post=3433652"},{"taxonomy":"product_tag","embeddable":true,"href":"https:\/\/streetmarkets.fr\/app\/wp-json\/wp\/v2\/product_tag?post=3433652"}],"curies":[{"name":"wp","href":"https:\/\/api.w.org\/{rel}","templated":true}]}}