{"id":3433637,"date":"2026-01-21T00:53:10","date_gmt":"2026-01-20T23:53:10","guid":{"rendered":"https:\/\/streetmarkets.fr\/app\/produit\/pull-col-rond-tricolore-s26-femme-tropical-raspberry\/"},"modified":"2026-05-11T01:54:54","modified_gmt":"2026-05-10T23:54:54","slug":"pull-col-rond-tricolore-s26-femme-tropical-raspberry","status":"publish","type":"product","link":"https:\/\/streetmarkets.fr\/app\/produit\/pull-col-rond-tricolore-s26-femme-tropical-raspberry\/","title":{"rendered":"Pull Col Rond Tricolore (S26\/ FEMME\/ Tropical Raspberry \/ RWS)"},"content":{"rendered":"<p>Le pull color block ultra-vibrant. Confectionn\u00e9 en Laine M\u00e9rinos Extrafine 2 fils, ce pull offre une maille douce et l\u00e9g\u00e8re. Sa coupe regular et sa construction tricolore sont rehauss\u00e9es par des bandes contrast\u00e9es sur les manches et le col dans une troisi\u00e8me couleur, cr\u00e9ant un effet graphique sporty chic.<\/p>\n<p>&#8211; Pull col rond pour femme <br \/>&#8211; Construction tricolore et color block <br \/>&#8211; Bandes contrast\u00e9es sur les manches et le col <br \/>&#8211; Coupe regular <br \/>&#8211; Laine M\u00e9rinos Extrafine 2 fils certifi\u00e9e RWS <br \/>&#8211; La Laine m\u00e9rinos extra fine d&#8217;Australie est respirante et thermor\u00e9gulatrice, elle peut \u00eatre port\u00e9e \u00e9t\u00e9 comme hiver.<\/p>\n","protected":false},"excerpt":{"rendered":"<p>Le pull color block ultra-vibrant. Confectionn\u00e9 en Laine M\u00e9rinos Extrafine 2 fils, ce pull offre une maille douce et l\u00e9g\u00e8re. Sa coupe regular et sa construction tricolore sont rehauss\u00e9es par des bandes contrast\u00e9es sur les manches et le col dans une troisi\u00e8me couleur, cr\u00e9ant un effet graphique sporty chic. &#8211; Pull col rond pour femme [&hellip;]<\/p>\n","protected":false},"featured_media":3433638,"comment_status":"open","ping_status":"closed","template":"","meta":[],"product_brand":[6868],"product_cat":[],"product_tag":[],"acf":[],"_links":{"self":[{"href":"https:\/\/streetmarkets.fr\/app\/wp-json\/wp\/v2\/product\/3433637"}],"collection":[{"href":"https:\/\/streetmarkets.fr\/app\/wp-json\/wp\/v2\/product"}],"about":[{"href":"https:\/\/streetmarkets.fr\/app\/wp-json\/wp\/v2\/types\/product"}],"replies":[{"embeddable":true,"href":"https:\/\/streetmarkets.fr\/app\/wp-json\/wp\/v2\/comments?post=3433637"}],"wp:featuredmedia":[{"embeddable":true,"href":"https:\/\/streetmarkets.fr\/app\/wp-json\/wp\/v2\/media\/3433638"}],"wp:attachment":[{"href":"https:\/\/streetmarkets.fr\/app\/wp-json\/wp\/v2\/media?parent=3433637"}],"wp:term":[{"taxonomy":"product_brand","embeddable":true,"href":"https:\/\/streetmarkets.fr\/app\/wp-json\/wp\/v2\/product_brand?post=3433637"},{"taxonomy":"product_cat","embeddable":true,"href":"https:\/\/streetmarkets.fr\/app\/wp-json\/wp\/v2\/product_cat?post=3433637"},{"taxonomy":"product_tag","embeddable":true,"href":"https:\/\/streetmarkets.fr\/app\/wp-json\/wp\/v2\/product_tag?post=3433637"}],"curies":[{"name":"wp","href":"https:\/\/api.w.org\/{rel}","templated":true}]}}