{"id":3433613,"date":"2026-01-21T00:53:08","date_gmt":"2026-01-20T23:53:08","guid":{"rendered":"https:\/\/streetmarkets.fr\/app\/produit\/pull-hoodie-tricolore-s26-femme-gris-chine-clair\/"},"modified":"2026-05-07T01:44:15","modified_gmt":"2026-05-06T23:44:15","slug":"pull-hoodie-tricolore-s26-femme-gris-chine-clair","status":"publish","type":"product","link":"https:\/\/streetmarkets.fr\/app\/produit\/pull-hoodie-tricolore-s26-femme-gris-chine-clair\/","title":{"rendered":"Pull Hoodie Tricolore (S26\/ FEMME\/ Gris Chin\u00e9 Clair)"},"content":{"rendered":"<p>Confectionn\u00e9 en Cachemire 2 fils, ce pull hoodie offre une douceur exceptionnelle. Sa coupe regular est structur\u00e9e par des empi\u00e8cements tricolores aux lignes tubulaires contrast\u00e9es, cr\u00e9ant un effet color block audacieux et moderne.<\/p>\n<p>&#8211; Pull hoodie pour femme <br \/>&#8211; Design tricolore Colorblock\u00a0<br \/>&#8211; Capuche avec cordon de serrage <br \/>&#8211; Coupe regular <br \/>&#8211; Cachemire 2 fils certifi\u00e9 GCS <br \/>&#8211; Le Good Cashmere Standard\u00ae (GCS) est une norme ind\u00e9pendante pour un cachemire plus durable et plus responsable. Il vise \u00e0 am\u00e9liorer le bien-\u00eatre des ch\u00e8vres cachemire, les conditions de travail des \u00e9leveurs ainsi qu&#8217;\u00e0 prot\u00e9ger l&#8217;environnement.<\/p>\n","protected":false},"excerpt":{"rendered":"<p>Confectionn\u00e9 en Cachemire 2 fils, ce pull hoodie offre une douceur exceptionnelle. Sa coupe regular est structur\u00e9e par des empi\u00e8cements tricolores aux lignes tubulaires contrast\u00e9es, cr\u00e9ant un effet color block audacieux et moderne. &#8211; Pull hoodie pour femme &#8211; Design tricolore Colorblock\u00a0&#8211; Capuche avec cordon de serrage &#8211; Coupe regular &#8211; Cachemire 2 fils certifi\u00e9 [&hellip;]<\/p>\n","protected":false},"featured_media":3433614,"comment_status":"open","ping_status":"closed","template":"","meta":[],"product_brand":[6868],"product_cat":[],"product_tag":[],"acf":[],"_links":{"self":[{"href":"https:\/\/streetmarkets.fr\/app\/wp-json\/wp\/v2\/product\/3433613"}],"collection":[{"href":"https:\/\/streetmarkets.fr\/app\/wp-json\/wp\/v2\/product"}],"about":[{"href":"https:\/\/streetmarkets.fr\/app\/wp-json\/wp\/v2\/types\/product"}],"replies":[{"embeddable":true,"href":"https:\/\/streetmarkets.fr\/app\/wp-json\/wp\/v2\/comments?post=3433613"}],"wp:featuredmedia":[{"embeddable":true,"href":"https:\/\/streetmarkets.fr\/app\/wp-json\/wp\/v2\/media\/3433614"}],"wp:attachment":[{"href":"https:\/\/streetmarkets.fr\/app\/wp-json\/wp\/v2\/media?parent=3433613"}],"wp:term":[{"taxonomy":"product_brand","embeddable":true,"href":"https:\/\/streetmarkets.fr\/app\/wp-json\/wp\/v2\/product_brand?post=3433613"},{"taxonomy":"product_cat","embeddable":true,"href":"https:\/\/streetmarkets.fr\/app\/wp-json\/wp\/v2\/product_cat?post=3433613"},{"taxonomy":"product_tag","embeddable":true,"href":"https:\/\/streetmarkets.fr\/app\/wp-json\/wp\/v2\/product_tag?post=3433613"}],"curies":[{"name":"wp","href":"https:\/\/api.w.org\/{rel}","templated":true}]}}