{"id":3433394,"date":"2026-01-20T02:02:34","date_gmt":"2026-01-20T01:02:34","guid":{"rendered":"https:\/\/streetmarkets.fr\/app\/produit\/pioggerella-earrings-261-w-multicolor\/"},"modified":"2026-05-15T02:37:44","modified_gmt":"2026-05-15T00:37:44","slug":"pioggerella-earrings-261-w-multicolor","status":"publish","type":"product","link":"https:\/\/streetmarkets.fr\/app\/produit\/pioggerella-earrings-261-w-multicolor\/","title":{"rendered":"Boucles d&#8217;oreilles Pioggerella (261 \/ W \/ MULTICOLOR)"},"content":{"rendered":"<p>Les boucles d&#8217;oreilles Pioggerella d&#8217;Untitledition sont orn\u00e9es de perles d&#8217;eau douce et de perles de corail rouge, mont\u00e9es sur des crochets en argent 925 plaqu\u00e9 or.<\/p>\n<ul>\n<li>Pour oreilles perc\u00e9es<\/li>\n<li>Boucles d&#8217;oreilles vendues par paire<\/li>\n<li>Longueur\u00a0: 4 cm<\/li>\n<li>Style\u00a0: OR#PIOGGERELLA<\/li>\n<li>Couleur\u00a0: Perle<\/li>\n<\/ul>\n","protected":false},"excerpt":{"rendered":"<p>Les boucles d&#8217;oreilles Pioggerella d&#8217;Untitledition sont orn\u00e9es de perles d&#8217;eau douce et de perles de corail rouge, mont\u00e9es sur des crochets en argent 925 plaqu\u00e9 or. Pour oreilles perc\u00e9es Boucles d&#8217;oreilles vendues par paire Longueur\u00a0: 4 cm Style\u00a0: OR#PIOGGERELLA Couleur\u00a0: Perle<\/p>\n","protected":false},"featured_media":4139490,"comment_status":"open","ping_status":"closed","template":"","meta":[],"product_brand":[],"product_cat":[],"product_tag":[],"acf":[],"_links":{"self":[{"href":"https:\/\/streetmarkets.fr\/app\/wp-json\/wp\/v2\/product\/3433394"}],"collection":[{"href":"https:\/\/streetmarkets.fr\/app\/wp-json\/wp\/v2\/product"}],"about":[{"href":"https:\/\/streetmarkets.fr\/app\/wp-json\/wp\/v2\/types\/product"}],"replies":[{"embeddable":true,"href":"https:\/\/streetmarkets.fr\/app\/wp-json\/wp\/v2\/comments?post=3433394"}],"wp:featuredmedia":[{"embeddable":true,"href":"https:\/\/streetmarkets.fr\/app\/wp-json\/wp\/v2\/media\/4139490"}],"wp:attachment":[{"href":"https:\/\/streetmarkets.fr\/app\/wp-json\/wp\/v2\/media?parent=3433394"}],"wp:term":[{"taxonomy":"product_brand","embeddable":true,"href":"https:\/\/streetmarkets.fr\/app\/wp-json\/wp\/v2\/product_brand?post=3433394"},{"taxonomy":"product_cat","embeddable":true,"href":"https:\/\/streetmarkets.fr\/app\/wp-json\/wp\/v2\/product_cat?post=3433394"},{"taxonomy":"product_tag","embeddable":true,"href":"https:\/\/streetmarkets.fr\/app\/wp-json\/wp\/v2\/product_tag?post=3433394"}],"curies":[{"name":"wp","href":"https:\/\/api.w.org\/{rel}","templated":true}]}}