{"id":3426907,"date":"2026-01-19T05:51:46","date_gmt":"2026-01-19T04:51:46","guid":{"rendered":"https:\/\/streetmarkets.fr\/app\/produit\/echarpe-232216\/"},"modified":"2026-03-16T05:50:44","modified_gmt":"2026-03-16T04:50:44","slug":"echarpe-232216","status":"publish","type":"product","link":"https:\/\/streetmarkets.fr\/app\/produit\/echarpe-232216\/","title":{"rendered":"Echarpe 232216"},"content":{"rendered":"<p data-end=\"595\" data-start=\"235\">L\u2019<strong data-end=\"255\" data-start=\"237\">\u00e9charpe 232216<\/strong> de Gierre Milano se distingue par son <strong data-end=\"337\" data-start=\"294\">motif g\u00e9om\u00e9trique d\u2019inspiration azt\u00e8que<\/strong>, apportant caract\u00e8re et originalit\u00e9 \u00e0 un accessoire \u00e9l\u00e9gant et facile \u00e0 porter. Confectionn\u00e9e en <strong data-end=\"450\" data-start=\"435\">100 % laine<\/strong>, elle offre une <strong data-end=\"487\" data-start=\"467\">finesse agr\u00e9able<\/strong>, un toucher naturel et une chaleur confortable, id\u00e9ale pour la saison froide sans alourdir la silhouette.<\/p>\n<p data-end=\"993\" data-start=\"597\">Son dessin graphique soigneusement \u00e9quilibr\u00e9 permet de dynamiser une tenue tout en conservant une allure raffin\u00e9e. D\u00e9clin\u00e9e en <strong data-end=\"755\" data-start=\"724\">trois variantes de couleurs<\/strong>, elle s\u2019adapte \u00e0 diff\u00e9rents styles :<\/p>\n<ul>\n<li data-end=\"993\" data-start=\"597\">\n<strong data-end=\"810\" data-start=\"797\">232216-01<\/strong>, \u00e0 <strong data-end=\"838\" data-start=\"814\">dominante vert clair<\/strong>, douce et lumineuse\n<\/li>\n<li data-end=\"993\" data-start=\"597\">\n<strong data-end=\"876\" data-start=\"863\">232216-02<\/strong>, \u00e0 <strong data-end=\"898\" data-start=\"880\">dominante rose<\/strong>, moderne et \u00e9l\u00e9gante<\/li>\n<li data-end=\"993\" data-start=\"597\">\n<strong data-end=\"937\" data-start=\"924\">232216-03<\/strong>, \u00e0 <strong data-end=\"965\" data-start=\"941\">dominante bleu clair<\/strong>, fra\u00eeche et contemporaine<\/li>\n<\/ul>\n<p data-end=\"1244\" data-start=\"995\">Facile \u00e0 nouer et fluide autour du cou, cette \u00e9charpe accompagne aussi bien un manteau habill\u00e9 qu\u2019une veste plus casual. Une pi\u00e8ce d\u2019accent forte mais ma\u00eetris\u00e9e, fid\u00e8le au savoir-faire italien de Gierre Milano et \u00e0 l\u2019esprit de la s\u00e9lection Harold.<\/p>\n","protected":false},"excerpt":{"rendered":"<p>L\u2019\u00e9charpe 232216 de Gierre Milano se distingue par son motif g\u00e9om\u00e9trique d\u2019inspiration azt\u00e8que, apportant caract\u00e8re et originalit\u00e9 \u00e0 un accessoire \u00e9l\u00e9gant et facile \u00e0 porter. Confectionn\u00e9e en 100 % laine, elle offre une finesse agr\u00e9able, un toucher naturel et une chaleur confortable, id\u00e9ale pour la saison froide sans alourdir la silhouette. Son dessin graphique soigneusement [&hellip;]<\/p>\n","protected":false},"featured_media":3426908,"comment_status":"open","ping_status":"closed","template":"","meta":[],"product_brand":[],"product_cat":[],"product_tag":[],"acf":[],"_links":{"self":[{"href":"https:\/\/streetmarkets.fr\/app\/wp-json\/wp\/v2\/product\/3426907"}],"collection":[{"href":"https:\/\/streetmarkets.fr\/app\/wp-json\/wp\/v2\/product"}],"about":[{"href":"https:\/\/streetmarkets.fr\/app\/wp-json\/wp\/v2\/types\/product"}],"replies":[{"embeddable":true,"href":"https:\/\/streetmarkets.fr\/app\/wp-json\/wp\/v2\/comments?post=3426907"}],"wp:featuredmedia":[{"embeddable":true,"href":"https:\/\/streetmarkets.fr\/app\/wp-json\/wp\/v2\/media\/3426908"}],"wp:attachment":[{"href":"https:\/\/streetmarkets.fr\/app\/wp-json\/wp\/v2\/media?parent=3426907"}],"wp:term":[{"taxonomy":"product_brand","embeddable":true,"href":"https:\/\/streetmarkets.fr\/app\/wp-json\/wp\/v2\/product_brand?post=3426907"},{"taxonomy":"product_cat","embeddable":true,"href":"https:\/\/streetmarkets.fr\/app\/wp-json\/wp\/v2\/product_cat?post=3426907"},{"taxonomy":"product_tag","embeddable":true,"href":"https:\/\/streetmarkets.fr\/app\/wp-json\/wp\/v2\/product_tag?post=3426907"}],"curies":[{"name":"wp","href":"https:\/\/api.w.org\/{rel}","templated":true}]}}