{"id":3418621,"date":"2026-01-18T04:49:58","date_gmt":"2026-01-18T03:49:58","guid":{"rendered":"https:\/\/streetmarkets.fr\/app\/produit\/xp-bali-temples-huggie-10-solo-croix-gothique-dore\/"},"modified":"2026-01-27T04:47:40","modified_gmt":"2026-01-27T03:47:40","slug":"xp-bali-temples-huggie-10-solo-croix-gothique-dore","status":"publish","type":"product","link":"https:\/\/streetmarkets.fr\/app\/produit\/xp-bali-temples-huggie-10-solo-croix-gothique-dore\/","title":{"rendered":"XP | Bali Temples Huggie 10 solo Croix gothique dore"},"content":{"rendered":"<p>Huggie 10mm &#8216;Croix Gothique&#8217; en plaqu\u00e9 or de la marque Parisienne Bali Temples Jewellery.<\/p>\n<p>[Vendu \u00e0 l&#8217;unit\u00e9 | Sold as a single earring]<br \/>[Diam : 10 mm]<br \/>[Laiton plaqu\u00e9 or \/ Gold-plated brass]<\/p>\n","protected":false},"excerpt":{"rendered":"<p>Huggie 10mm &#8216;Croix Gothique&#8217; en plaqu\u00e9 or de la marque Parisienne Bali Temples Jewellery. [Vendu \u00e0 l&#8217;unit\u00e9 | Sold as a single earring][Diam : 10 mm][Laiton plaqu\u00e9 or \/ Gold-plated brass]<\/p>\n","protected":false},"featured_media":3418622,"comment_status":"open","ping_status":"closed","template":"","meta":[],"product_brand":[],"product_cat":[],"product_tag":[],"acf":[],"_links":{"self":[{"href":"https:\/\/streetmarkets.fr\/app\/wp-json\/wp\/v2\/product\/3418621"}],"collection":[{"href":"https:\/\/streetmarkets.fr\/app\/wp-json\/wp\/v2\/product"}],"about":[{"href":"https:\/\/streetmarkets.fr\/app\/wp-json\/wp\/v2\/types\/product"}],"replies":[{"embeddable":true,"href":"https:\/\/streetmarkets.fr\/app\/wp-json\/wp\/v2\/comments?post=3418621"}],"wp:featuredmedia":[{"embeddable":true,"href":"https:\/\/streetmarkets.fr\/app\/wp-json\/wp\/v2\/media\/3418622"}],"wp:attachment":[{"href":"https:\/\/streetmarkets.fr\/app\/wp-json\/wp\/v2\/media?parent=3418621"}],"wp:term":[{"taxonomy":"product_brand","embeddable":true,"href":"https:\/\/streetmarkets.fr\/app\/wp-json\/wp\/v2\/product_brand?post=3418621"},{"taxonomy":"product_cat","embeddable":true,"href":"https:\/\/streetmarkets.fr\/app\/wp-json\/wp\/v2\/product_cat?post=3418621"},{"taxonomy":"product_tag","embeddable":true,"href":"https:\/\/streetmarkets.fr\/app\/wp-json\/wp\/v2\/product_tag?post=3418621"}],"curies":[{"name":"wp","href":"https:\/\/api.w.org\/{rel}","templated":true}]}}