{"id":3404980,"date":"2026-01-17T01:08:30","date_gmt":"2026-01-17T00:08:30","guid":{"rendered":"https:\/\/streetmarkets.fr\/app\/produit\/nouveau-mother-jean-the-popsicle-sneak-snacks-munchies-precommande\/"},"modified":"2026-05-06T02:05:21","modified_gmt":"2026-05-06T00:05:21","slug":"nouveau-mother-jean-the-popsicle-sneak-snacks-munchies-precommande","status":"publish","type":"product","link":"https:\/\/streetmarkets.fr\/app\/produit\/nouveau-mother-jean-the-popsicle-sneak-snacks-munchies-precommande\/","title":{"rendered":"Nouveau ! MOTHER Jean The Popsicle Sneak Snacks Munchies"},"content":{"rendered":"<p data-rte-preserve-empty=\"true\">Le jean The Popsicle Sneak Snacks dans le wash Munchies, coupe taille basse, z\u00e9ro stretch tout coton pr\u00e9mium, jambe flare et ultra souple. <\/p>\n<p data-rte-preserve-empty=\"true\">D\u00e9tail : 41% coton recycl\u00e9, 41% lyocel, 18% coton <\/p>\n<p data-rte-preserve-empty=\"true\">\n","protected":false},"excerpt":{"rendered":"<p>Le jean The Popsicle Sneak Snacks dans le wash Munchies, coupe taille basse, z\u00e9ro stretch tout coton pr\u00e9mium, jambe flare et ultra souple. D\u00e9tail : 41% coton recycl\u00e9, 41% lyocel, 18% coton<\/p>\n","protected":false},"featured_media":3404981,"comment_status":"open","ping_status":"closed","template":"","meta":[],"product_brand":[],"product_cat":[],"product_tag":[],"acf":[],"_links":{"self":[{"href":"https:\/\/streetmarkets.fr\/app\/wp-json\/wp\/v2\/product\/3404980"}],"collection":[{"href":"https:\/\/streetmarkets.fr\/app\/wp-json\/wp\/v2\/product"}],"about":[{"href":"https:\/\/streetmarkets.fr\/app\/wp-json\/wp\/v2\/types\/product"}],"replies":[{"embeddable":true,"href":"https:\/\/streetmarkets.fr\/app\/wp-json\/wp\/v2\/comments?post=3404980"}],"wp:featuredmedia":[{"embeddable":true,"href":"https:\/\/streetmarkets.fr\/app\/wp-json\/wp\/v2\/media\/3404981"}],"wp:attachment":[{"href":"https:\/\/streetmarkets.fr\/app\/wp-json\/wp\/v2\/media?parent=3404980"}],"wp:term":[{"taxonomy":"product_brand","embeddable":true,"href":"https:\/\/streetmarkets.fr\/app\/wp-json\/wp\/v2\/product_brand?post=3404980"},{"taxonomy":"product_cat","embeddable":true,"href":"https:\/\/streetmarkets.fr\/app\/wp-json\/wp\/v2\/product_cat?post=3404980"},{"taxonomy":"product_tag","embeddable":true,"href":"https:\/\/streetmarkets.fr\/app\/wp-json\/wp\/v2\/product_tag?post=3404980"}],"curies":[{"name":"wp","href":"https:\/\/api.w.org\/{rel}","templated":true}]}}