{"id":3404900,"date":"2026-01-17T01:07:54","date_gmt":"2026-01-17T00:07:54","guid":{"rendered":"https:\/\/streetmarkets.fr\/app\/produit\/nouveau-masscob-blouse-sagra-rose-precommande\/"},"modified":"2026-05-06T02:04:39","modified_gmt":"2026-05-06T00:04:39","slug":"nouveau-masscob-blouse-sagra-rose-precommande","status":"publish","type":"product","link":"https:\/\/streetmarkets.fr\/app\/produit\/nouveau-masscob-blouse-sagra-rose-precommande\/","title":{"rendered":"Nouveau ! MASSCOB Blouse Sagra Rose"},"content":{"rendered":"<p data-rte-preserve-empty=\"true\">Blouse en gaze de coton, encolure arrondie et petit col, coupe ample, manches 3\/4, emmanchure large, boutonn\u00e9e sur toute la hauteur devant, \u00e9galement disponible dans <a href=\"\/shop\/p\/d7tyld9rfyww98c-5h29t-7rws3-zmj2f-l8amf-rsbj9-cpne3-mzjll-dze6c-sceea-bwyrs-h5dnk-dk4dm-p3ekp-t2esz-k3mtd-cs49p-gckwn-kfk8t-9b2zt-yxtzt-zkn4w-wyk2z\">la couleur Citrus,<\/a> douce et l\u00e9g\u00e8re. <\/p>\n<p data-rte-preserve-empty=\"true\">D\u00e9tail : 100% coton <\/p>\n","protected":false},"excerpt":{"rendered":"<p>Blouse en gaze de coton, encolure arrondie et petit col, coupe ample, manches 3\/4, emmanchure large, boutonn\u00e9e sur toute la hauteur devant, \u00e9galement disponible dans la couleur Citrus, douce et l\u00e9g\u00e8re. D\u00e9tail : 100% coton<\/p>\n","protected":false},"featured_media":3404901,"comment_status":"open","ping_status":"closed","template":"","meta":[],"product_brand":[],"product_cat":[],"product_tag":[],"acf":[],"_links":{"self":[{"href":"https:\/\/streetmarkets.fr\/app\/wp-json\/wp\/v2\/product\/3404900"}],"collection":[{"href":"https:\/\/streetmarkets.fr\/app\/wp-json\/wp\/v2\/product"}],"about":[{"href":"https:\/\/streetmarkets.fr\/app\/wp-json\/wp\/v2\/types\/product"}],"replies":[{"embeddable":true,"href":"https:\/\/streetmarkets.fr\/app\/wp-json\/wp\/v2\/comments?post=3404900"}],"wp:featuredmedia":[{"embeddable":true,"href":"https:\/\/streetmarkets.fr\/app\/wp-json\/wp\/v2\/media\/3404901"}],"wp:attachment":[{"href":"https:\/\/streetmarkets.fr\/app\/wp-json\/wp\/v2\/media?parent=3404900"}],"wp:term":[{"taxonomy":"product_brand","embeddable":true,"href":"https:\/\/streetmarkets.fr\/app\/wp-json\/wp\/v2\/product_brand?post=3404900"},{"taxonomy":"product_cat","embeddable":true,"href":"https:\/\/streetmarkets.fr\/app\/wp-json\/wp\/v2\/product_cat?post=3404900"},{"taxonomy":"product_tag","embeddable":true,"href":"https:\/\/streetmarkets.fr\/app\/wp-json\/wp\/v2\/product_tag?post=3404900"}],"curies":[{"name":"wp","href":"https:\/\/api.w.org\/{rel}","templated":true}]}}