{"id":3398245,"date":"2026-01-16T00:57:07","date_gmt":"2026-01-15T23:57:07","guid":{"rendered":"https:\/\/streetmarkets.fr\/app\/produit\/jupe-mini-s26-femme-wild-rose-heat\/"},"modified":"2026-05-10T01:55:19","modified_gmt":"2026-05-09T23:55:19","slug":"jupe-mini-s26-femme-wild-rose-heat","status":"publish","type":"product","link":"https:\/\/streetmarkets.fr\/app\/produit\/jupe-mini-s26-femme-wild-rose-heat\/","title":{"rendered":"Jupe Mini (S26\/ FEMME\/ Wild Rose Heat)"},"content":{"rendered":"<p>Tout en \u00e9l\u00e9gance, cette jupe courte en satin de soie se pare d&#8217;un imprim\u00e9 fleuri. \u00c9lastiqu\u00e9e \u00e0 la taille, elle offre un tomb\u00e9 fluide et \u00e9vas\u00e9. Pi\u00e8ce indispensable du vestiaire f\u00e9minin, elle s&#8217;associe \u00e0 un top caraco ou une chemise nou\u00e9e. <\/p>\n<p>&#8211; Jupe courte en satin de soie Femme<br \/>\n<br \/>&#8211; Imprim\u00e9 fleuri<br \/>\n<br \/>&#8211; Taille \u00e9lastiqu\u00e9e<br \/>\n<br \/>&#8211; \u00c9vas\u00e9e<br \/>\n<br \/>&#8211; Coupe regular<\/p>\n","protected":false},"excerpt":{"rendered":"<p>Tout en \u00e9l\u00e9gance, cette jupe courte en satin de soie se pare d&#8217;un imprim\u00e9 fleuri. \u00c9lastiqu\u00e9e \u00e0 la taille, elle offre un tomb\u00e9 fluide et \u00e9vas\u00e9. Pi\u00e8ce indispensable du vestiaire f\u00e9minin, elle s&#8217;associe \u00e0 un top caraco ou une chemise nou\u00e9e. &#8211; Jupe courte en satin de soie Femme &#8211; Imprim\u00e9 fleuri &#8211; Taille \u00e9lastiqu\u00e9e [&hellip;]<\/p>\n","protected":false},"featured_media":3398246,"comment_status":"open","ping_status":"closed","template":"","meta":[],"product_brand":[6868],"product_cat":[],"product_tag":[],"acf":[],"_links":{"self":[{"href":"https:\/\/streetmarkets.fr\/app\/wp-json\/wp\/v2\/product\/3398245"}],"collection":[{"href":"https:\/\/streetmarkets.fr\/app\/wp-json\/wp\/v2\/product"}],"about":[{"href":"https:\/\/streetmarkets.fr\/app\/wp-json\/wp\/v2\/types\/product"}],"replies":[{"embeddable":true,"href":"https:\/\/streetmarkets.fr\/app\/wp-json\/wp\/v2\/comments?post=3398245"}],"wp:featuredmedia":[{"embeddable":true,"href":"https:\/\/streetmarkets.fr\/app\/wp-json\/wp\/v2\/media\/3398246"}],"wp:attachment":[{"href":"https:\/\/streetmarkets.fr\/app\/wp-json\/wp\/v2\/media?parent=3398245"}],"wp:term":[{"taxonomy":"product_brand","embeddable":true,"href":"https:\/\/streetmarkets.fr\/app\/wp-json\/wp\/v2\/product_brand?post=3398245"},{"taxonomy":"product_cat","embeddable":true,"href":"https:\/\/streetmarkets.fr\/app\/wp-json\/wp\/v2\/product_cat?post=3398245"},{"taxonomy":"product_tag","embeddable":true,"href":"https:\/\/streetmarkets.fr\/app\/wp-json\/wp\/v2\/product_tag?post=3398245"}],"curies":[{"name":"wp","href":"https:\/\/api.w.org\/{rel}","templated":true}]}}