{"id":3398208,"date":"2026-01-16T00:57:00","date_gmt":"2026-01-15T23:57:00","guid":{"rendered":"https:\/\/streetmarkets.fr\/app\/produit\/chemise-manches-longues-s26-femme-chocolat\/"},"modified":"2026-05-11T01:54:31","modified_gmt":"2026-05-10T23:54:31","slug":"chemise-manches-longues-s26-femme-chocolat","status":"publish","type":"product","link":"https:\/\/streetmarkets.fr\/app\/produit\/chemise-manches-longues-s26-femme-chocolat\/","title":{"rendered":"Chemise Manches Longues (S26\/ FEMME\/ Chocolat)"},"content":{"rendered":"<p>Mati\u00e8re soyeuse et couleur vibrante : cette chemise courte apporte une touche de fra\u00eecheur \u00e0 votre silhouette de saison. Munie d&#8217;une fermeture boutonn\u00e9e et de manches longues, elle se noue \u00e0 l&#8217;avant. Compl\u00e9tez votre look avec une jupe fluide. <\/p>\n<p>&#8211; Chemise en satin de soie Femme<br \/>\n<br \/>&#8211; Col chemise<br \/>\n<br \/>&#8211; Boutonn\u00e9e<br \/>\n<br \/>&#8211; Nou\u00e9e<br \/>\n<br \/>&#8211; Manches longues<br \/>\n<br \/>&#8211; Coupe regular<\/p>\n","protected":false},"excerpt":{"rendered":"<p>Mati\u00e8re soyeuse et couleur vibrante : cette chemise courte apporte une touche de fra\u00eecheur \u00e0 votre silhouette de saison. Munie d&#8217;une fermeture boutonn\u00e9e et de manches longues, elle se noue \u00e0 l&#8217;avant. Compl\u00e9tez votre look avec une jupe fluide. &#8211; Chemise en satin de soie Femme &#8211; Col chemise &#8211; Boutonn\u00e9e &#8211; Nou\u00e9e &#8211; Manches [&hellip;]<\/p>\n","protected":false},"featured_media":3398209,"comment_status":"open","ping_status":"closed","template":"","meta":[],"product_brand":[6868],"product_cat":[],"product_tag":[],"acf":[],"_links":{"self":[{"href":"https:\/\/streetmarkets.fr\/app\/wp-json\/wp\/v2\/product\/3398208"}],"collection":[{"href":"https:\/\/streetmarkets.fr\/app\/wp-json\/wp\/v2\/product"}],"about":[{"href":"https:\/\/streetmarkets.fr\/app\/wp-json\/wp\/v2\/types\/product"}],"replies":[{"embeddable":true,"href":"https:\/\/streetmarkets.fr\/app\/wp-json\/wp\/v2\/comments?post=3398208"}],"wp:featuredmedia":[{"embeddable":true,"href":"https:\/\/streetmarkets.fr\/app\/wp-json\/wp\/v2\/media\/3398209"}],"wp:attachment":[{"href":"https:\/\/streetmarkets.fr\/app\/wp-json\/wp\/v2\/media?parent=3398208"}],"wp:term":[{"taxonomy":"product_brand","embeddable":true,"href":"https:\/\/streetmarkets.fr\/app\/wp-json\/wp\/v2\/product_brand?post=3398208"},{"taxonomy":"product_cat","embeddable":true,"href":"https:\/\/streetmarkets.fr\/app\/wp-json\/wp\/v2\/product_cat?post=3398208"},{"taxonomy":"product_tag","embeddable":true,"href":"https:\/\/streetmarkets.fr\/app\/wp-json\/wp\/v2\/product_tag?post=3398208"}],"curies":[{"name":"wp","href":"https:\/\/api.w.org\/{rel}","templated":true}]}}