{"id":3398098,"date":"2026-01-16T00:56:39","date_gmt":"2026-01-15T23:56:39","guid":{"rendered":"https:\/\/streetmarkets.fr\/app\/produit\/top-col-v-boutons-etoiles-s26-femme-star-yellow\/"},"modified":"2026-05-16T01:56:41","modified_gmt":"2026-05-15T23:56:41","slug":"top-col-v-boutons-etoiles-s26-femme-star-yellow","status":"publish","type":"product","link":"https:\/\/streetmarkets.fr\/app\/produit\/top-col-v-boutons-etoiles-s26-femme-star-yellow\/","title":{"rendered":"Top Col V Boutons \u00c9toiles Strass (S26\/ FEMME\/ Star Yellow \/ RWS)"},"content":{"rendered":"<p>Confectionn\u00e9 en 100% Laine M\u00e9rinos Extrafine, ce top pr\u00e9sente une coupe slim flatteuse et un \u00e9l\u00e9gant Col V. Il se distingue par ses trois boutons d\u00e9coratifs en forme d&#8217;\u00e9toile.<\/p>\n<p>&#8211; Top manches longues pour femme <br \/>&#8211; Col V <br \/>&#8211; Fermeture d\u00e9corative par 3 boutons \u00e9toile en strass<br \/>&#8211; Coupe slim <br \/>&#8211; Laine M\u00e9rinos Extrafine 2 fils certifi\u00e9e RWS <br \/>&#8211; Laine m\u00e9rinos extra fine d&#8217;Australie : respirante et thermor\u00e9gulatrice, elle peut \u00eatre port\u00e9e \u00e9t\u00e9 comme hiver.<\/p>\n","protected":false},"excerpt":{"rendered":"<p>Confectionn\u00e9 en 100% Laine M\u00e9rinos Extrafine, ce top pr\u00e9sente une coupe slim flatteuse et un \u00e9l\u00e9gant Col V. Il se distingue par ses trois boutons d\u00e9coratifs en forme d&#8217;\u00e9toile. &#8211; Top manches longues pour femme &#8211; Col V &#8211; Fermeture d\u00e9corative par 3 boutons \u00e9toile en strass&#8211; Coupe slim &#8211; Laine M\u00e9rinos Extrafine 2 fils [&hellip;]<\/p>\n","protected":false},"featured_media":3398099,"comment_status":"open","ping_status":"closed","template":"","meta":[],"product_brand":[6868],"product_cat":[],"product_tag":[],"acf":[],"_links":{"self":[{"href":"https:\/\/streetmarkets.fr\/app\/wp-json\/wp\/v2\/product\/3398098"}],"collection":[{"href":"https:\/\/streetmarkets.fr\/app\/wp-json\/wp\/v2\/product"}],"about":[{"href":"https:\/\/streetmarkets.fr\/app\/wp-json\/wp\/v2\/types\/product"}],"replies":[{"embeddable":true,"href":"https:\/\/streetmarkets.fr\/app\/wp-json\/wp\/v2\/comments?post=3398098"}],"wp:featuredmedia":[{"embeddable":true,"href":"https:\/\/streetmarkets.fr\/app\/wp-json\/wp\/v2\/media\/3398099"}],"wp:attachment":[{"href":"https:\/\/streetmarkets.fr\/app\/wp-json\/wp\/v2\/media?parent=3398098"}],"wp:term":[{"taxonomy":"product_brand","embeddable":true,"href":"https:\/\/streetmarkets.fr\/app\/wp-json\/wp\/v2\/product_brand?post=3398098"},{"taxonomy":"product_cat","embeddable":true,"href":"https:\/\/streetmarkets.fr\/app\/wp-json\/wp\/v2\/product_cat?post=3398098"},{"taxonomy":"product_tag","embeddable":true,"href":"https:\/\/streetmarkets.fr\/app\/wp-json\/wp\/v2\/product_tag?post=3398098"}],"curies":[{"name":"wp","href":"https:\/\/api.w.org\/{rel}","templated":true}]}}