{"id":3398080,"date":"2026-01-16T00:56:38","date_gmt":"2026-01-15T23:56:38","guid":{"rendered":"https:\/\/streetmarkets.fr\/app\/produit\/robe-longue-bretelles-dos-nu-s26-femme-wild-rose-heat\/"},"modified":"2026-05-12T01:53:33","modified_gmt":"2026-05-11T23:53:33","slug":"robe-longue-bretelles-dos-nu-s26-femme-wild-rose-heat","status":"publish","type":"product","link":"https:\/\/streetmarkets.fr\/app\/produit\/robe-longue-bretelles-dos-nu-s26-femme-wild-rose-heat\/","title":{"rendered":"Robe Longue Bretelles Dos Nu (S26\/ FEMME\/ Wild Rose Heat)"},"content":{"rendered":"<p>Confectionn\u00e9e en 100% Soie pour un tomb\u00e9 fluide et luxueux, cette pi\u00e8ce est sublim\u00e9e par son dos nu spectaculaire et son imprim\u00e9 rose audacieux. Une coupe slim longue qui garantit une allure sophistiqu\u00e9e.<\/p>\n<p>&#8211; Robe longue \u00e0 fines bretelles pour femme <br \/>&#8211; Imprim\u00e9 floral rose int\u00e9gral <br \/>&#8211; Dos nu vertigineux <br \/>&#8211; Mati\u00e8re : 100% Soie (Satin de soie) <br \/>&#8211; Coupe slim<\/p>\n","protected":false},"excerpt":{"rendered":"<p>Confectionn\u00e9e en 100% Soie pour un tomb\u00e9 fluide et luxueux, cette pi\u00e8ce est sublim\u00e9e par son dos nu spectaculaire et son imprim\u00e9 rose audacieux. Une coupe slim longue qui garantit une allure sophistiqu\u00e9e. &#8211; Robe longue \u00e0 fines bretelles pour femme &#8211; Imprim\u00e9 floral rose int\u00e9gral &#8211; Dos nu vertigineux &#8211; Mati\u00e8re : 100% Soie [&hellip;]<\/p>\n","protected":false},"featured_media":3398081,"comment_status":"open","ping_status":"closed","template":"","meta":[],"product_brand":[6868],"product_cat":[],"product_tag":[],"acf":[],"_links":{"self":[{"href":"https:\/\/streetmarkets.fr\/app\/wp-json\/wp\/v2\/product\/3398080"}],"collection":[{"href":"https:\/\/streetmarkets.fr\/app\/wp-json\/wp\/v2\/product"}],"about":[{"href":"https:\/\/streetmarkets.fr\/app\/wp-json\/wp\/v2\/types\/product"}],"replies":[{"embeddable":true,"href":"https:\/\/streetmarkets.fr\/app\/wp-json\/wp\/v2\/comments?post=3398080"}],"wp:featuredmedia":[{"embeddable":true,"href":"https:\/\/streetmarkets.fr\/app\/wp-json\/wp\/v2\/media\/3398081"}],"wp:attachment":[{"href":"https:\/\/streetmarkets.fr\/app\/wp-json\/wp\/v2\/media?parent=3398080"}],"wp:term":[{"taxonomy":"product_brand","embeddable":true,"href":"https:\/\/streetmarkets.fr\/app\/wp-json\/wp\/v2\/product_brand?post=3398080"},{"taxonomy":"product_cat","embeddable":true,"href":"https:\/\/streetmarkets.fr\/app\/wp-json\/wp\/v2\/product_cat?post=3398080"},{"taxonomy":"product_tag","embeddable":true,"href":"https:\/\/streetmarkets.fr\/app\/wp-json\/wp\/v2\/product_tag?post=3398080"}],"curies":[{"name":"wp","href":"https:\/\/api.w.org\/{rel}","templated":true}]}}