{"id":3398049,"date":"2026-01-16T00:56:35","date_gmt":"2026-01-15T23:56:35","guid":{"rendered":"https:\/\/streetmarkets.fr\/app\/produit\/robe-courte-manches-longues-col-bardot-s26-femme-noir\/"},"modified":"2026-04-10T01:56:23","modified_gmt":"2026-04-09T23:56:23","slug":"robe-courte-manches-longues-col-bardot-s26-femme-noir","status":"publish","type":"product","link":"https:\/\/streetmarkets.fr\/app\/produit\/robe-courte-manches-longues-col-bardot-s26-femme-noir\/","title":{"rendered":"Robe Courte Manches Longues Col Bardot (S26\/ FEMME\/ Noir \/ RWS)"},"content":{"rendered":"<p>La robe parfaite pour une silhouette sophistiqu\u00e9e. Confectionn\u00e9e en 100% Laine M\u00e9rinos Extrafine, elle offre une maille c\u00f4tel\u00e9e tr\u00e8s \u00e9l\u00e9gante. Sa coupe slim et son col Bardot d\u00e9gagent les \u00e9paules pour un look chic et f\u00e9minin.<\/p>\n<p>&#8211; Robe courte manches longues pour femme <br \/>&#8211; Col Bardot <br \/>&#8211; Maille c\u00f4tel\u00e9e <br \/>&#8211; Coupe slim <br \/>&#8211; Laine M\u00e9rinos Extrafine 4 fils certifi\u00e9e RWS <br \/>&#8211; Laine m\u00e9rinos extra fine d&#8217;Australie : respirante et thermor\u00e9gulatrice, elle peut \u00eatre port\u00e9e \u00e9t\u00e9 comme hiver.<\/p>\n","protected":false},"excerpt":{"rendered":"<p>La robe parfaite pour une silhouette sophistiqu\u00e9e. Confectionn\u00e9e en 100% Laine M\u00e9rinos Extrafine, elle offre une maille c\u00f4tel\u00e9e tr\u00e8s \u00e9l\u00e9gante. Sa coupe slim et son col Bardot d\u00e9gagent les \u00e9paules pour un look chic et f\u00e9minin. &#8211; Robe courte manches longues pour femme &#8211; Col Bardot &#8211; Maille c\u00f4tel\u00e9e &#8211; Coupe slim &#8211; Laine M\u00e9rinos [&hellip;]<\/p>\n","protected":false},"featured_media":3398050,"comment_status":"open","ping_status":"closed","template":"","meta":[],"product_brand":[6868],"product_cat":[],"product_tag":[],"acf":[],"_links":{"self":[{"href":"https:\/\/streetmarkets.fr\/app\/wp-json\/wp\/v2\/product\/3398049"}],"collection":[{"href":"https:\/\/streetmarkets.fr\/app\/wp-json\/wp\/v2\/product"}],"about":[{"href":"https:\/\/streetmarkets.fr\/app\/wp-json\/wp\/v2\/types\/product"}],"replies":[{"embeddable":true,"href":"https:\/\/streetmarkets.fr\/app\/wp-json\/wp\/v2\/comments?post=3398049"}],"wp:featuredmedia":[{"embeddable":true,"href":"https:\/\/streetmarkets.fr\/app\/wp-json\/wp\/v2\/media\/3398050"}],"wp:attachment":[{"href":"https:\/\/streetmarkets.fr\/app\/wp-json\/wp\/v2\/media?parent=3398049"}],"wp:term":[{"taxonomy":"product_brand","embeddable":true,"href":"https:\/\/streetmarkets.fr\/app\/wp-json\/wp\/v2\/product_brand?post=3398049"},{"taxonomy":"product_cat","embeddable":true,"href":"https:\/\/streetmarkets.fr\/app\/wp-json\/wp\/v2\/product_cat?post=3398049"},{"taxonomy":"product_tag","embeddable":true,"href":"https:\/\/streetmarkets.fr\/app\/wp-json\/wp\/v2\/product_tag?post=3398049"}],"curies":[{"name":"wp","href":"https:\/\/api.w.org\/{rel}","templated":true}]}}