{"id":3398003,"date":"2026-01-16T00:56:31","date_gmt":"2026-01-15T23:56:31","guid":{"rendered":"https:\/\/streetmarkets.fr\/app\/produit\/pull-col-rond-s26-femme-candy-mouline\/"},"modified":"2026-05-08T01:56:28","modified_gmt":"2026-05-07T23:56:28","slug":"pull-col-rond-s26-femme-candy-mouline","status":"publish","type":"product","link":"https:\/\/streetmarkets.fr\/app\/produit\/pull-col-rond-s26-femme-candy-mouline\/","title":{"rendered":"Pull Col Rond (S26\/ FEMME\/ Candy Moulin\u00e9)"},"content":{"rendered":"<p>Le pull \u00e0 la texture riche et douce. Confectionn\u00e9 en Cachemire 4 fils, il est tricot\u00e9 en fil moulin\u00e9 pour un bel effet chin\u00e9 et textur\u00e9. Sa coupe oversize est modernis\u00e9e par des bandes de finitions tricot\u00e9es contrast\u00e9es au bas du corps et des manches, pour un look graphique et tendance.<\/p>\n<p>&#8211; Pull col rond pour femme <br \/>&#8211; Maille Moulin\u00e9e <br \/>&#8211; D\u00e9tails de finition tricot\u00e9s contrast\u00e9s au bas des manches et du corps <br \/>&#8211; Coupe oversize <br \/>&#8211; Cachemire 4 fils certifi\u00e9 GCS <br \/>&#8211; Le Good Cashmere Standard\u00ae (GCS) est une norme ind\u00e9pendante pour un cachemire plus durable et plus responsable. Il vise \u00e0 am\u00e9liorer le bien-\u00eatre des ch\u00e8vres cachemire, les conditions de travail des \u00e9leveurs ainsi qu&#8217;\u00e0 prot\u00e9ger l&#8217;environnement.<\/p>\n","protected":false},"excerpt":{"rendered":"<p>Le pull \u00e0 la texture riche et douce. Confectionn\u00e9 en Cachemire 4 fils, il est tricot\u00e9 en fil moulin\u00e9 pour un bel effet chin\u00e9 et textur\u00e9. Sa coupe oversize est modernis\u00e9e par des bandes de finitions tricot\u00e9es contrast\u00e9es au bas du corps et des manches, pour un look graphique et tendance. &#8211; Pull col rond [&hellip;]<\/p>\n","protected":false},"featured_media":3398004,"comment_status":"open","ping_status":"closed","template":"","meta":[],"product_brand":[6868],"product_cat":[],"product_tag":[],"acf":[],"_links":{"self":[{"href":"https:\/\/streetmarkets.fr\/app\/wp-json\/wp\/v2\/product\/3398003"}],"collection":[{"href":"https:\/\/streetmarkets.fr\/app\/wp-json\/wp\/v2\/product"}],"about":[{"href":"https:\/\/streetmarkets.fr\/app\/wp-json\/wp\/v2\/types\/product"}],"replies":[{"embeddable":true,"href":"https:\/\/streetmarkets.fr\/app\/wp-json\/wp\/v2\/comments?post=3398003"}],"wp:featuredmedia":[{"embeddable":true,"href":"https:\/\/streetmarkets.fr\/app\/wp-json\/wp\/v2\/media\/3398004"}],"wp:attachment":[{"href":"https:\/\/streetmarkets.fr\/app\/wp-json\/wp\/v2\/media?parent=3398003"}],"wp:term":[{"taxonomy":"product_brand","embeddable":true,"href":"https:\/\/streetmarkets.fr\/app\/wp-json\/wp\/v2\/product_brand?post=3398003"},{"taxonomy":"product_cat","embeddable":true,"href":"https:\/\/streetmarkets.fr\/app\/wp-json\/wp\/v2\/product_cat?post=3398003"},{"taxonomy":"product_tag","embeddable":true,"href":"https:\/\/streetmarkets.fr\/app\/wp-json\/wp\/v2\/product_tag?post=3398003"}],"curies":[{"name":"wp","href":"https:\/\/api.w.org\/{rel}","templated":true}]}}