{"id":3397820,"date":"2026-01-16T00:56:13","date_gmt":"2026-01-15T23:56:13","guid":{"rendered":"https:\/\/streetmarkets.fr\/app\/produit\/pull-col-rond-s26-homme-love-coral\/"},"modified":"2026-05-09T02:18:24","modified_gmt":"2026-05-09T00:18:24","slug":"pull-col-rond-s26-homme-love-coral","status":"publish","type":"product","link":"https:\/\/streetmarkets.fr\/app\/produit\/pull-col-rond-s26-homme-love-coral\/","title":{"rendered":"Pull Col Rond (S26\/ HOMME\/ Love Coral)"},"content":{"rendered":"<p>Confectionn\u00e9 en Cachemire 6 fils, ce pull offre une chaleur et une \u00e9paisseur remarquables. Sa couleur vibrante et sa coupe oversize en font une pi\u00e8ce forte, \u00e0 la fois confortable et tendance.<\/p>\n<p>&#8211; Pull col rond pour homme <br \/>&#8211; Coupe oversize <br \/>&#8211; Cachemire 6 fils certifi\u00e9 GCS <br \/>&#8211; Le Good Cashmere Standard\u00ae (GCS) est une norme ind\u00e9pendante pour un cachemire plus durable et plus responsable. Il vise \u00e0 am\u00e9liorer le bien-\u00eatre des ch\u00e8vres cachemire, les conditions de travail des \u00e9leveurs ainsi qu&#8217;\u00e0 prot\u00e9ger l&#8217;environnement.<\/p>\n","protected":false},"excerpt":{"rendered":"<p>Confectionn\u00e9 en Cachemire 6 fils, ce pull offre une chaleur et une \u00e9paisseur remarquables. Sa couleur vibrante et sa coupe oversize en font une pi\u00e8ce forte, \u00e0 la fois confortable et tendance. &#8211; Pull col rond pour homme &#8211; Coupe oversize &#8211; Cachemire 6 fils certifi\u00e9 GCS &#8211; Le Good Cashmere Standard\u00ae (GCS) est une [&hellip;]<\/p>\n","protected":false},"featured_media":3397821,"comment_status":"open","ping_status":"closed","template":"","meta":[],"product_brand":[6868],"product_cat":[],"product_tag":[],"acf":[],"_links":{"self":[{"href":"https:\/\/streetmarkets.fr\/app\/wp-json\/wp\/v2\/product\/3397820"}],"collection":[{"href":"https:\/\/streetmarkets.fr\/app\/wp-json\/wp\/v2\/product"}],"about":[{"href":"https:\/\/streetmarkets.fr\/app\/wp-json\/wp\/v2\/types\/product"}],"replies":[{"embeddable":true,"href":"https:\/\/streetmarkets.fr\/app\/wp-json\/wp\/v2\/comments?post=3397820"}],"wp:featuredmedia":[{"embeddable":true,"href":"https:\/\/streetmarkets.fr\/app\/wp-json\/wp\/v2\/media\/3397821"}],"wp:attachment":[{"href":"https:\/\/streetmarkets.fr\/app\/wp-json\/wp\/v2\/media?parent=3397820"}],"wp:term":[{"taxonomy":"product_brand","embeddable":true,"href":"https:\/\/streetmarkets.fr\/app\/wp-json\/wp\/v2\/product_brand?post=3397820"},{"taxonomy":"product_cat","embeddable":true,"href":"https:\/\/streetmarkets.fr\/app\/wp-json\/wp\/v2\/product_cat?post=3397820"},{"taxonomy":"product_tag","embeddable":true,"href":"https:\/\/streetmarkets.fr\/app\/wp-json\/wp\/v2\/product_tag?post=3397820"}],"curies":[{"name":"wp","href":"https:\/\/api.w.org\/{rel}","templated":true}]}}