{"id":3397777,"date":"2026-01-16T00:56:09","date_gmt":"2026-01-15T23:56:09","guid":{"rendered":"https:\/\/streetmarkets.fr\/app\/produit\/pull-gilet-col-montant-future-s26-homme-gris-chine-fonce\/"},"modified":"2026-05-16T01:57:29","modified_gmt":"2026-05-15T23:57:29","slug":"pull-gilet-col-montant-future-s26-homme-gris-chine-fonce","status":"publish","type":"product","link":"https:\/\/streetmarkets.fr\/app\/produit\/pull-gilet-col-montant-future-s26-homme-gris-chine-fonce\/","title":{"rendered":"Pull Gilet Col Montant &#8220;From Future&#8221; (S26\/ HOMME\/ Gris Chin\u00e9 Fonc\u00e9)"},"content":{"rendered":"<p>Ce gilet zipp\u00e9 est confectionn\u00e9 en pur cachemire, assurant une chaleur et une douceur exceptionnelles. Sa coupe classique et son col montant en font une pi\u00e8ce intemporelle, rehauss\u00e9e par la broderie signature &#8220;FROM FUTURE&#8221;.<\/p>\n<p>&#8211; Pull-Gilet zipp\u00e9 pour homme<br \/>\n<br \/>&#8211; Col montant<br \/>\n<br \/>&#8211; Broderie &#8220;FROM FUTURE&#8221; \u00e0 la poitrine<br \/>\n<br \/>&#8211; Fermeture par zip m\u00e9tallique<br \/>\n<br \/>&#8211; Coupe regular<br \/>\n<br \/>&#8211; Cachemire 4 fils certifi\u00e9 GCS<br \/>\n<br \/>&#8211; Le Good Cashmere Standard\u00ae (GCS) est une norme ind\u00e9pendante pour un cachemire plus durable et plus responsable. Il vise \u00e0 am\u00e9liorer le bien-\u00eatre des ch\u00e8vres cachemire, les conditions de travail des \u00e9leveurs ainsi qu&#8217;\u00e0 prot\u00e9ger l&#8217;environnement.<\/p>\n","protected":false},"excerpt":{"rendered":"<p>Ce gilet zipp\u00e9 est confectionn\u00e9 en pur cachemire, assurant une chaleur et une douceur exceptionnelles. Sa coupe classique et son col montant en font une pi\u00e8ce intemporelle, rehauss\u00e9e par la broderie signature &#8220;FROM FUTURE&#8221;. &#8211; Pull-Gilet zipp\u00e9 pour homme &#8211; Col montant &#8211; Broderie &#8220;FROM FUTURE&#8221; \u00e0 la poitrine &#8211; Fermeture par zip m\u00e9tallique &#8211; [&hellip;]<\/p>\n","protected":false},"featured_media":3397778,"comment_status":"open","ping_status":"closed","template":"","meta":[],"product_brand":[6868],"product_cat":[],"product_tag":[],"acf":[],"_links":{"self":[{"href":"https:\/\/streetmarkets.fr\/app\/wp-json\/wp\/v2\/product\/3397777"}],"collection":[{"href":"https:\/\/streetmarkets.fr\/app\/wp-json\/wp\/v2\/product"}],"about":[{"href":"https:\/\/streetmarkets.fr\/app\/wp-json\/wp\/v2\/types\/product"}],"replies":[{"embeddable":true,"href":"https:\/\/streetmarkets.fr\/app\/wp-json\/wp\/v2\/comments?post=3397777"}],"wp:featuredmedia":[{"embeddable":true,"href":"https:\/\/streetmarkets.fr\/app\/wp-json\/wp\/v2\/media\/3397778"}],"wp:attachment":[{"href":"https:\/\/streetmarkets.fr\/app\/wp-json\/wp\/v2\/media?parent=3397777"}],"wp:term":[{"taxonomy":"product_brand","embeddable":true,"href":"https:\/\/streetmarkets.fr\/app\/wp-json\/wp\/v2\/product_brand?post=3397777"},{"taxonomy":"product_cat","embeddable":true,"href":"https:\/\/streetmarkets.fr\/app\/wp-json\/wp\/v2\/product_cat?post=3397777"},{"taxonomy":"product_tag","embeddable":true,"href":"https:\/\/streetmarkets.fr\/app\/wp-json\/wp\/v2\/product_tag?post=3397777"}],"curies":[{"name":"wp","href":"https:\/\/api.w.org\/{rel}","templated":true}]}}