{"id":3397671,"date":"2026-01-16T00:55:49","date_gmt":"2026-01-15T23:55:49","guid":{"rendered":"https:\/\/streetmarkets.fr\/app\/produit\/pull-col-rond-a-broderies-en-perles-future-s26-femme-fire-orange\/"},"modified":"2026-05-12T01:53:09","modified_gmt":"2026-05-11T23:53:09","slug":"pull-col-rond-a-broderies-en-perles-future-s26-femme-fire-orange","status":"publish","type":"product","link":"https:\/\/streetmarkets.fr\/app\/produit\/pull-col-rond-a-broderies-en-perles-future-s26-femme-fire-orange\/","title":{"rendered":"Pull Col Rond Dip Dye \u00e0 Broderies en Perles &#8220;FUTURE&#8221; (S26\/ FEMME\/ Fire Orange)"},"content":{"rendered":"<p>Confectionn\u00e9 en cachemire 4 fils certifi\u00e9 GCS, ce pull offre une maille douce et un tomb\u00e9 confortable. Sa coupe oversize est sublim\u00e9e par la broderie du mot \u00ab\u202fFUTURE\u202f\u00bb, r\u00e9alis\u00e9e en perles de rocaille et strass autour, pour une touche scintillante et ultra-moderne. Le fond b\u00e9n\u00e9ficie d\u2019une teinture Dip Dye, qui apporte profondeur et singularit\u00e9 \u00e0 chaque pi\u00e8ce.<\/p>\n<p>&#8211; Pull col rond avec teinture Dip Dye en fond<\/p>\n<p>&#8211; Broderie &#8220;FUTURE&#8221; en perles de rocaille et strass, partiellement cousue \u00e0 la main.<\/p>\n<p>&#8211; Coupe oversize<\/p>\n<p>&#8211; Cachemire 4 fils certifi\u00e9 CGS<\/p>\n<p>Le Good Cashmere Standard\u00ae (GCS) est une norme ind\u00e9pendante pour un cachemire plus durable et plus responsable. Il vise \u00e0 am\u00e9liorer le bien-\u00eatre des ch\u00e8vres cachemire, les conditions de travail des \u00e9leveurs ainsi qu&#8217;\u00e0 prot\u00e9ger l&#8217;environnement.<\/p>\n","protected":false},"excerpt":{"rendered":"<p>Confectionn\u00e9 en cachemire 4 fils certifi\u00e9 GCS, ce pull offre une maille douce et un tomb\u00e9 confortable. Sa coupe oversize est sublim\u00e9e par la broderie du mot \u00ab\u202fFUTURE\u202f\u00bb, r\u00e9alis\u00e9e en perles de rocaille et strass autour, pour une touche scintillante et ultra-moderne. Le fond b\u00e9n\u00e9ficie d\u2019une teinture Dip Dye, qui apporte profondeur et singularit\u00e9 \u00e0 [&hellip;]<\/p>\n","protected":false},"featured_media":3397672,"comment_status":"open","ping_status":"closed","template":"","meta":[],"product_brand":[6868],"product_cat":[],"product_tag":[],"acf":[],"_links":{"self":[{"href":"https:\/\/streetmarkets.fr\/app\/wp-json\/wp\/v2\/product\/3397671"}],"collection":[{"href":"https:\/\/streetmarkets.fr\/app\/wp-json\/wp\/v2\/product"}],"about":[{"href":"https:\/\/streetmarkets.fr\/app\/wp-json\/wp\/v2\/types\/product"}],"replies":[{"embeddable":true,"href":"https:\/\/streetmarkets.fr\/app\/wp-json\/wp\/v2\/comments?post=3397671"}],"wp:featuredmedia":[{"embeddable":true,"href":"https:\/\/streetmarkets.fr\/app\/wp-json\/wp\/v2\/media\/3397672"}],"wp:attachment":[{"href":"https:\/\/streetmarkets.fr\/app\/wp-json\/wp\/v2\/media?parent=3397671"}],"wp:term":[{"taxonomy":"product_brand","embeddable":true,"href":"https:\/\/streetmarkets.fr\/app\/wp-json\/wp\/v2\/product_brand?post=3397671"},{"taxonomy":"product_cat","embeddable":true,"href":"https:\/\/streetmarkets.fr\/app\/wp-json\/wp\/v2\/product_cat?post=3397671"},{"taxonomy":"product_tag","embeddable":true,"href":"https:\/\/streetmarkets.fr\/app\/wp-json\/wp\/v2\/product_tag?post=3397671"}],"curies":[{"name":"wp","href":"https:\/\/api.w.org\/{rel}","templated":true}]}}