{"id":3397644,"date":"2026-01-16T00:55:46","date_gmt":"2026-01-15T23:55:46","guid":{"rendered":"https:\/\/streetmarkets.fr\/app\/produit\/top-asymetrique-s26-femme-chocolat\/"},"modified":"2026-05-12T01:53:09","modified_gmt":"2026-05-11T23:53:09","slug":"top-asymetrique-s26-femme-chocolat","status":"publish","type":"product","link":"https:\/\/streetmarkets.fr\/app\/produit\/top-asymetrique-s26-femme-chocolat\/","title":{"rendered":"Top Asymetrique (S26 \/ FEMME \/ Chocolat \/ RWS)"},"content":{"rendered":"<p>Id\u00e9al de jour comme de nuit, ce top court se pr\u00eate \u00e0 toutes les occasions. Confectionn\u00e9 en laine m\u00e9rinos 2 fils, il d\u00e9voile une allure structur\u00e9e par un col asym\u00e9trique et des manches longues. \u00c0 associer avec un pantalon large ou une jupe fluide pour un look sophistiqu\u00e9.<\/p>\n<p>&#8211; Top court en laine m\u00e9rinos 2 fils Femme <br \/>&#8211; Col asym\u00e9trique <br \/>&#8211; Manches longues <br \/>&#8211; Coupe slim <br \/>&#8211; Laine m\u00e9rinos : respirante et thermor\u00e9gulatrice, elle peut \u00eatre port\u00e9e \u00e9t\u00e9 comme hiver<\/p>\n","protected":false},"excerpt":{"rendered":"<p>Id\u00e9al de jour comme de nuit, ce top court se pr\u00eate \u00e0 toutes les occasions. Confectionn\u00e9 en laine m\u00e9rinos 2 fils, il d\u00e9voile une allure structur\u00e9e par un col asym\u00e9trique et des manches longues. \u00c0 associer avec un pantalon large ou une jupe fluide pour un look sophistiqu\u00e9. &#8211; Top court en laine m\u00e9rinos 2 [&hellip;]<\/p>\n","protected":false},"featured_media":3397645,"comment_status":"open","ping_status":"closed","template":"","meta":[],"product_brand":[6868],"product_cat":[],"product_tag":[],"acf":[],"_links":{"self":[{"href":"https:\/\/streetmarkets.fr\/app\/wp-json\/wp\/v2\/product\/3397644"}],"collection":[{"href":"https:\/\/streetmarkets.fr\/app\/wp-json\/wp\/v2\/product"}],"about":[{"href":"https:\/\/streetmarkets.fr\/app\/wp-json\/wp\/v2\/types\/product"}],"replies":[{"embeddable":true,"href":"https:\/\/streetmarkets.fr\/app\/wp-json\/wp\/v2\/comments?post=3397644"}],"wp:featuredmedia":[{"embeddable":true,"href":"https:\/\/streetmarkets.fr\/app\/wp-json\/wp\/v2\/media\/3397645"}],"wp:attachment":[{"href":"https:\/\/streetmarkets.fr\/app\/wp-json\/wp\/v2\/media?parent=3397644"}],"wp:term":[{"taxonomy":"product_brand","embeddable":true,"href":"https:\/\/streetmarkets.fr\/app\/wp-json\/wp\/v2\/product_brand?post=3397644"},{"taxonomy":"product_cat","embeddable":true,"href":"https:\/\/streetmarkets.fr\/app\/wp-json\/wp\/v2\/product_cat?post=3397644"},{"taxonomy":"product_tag","embeddable":true,"href":"https:\/\/streetmarkets.fr\/app\/wp-json\/wp\/v2\/product_tag?post=3397644"}],"curies":[{"name":"wp","href":"https:\/\/api.w.org\/{rel}","templated":true}]}}