{"id":3397606,"date":"2026-01-16T00:55:42","date_gmt":"2026-01-15T23:55:42","guid":{"rendered":"https:\/\/streetmarkets.fr\/app\/produit\/pull-col-rond-coeur-jacquard-s26-femme-sable\/"},"modified":"2026-05-10T01:54:29","modified_gmt":"2026-05-09T23:54:29","slug":"pull-col-rond-coeur-jacquard-s26-femme-sable","status":"publish","type":"product","link":"https:\/\/streetmarkets.fr\/app\/produit\/pull-col-rond-coeur-jacquard-s26-femme-sable\/","title":{"rendered":"Pull Col Rond Coeur Jacquard (S26\/ FEMME\/ Sable)"},"content":{"rendered":"<p>Le pull qui ajoute une touche de fantaisie romantique. Confectionn\u00e9 en Cachemire 2 fils, ce pull col rond offre une maille douce et l\u00e9g\u00e8re. Sa coupe regular est dynamis\u00e9e par des coudi\u00e8res jacquard en forme de c\u0153ur qui contrastent sur les manches.<\/p>\n<p>&#8211; Pull col rond pour femme <br \/>&#8211; Coudi\u00e8res en forme de c\u0153ur r\u00e9alis\u00e9es en jacquard <br \/>&#8211; Coupe regular <br \/>&#8211; Cachemire 2 fils certifi\u00e9 GCS <br \/>&#8211; Le Good Cashmere Standard\u00ae (GCS) est une norme ind\u00e9pendante pour un cachemire plus durable et plus responsable. Il vise \u00e0 am\u00e9liorer le bien-\u00eatre des ch\u00e8vres cachemire, les conditions de travail des \u00e9leveurs ainsi qu&#8217;\u00e0 prot\u00e9ger l&#8217;environnement.<\/p>\n","protected":false},"excerpt":{"rendered":"<p>Le pull qui ajoute une touche de fantaisie romantique. Confectionn\u00e9 en Cachemire 2 fils, ce pull col rond offre une maille douce et l\u00e9g\u00e8re. Sa coupe regular est dynamis\u00e9e par des coudi\u00e8res jacquard en forme de c\u0153ur qui contrastent sur les manches. &#8211; Pull col rond pour femme &#8211; Coudi\u00e8res en forme de c\u0153ur r\u00e9alis\u00e9es [&hellip;]<\/p>\n","protected":false},"featured_media":3397607,"comment_status":"open","ping_status":"closed","template":"","meta":[],"product_brand":[6868],"product_cat":[],"product_tag":[],"acf":[],"_links":{"self":[{"href":"https:\/\/streetmarkets.fr\/app\/wp-json\/wp\/v2\/product\/3397606"}],"collection":[{"href":"https:\/\/streetmarkets.fr\/app\/wp-json\/wp\/v2\/product"}],"about":[{"href":"https:\/\/streetmarkets.fr\/app\/wp-json\/wp\/v2\/types\/product"}],"replies":[{"embeddable":true,"href":"https:\/\/streetmarkets.fr\/app\/wp-json\/wp\/v2\/comments?post=3397606"}],"wp:featuredmedia":[{"embeddable":true,"href":"https:\/\/streetmarkets.fr\/app\/wp-json\/wp\/v2\/media\/3397607"}],"wp:attachment":[{"href":"https:\/\/streetmarkets.fr\/app\/wp-json\/wp\/v2\/media?parent=3397606"}],"wp:term":[{"taxonomy":"product_brand","embeddable":true,"href":"https:\/\/streetmarkets.fr\/app\/wp-json\/wp\/v2\/product_brand?post=3397606"},{"taxonomy":"product_cat","embeddable":true,"href":"https:\/\/streetmarkets.fr\/app\/wp-json\/wp\/v2\/product_cat?post=3397606"},{"taxonomy":"product_tag","embeddable":true,"href":"https:\/\/streetmarkets.fr\/app\/wp-json\/wp\/v2\/product_tag?post=3397606"}],"curies":[{"name":"wp","href":"https:\/\/api.w.org\/{rel}","templated":true}]}}