{"id":3389869,"date":"2026-01-14T23:43:23","date_gmt":"2026-01-14T22:43:23","guid":{"rendered":"https:\/\/streetmarkets.fr\/app\/produit\/les-3-crayons-a-papier-avec-le-pompom-du-marin\/"},"modified":"2026-05-05T00:42:30","modified_gmt":"2026-05-04T22:42:30","slug":"les-3-crayons-a-papier-avec-le-pompom-du-marin","status":"publish","type":"product","link":"https:\/\/streetmarkets.fr\/app\/produit\/les-3-crayons-a-papier-avec-le-pompom-du-marin\/","title":{"rendered":"Les 3 crayons \u00e0 papier avec le pompom du marin"},"content":{"rendered":"<p>Le pompom du marin porte bonheur sur un crayon de bois, bleu, blanc, rouge<\/p>\n<p>Bienvenue chez A L&#8217;O &#8211; 1905, la plus ancienne boutique de v\u00eatements de travail de Paris. D\u00e9couvrez notre produit phare : les 3 crayons \u00e0 papier avec le pompom du marin porte-bonheur, arborant les couleurs bleu, blanc et rouge du drapeau fran\u00e7ais.<\/p>\n<\/p>\n<p>Chez A L&#8217;O &#8211; 1905, nous mettons un point d&#8217;honneur \u00e0 pr\u00e9server notre riche patrimoine et \u00e0 proposer des produits de qualit\u00e9 exceptionnelle. Chaque crayon est minutieusement confectionn\u00e9 avec un souci du d\u00e9tail, alliant artisanat traditionnel et design contemporain. Le pompom du marin porte-bonheur ajoute une touche de fantaisie et d&#8217;originalit\u00e9 \u00e0 ces crayons.<\/p>\n<\/p>\n<p>Nos 3 crayons \u00e0 papier avec le pompom du marin qui porte chance sont bien plus que de simples instruments d&#8217;\u00e9criture. Ils incarnent \u00e0 la fois l&#8217;histoire et la tradition, tout en apportant une touche de patriotisme avec leurs couleurs inspir\u00e9es du drapeau fran\u00e7ais.<\/p>\n<\/p>\n<p>Ces crayons sont parfaits pour \u00e9gayer votre quotidien et ajouter une note de charme \u00e0 votre bureau. Que vous soyez un collectionneur passionn\u00e9, un amateur de produits authentiques ou \u00e0 la recherche d&#8217;un cadeau unique, nos crayons sauront vous s\u00e9duire.<\/p>\n<\/p>\n<p>En optant pour nos 3 crayons \u00e0 papier avec le pompom du marin qui porte chance, vous soutenez notre engagement envers la pr\u00e9servation du patrimoine fran\u00e7ais et le savoir-faire artisanal. Chez A L&#8217;O &#8211; 1905, nous sommes fiers de perp\u00e9tuer ces traditions et de vous offrir des produits d&#8217;exception.<\/p>\n<\/p>\n<p>Explorez notre boutique en ligne d\u00e8s maintenant et laissez-vous s\u00e9duire par l&#8217;authenticit\u00e9 et le style intemporel de nos produits. Commandez vos 3 crayons \u00e0 papier avec le pompom du marin et ajoutez une touche de chance et de couleur \u00e0 votre quotidien.<\/p>\n","protected":false},"excerpt":{"rendered":"<p>Le pompom du marin porte bonheur sur un crayon de bois, bleu, blanc, rouge Bienvenue chez A L&#8217;O &#8211; 1905, la plus ancienne boutique de v\u00eatements de travail de Paris. D\u00e9couvrez notre produit phare : les 3 crayons \u00e0 papier avec le pompom du marin porte-bonheur, arborant les couleurs bleu, blanc et rouge du drapeau [&hellip;]<\/p>\n","protected":false},"featured_media":3389870,"comment_status":"open","ping_status":"closed","template":"","meta":[],"product_brand":[],"product_cat":[],"product_tag":[],"acf":[],"_links":{"self":[{"href":"https:\/\/streetmarkets.fr\/app\/wp-json\/wp\/v2\/product\/3389869"}],"collection":[{"href":"https:\/\/streetmarkets.fr\/app\/wp-json\/wp\/v2\/product"}],"about":[{"href":"https:\/\/streetmarkets.fr\/app\/wp-json\/wp\/v2\/types\/product"}],"replies":[{"embeddable":true,"href":"https:\/\/streetmarkets.fr\/app\/wp-json\/wp\/v2\/comments?post=3389869"}],"wp:featuredmedia":[{"embeddable":true,"href":"https:\/\/streetmarkets.fr\/app\/wp-json\/wp\/v2\/media\/3389870"}],"wp:attachment":[{"href":"https:\/\/streetmarkets.fr\/app\/wp-json\/wp\/v2\/media?parent=3389869"}],"wp:term":[{"taxonomy":"product_brand","embeddable":true,"href":"https:\/\/streetmarkets.fr\/app\/wp-json\/wp\/v2\/product_brand?post=3389869"},{"taxonomy":"product_cat","embeddable":true,"href":"https:\/\/streetmarkets.fr\/app\/wp-json\/wp\/v2\/product_cat?post=3389869"},{"taxonomy":"product_tag","embeddable":true,"href":"https:\/\/streetmarkets.fr\/app\/wp-json\/wp\/v2\/product_tag?post=3389869"}],"curies":[{"name":"wp","href":"https:\/\/api.w.org\/{rel}","templated":true}]}}