{"id":3389830,"date":"2026-01-14T04:58:07","date_gmt":"2026-01-14T03:58:07","guid":{"rendered":"https:\/\/streetmarkets.fr\/app\/produit\/gucci-royal-blue-white-interlocking-g-ample-trousers\/"},"modified":"2026-04-22T05:49:45","modified_gmt":"2026-04-22T03:49:45","slug":"gucci-royal-blue-white-interlocking-g-ample-trousers","status":"publish","type":"product","link":"https:\/\/streetmarkets.fr\/app\/produit\/gucci-royal-blue-white-interlocking-g-ample-trousers\/","title":{"rendered":"GUCCI &#8211; Royal Blue\/white Interlocking-G ample trousers"},"content":{"rendered":"<p>Brand :&nbsp;GUCCI<\/p>\n<p>Royal Blue\/White Interlocking-G ample trousers<\/p>\n<p>Mixed wool, serge weaving&nbsp;<\/p>\n<p>Double G signature logo on tightening link<\/p>\n<p>Patch logo interlocking G signature, side stripe detail<\/p>\n<p>Mid-high waist, loose fit<\/p>\n<p>Split side pockets&nbsp;<\/p>\n<p>Elastic waist with tightening tie<\/p>\n<p>Made In Italy<\/p>\n<p>&nbsp;<\/p>\n<p>Compositions : Wool \/ Mohair<\/p>\n<p>Lining : Cotton<\/p>\n<p>Details : Calfskin<\/p>\n<p>&nbsp;<\/p>\n<p>Dimensions : 48 IT<\/p>\n<p>Hips : 36 inches&nbsp;<\/p>\n<p>Waist : 44 inches&nbsp;<\/p>\n<p>Lenght : 44 inches&nbsp;<\/p>\n<p>&nbsp;<\/p>\n<p>Condition : Pristine with tags<\/p>\n<p>CONDITION GUIDE: <\/p>\n<p>English<\/p>\n<p>Pristine<\/p>\n<p>Item is in perfect condition with no signs of wear. Often includes original tags, packaging, and documentation.<\/p>\n<p>\nExcellent<\/p>\n<p>Very minimal signs of wear, often only noticeable upon close inspection. No significant scratches, stains, or damage.<\/p>\n<p>\nVery Good<\/p>\n<p>Light wear that is noticeable but not significant. Minor scratches, small marks, or slight fading may be present.<\/p>\n<p>\nGood<\/p>\n<p>Visible signs of wear such as scratches, stains, or minor damage. Still functional and aesthetically pleasing.<\/p>\n<p>Fair<\/p>\n<p>Noticeable and significant signs of wear. Functional, but with obvious defects or damage that may require repair.<\/p>\n<p>Fran\u00e7ais<\/p>\n<p>En parfait \u00e9tat<\/p>\n<p>L&#8217;article est en parfait \u00e9tat et ne pr\u00e9sente aucun signe d&#8217;usure. Il comprend souvent les \u00e9tiquettes, l&#8217;emballage et la documentation d&#8217;origine.<\/p>\n<p>\nExcellent<\/p>\n<p>Signes d&#8217;usure tr\u00e8s minimes, souvent perceptibles uniquement lors d&#8217;un examen approfondi. Pas de rayures, de taches ou de dommages importants.<\/p>\n<p>\nTr\u00e8s bon<\/p>\n<p>L\u00e9g\u00e8re usure perceptible mais non significative. Des rayures mineures, de petites marques ou une l\u00e9g\u00e8re d\u00e9coloration peuvent \u00eatre pr\u00e9sentes.<\/p>\n<p>\nBon<\/p>\n<p>Signes d&#8217;usure visibles tels que des rayures, des taches ou des dommages mineurs. Encore fonctionnel et esth\u00e9tiquement plaisant.<\/p>\n<p>Moyen<\/p>\n<p>Signes d&#8217;usure visibles et importants. Fonctionnel, mais avec des d\u00e9fauts ou des dommages \u00e9vidents qui peuvent n\u00e9cessiter des r\u00e9parations.<\/p>\n<p><\/p>\n","protected":false},"excerpt":{"rendered":"<p>Brand :&nbsp;GUCCI Royal Blue\/White Interlocking-G ample trousers Mixed wool, serge weaving&nbsp; Double G signature logo on tightening link Patch logo interlocking G signature, side stripe detail Mid-high waist, loose fit Split side pockets&nbsp; Elastic waist with tightening tie Made In Italy &nbsp; Compositions : Wool \/ Mohair Lining : Cotton Details : Calfskin &nbsp; Dimensions [&hellip;]<\/p>\n","protected":false},"featured_media":3389831,"comment_status":"open","ping_status":"closed","template":"","meta":[],"product_brand":[],"product_cat":[],"product_tag":[],"acf":[],"_links":{"self":[{"href":"https:\/\/streetmarkets.fr\/app\/wp-json\/wp\/v2\/product\/3389830"}],"collection":[{"href":"https:\/\/streetmarkets.fr\/app\/wp-json\/wp\/v2\/product"}],"about":[{"href":"https:\/\/streetmarkets.fr\/app\/wp-json\/wp\/v2\/types\/product"}],"replies":[{"embeddable":true,"href":"https:\/\/streetmarkets.fr\/app\/wp-json\/wp\/v2\/comments?post=3389830"}],"wp:featuredmedia":[{"embeddable":true,"href":"https:\/\/streetmarkets.fr\/app\/wp-json\/wp\/v2\/media\/3389831"}],"wp:attachment":[{"href":"https:\/\/streetmarkets.fr\/app\/wp-json\/wp\/v2\/media?parent=3389830"}],"wp:term":[{"taxonomy":"product_brand","embeddable":true,"href":"https:\/\/streetmarkets.fr\/app\/wp-json\/wp\/v2\/product_brand?post=3389830"},{"taxonomy":"product_cat","embeddable":true,"href":"https:\/\/streetmarkets.fr\/app\/wp-json\/wp\/v2\/product_cat?post=3389830"},{"taxonomy":"product_tag","embeddable":true,"href":"https:\/\/streetmarkets.fr\/app\/wp-json\/wp\/v2\/product_tag?post=3389830"}],"curies":[{"name":"wp","href":"https:\/\/api.w.org\/{rel}","templated":true}]}}