{"id":3377751,"date":"2026-01-12T19:05:33","date_gmt":"2026-01-12T18:05:33","guid":{"rendered":"https:\/\/streetmarkets.fr\/app\/produit\/blazer-en-laine-taille-s\/"},"modified":"2026-05-07T20:05:48","modified_gmt":"2026-05-07T18:05:48","slug":"blazer-en-laine-taille-s","status":"publish","type":"product","link":"https:\/\/streetmarkets.fr\/app\/produit\/blazer-en-laine-taille-s\/","title":{"rendered":"Blazer en laine \u2022 Taille S"},"content":{"rendered":"<p>Blazer marron en pure laine vintage,<br \/>fermeture boutons.<\/p>\n<p>Marque : non indiqu\u00e9e<br \/>Composition : 100% laine<\/p>\n<p>Taille indiqu\u00e9e : non indiqu\u00e9e<br \/>Taille estim\u00e9e : convient \u00e0 XS au S pour un port\u00e9 ajust\u00e9 ou plus ample (femme)<br \/>\u00c9paules (cm): 40<br \/>Poitrine (cm): 46,5<br \/>Longueur (cm): 71<br \/>Longueur bras (cm): 39,5<\/p>\n<p><span>\u00c9tat :\u00a0tr\u00e8s bon.<\/span><br \/>Merci de noter que les v\u00eatements ne sont pas neufs et qu\u2019ils peuvent porter l&#8217;usure d&#8217;une pi\u00e8ce de seconde main.<\/p>\n<p>Pour plus d&#8217;informations :<span>\u00a0<\/span><a href=\"https:\/\/uniselection.fr\/pages\/contactez-nous\">contactez-nous<\/a>\u00a0ou via Instagram @uni.selection<\/p>\n","protected":false},"excerpt":{"rendered":"<p>Blazer marron en pure laine vintage,fermeture boutons. Marque : non indiqu\u00e9eComposition : 100% laine Taille indiqu\u00e9e : non indiqu\u00e9eTaille estim\u00e9e : convient \u00e0 XS au S pour un port\u00e9 ajust\u00e9 ou plus ample (femme)\u00c9paules (cm): 40Poitrine (cm): 46,5Longueur (cm): 71Longueur bras (cm): 39,5 \u00c9tat :\u00a0tr\u00e8s bon.Merci de noter que les v\u00eatements ne sont pas neufs [&hellip;]<\/p>\n","protected":false},"featured_media":3377752,"comment_status":"open","ping_status":"closed","template":"","meta":[],"product_brand":[],"product_cat":[],"product_tag":[],"acf":[],"_links":{"self":[{"href":"https:\/\/streetmarkets.fr\/app\/wp-json\/wp\/v2\/product\/3377751"}],"collection":[{"href":"https:\/\/streetmarkets.fr\/app\/wp-json\/wp\/v2\/product"}],"about":[{"href":"https:\/\/streetmarkets.fr\/app\/wp-json\/wp\/v2\/types\/product"}],"replies":[{"embeddable":true,"href":"https:\/\/streetmarkets.fr\/app\/wp-json\/wp\/v2\/comments?post=3377751"}],"wp:featuredmedia":[{"embeddable":true,"href":"https:\/\/streetmarkets.fr\/app\/wp-json\/wp\/v2\/media\/3377752"}],"wp:attachment":[{"href":"https:\/\/streetmarkets.fr\/app\/wp-json\/wp\/v2\/media?parent=3377751"}],"wp:term":[{"taxonomy":"product_brand","embeddable":true,"href":"https:\/\/streetmarkets.fr\/app\/wp-json\/wp\/v2\/product_brand?post=3377751"},{"taxonomy":"product_cat","embeddable":true,"href":"https:\/\/streetmarkets.fr\/app\/wp-json\/wp\/v2\/product_cat?post=3377751"},{"taxonomy":"product_tag","embeddable":true,"href":"https:\/\/streetmarkets.fr\/app\/wp-json\/wp\/v2\/product_tag?post=3377751"}],"curies":[{"name":"wp","href":"https:\/\/api.w.org\/{rel}","templated":true}]}}