{"id":3377722,"date":"2026-01-12T05:51:54","date_gmt":"2026-01-12T04:51:54","guid":{"rendered":"https:\/\/streetmarkets.fr\/app\/produit\/zayn-crewneck\/"},"modified":"2026-03-16T05:50:24","modified_gmt":"2026-03-16T04:50:24","slug":"zayn-crewneck","status":"publish","type":"product","link":"https:\/\/streetmarkets.fr\/app\/produit\/zayn-crewneck\/","title":{"rendered":"Zayn Crewneck"},"content":{"rendered":"<p data-start=\"176\" data-end=\"408\">Le <strong data-start=\"179\" data-end=\"203\">pull <\/strong>col rond <strong data-start=\"179\" data-end=\"203\">Zayn de Drykorn<\/strong> s\u00e9duit par son design contemporain et son confort remarquable. Sa coupe ample et ses <strong data-start=\"289\" data-end=\"321\">\u00e9paules l\u00e9g\u00e8rement tombantes<\/strong> lui conf\u00e8rent une allure moderne et d\u00e9contract\u00e9e, id\u00e9ale pour un style urbain \u00e9l\u00e9gant.<\/p>\n<p data-start=\"410\" data-end=\"743\">Confectionn\u00e9 dans un <strong data-start=\"431\" data-end=\"469\">m\u00e9lange de coton \u00e0 l\u2019aspect boucl\u00e9<\/strong>, il est <strong data-start=\"478\" data-end=\"497\">doux au toucher<\/strong> et agr\u00e9able \u00e0 porter au quotidien. Son <strong data-start=\"537\" data-end=\"552\">col montant<\/strong> apporte une touche sophistiqu\u00e9e tout en offrant une protection suppl\u00e9mentaire contre le froid. Les <strong data-start=\"652\" data-end=\"693\">bords-c\u00f4tes aux manches et \u00e0 l\u2019ourlet<\/strong> assurent une belle tenue et une finition soign\u00e9e.<\/p>\n<p data-start=\"745\" data-end=\"835\">Un essentiel polyvalent, facile \u00e0 associer aussi bien avec un pantalon habill\u00e9 qu\u2019un jean.<\/p>\n","protected":false},"excerpt":{"rendered":"<p>Le pull col rond Zayn de Drykorn s\u00e9duit par son design contemporain et son confort remarquable. Sa coupe ample et ses \u00e9paules l\u00e9g\u00e8rement tombantes lui conf\u00e8rent une allure moderne et d\u00e9contract\u00e9e, id\u00e9ale pour un style urbain \u00e9l\u00e9gant. Confectionn\u00e9 dans un m\u00e9lange de coton \u00e0 l\u2019aspect boucl\u00e9, il est doux au toucher et agr\u00e9able \u00e0 porter [&hellip;]<\/p>\n","protected":false},"featured_media":3377723,"comment_status":"open","ping_status":"closed","template":"","meta":[],"product_brand":[],"product_cat":[],"product_tag":[],"acf":[],"_links":{"self":[{"href":"https:\/\/streetmarkets.fr\/app\/wp-json\/wp\/v2\/product\/3377722"}],"collection":[{"href":"https:\/\/streetmarkets.fr\/app\/wp-json\/wp\/v2\/product"}],"about":[{"href":"https:\/\/streetmarkets.fr\/app\/wp-json\/wp\/v2\/types\/product"}],"replies":[{"embeddable":true,"href":"https:\/\/streetmarkets.fr\/app\/wp-json\/wp\/v2\/comments?post=3377722"}],"wp:featuredmedia":[{"embeddable":true,"href":"https:\/\/streetmarkets.fr\/app\/wp-json\/wp\/v2\/media\/3377723"}],"wp:attachment":[{"href":"https:\/\/streetmarkets.fr\/app\/wp-json\/wp\/v2\/media?parent=3377722"}],"wp:term":[{"taxonomy":"product_brand","embeddable":true,"href":"https:\/\/streetmarkets.fr\/app\/wp-json\/wp\/v2\/product_brand?post=3377722"},{"taxonomy":"product_cat","embeddable":true,"href":"https:\/\/streetmarkets.fr\/app\/wp-json\/wp\/v2\/product_cat?post=3377722"},{"taxonomy":"product_tag","embeddable":true,"href":"https:\/\/streetmarkets.fr\/app\/wp-json\/wp\/v2\/product_tag?post=3377722"}],"curies":[{"name":"wp","href":"https:\/\/api.w.org\/{rel}","templated":true}]}}