{"id":3364515,"date":"2026-01-10T23:28:36","date_gmt":"2026-01-10T22:28:36","guid":{"rendered":"https:\/\/streetmarkets.fr\/app\/produit\/boutique-chloe-robe-marinire-manches-longues-en-soie-raye-bleu-marine-et-blanche-taille-40\/"},"modified":"2026-05-10T00:26:29","modified_gmt":"2026-05-09T22:26:29","slug":"boutique-chloe-robe-marinire-manches-longues-en-soie-raye-bleu-marine-et-blanche-taille-40","status":"publish","type":"product","link":"https:\/\/streetmarkets.fr\/app\/produit\/boutique-chloe-robe-marinire-manches-longues-en-soie-raye-bleu-marine-et-blanche-taille-40\/","title":{"rendered":"Boutique CHLOE Robe marini&egrave;re manches longues en soie ray&eacute;e bleu marine et blanche Taille 40"},"content":{"rendered":"<p>Superbe robe de la Maison de Couture fran\u00e7aise CHLOE.Collection Croisi\u00e8re (resort) 2010 par Hannah MacGibbon.V\u00eatement\u00a0de luxe FABRIQUEE EN FRANCE.Prix boutique environ 2000\u20ac.Taill\u00e9e dans une sublime soie ray\u00e9e blue marine et \u00e9cru, cette pi\u00e8ce rare est une petite merveille d&#8217;\u00e9l\u00e9gance et de raffinement. De d\u00e9licat boutons Couture en cha\u00eenes tress\u00e9es formant des fleurs ornent les manches.Imprim\u00e9e marini\u00e8re, elle est parfaite pour une soir\u00e9e en bord de mer, un cocktail ou un mariage port\u00e9e avec de hauts talons et pour une belle journ\u00e9e ensoleill\u00e9e en ville accessoiris\u00e9e d&#8217;un petit panier en paille et de sandales plates.Robe marini\u00e8re.100% soie, enti\u00e8rement doubl\u00e9e en soie blanche.Rayures bleu marine\/ blanc.Deux poches devant ferm\u00e9e par des boutons dor\u00e9s emboss\u00e9s de la signature CHLOE, deux poches poitrines.Manches longues orn\u00e9e de boutons en cha\u00eenes tress\u00e9es formant des fleursCol claudine bord\u00e9 d&#8217;un liseret bleu marine.Fermeture invisible par boutons devant.Etiquet\u00e9 taille 42 mais convient \u00e0 une taille 38\/40 ou\u00a0medium.Largeur taille 38cm. Longueur manche 55cm Largeur \u00e9paules 39cm Largeur poitrine 48cm. Longueur dos 95cm.Excellent \u00e9tat. Chloe est une maison de couture parisienne. Je (Elo\u00efse, fondatrice du site) authentifie toutes les pi\u00e8ces. Mon experience dans le luxe et ma passion pour cet univers m&#8217;ont permis d&#8217;acqu\u00e9rir une excellente connaissance des produits.Toutes les pi\u00e8ces transitent par le showroom pour que je puisse en \u00e9valuer l&#8217;authenticit\u00e9. Je prends tout le temps necessaire pour \u00e9tudier la pi\u00e8ce dans les moindres d\u00e9tails et contacte directement les Maisons de Couture si j&#8217;ai le moindre doute.Les pi\u00e8ces proviennent des dressings de particuliers. Je les rach\u00e8te \u00e0 des personnes qui travaillent dans des Maisons de couture parisiennes ou \u00e0 des accros du shopping.Je n\u2019exige pas les certificats d\u2019authenticit\u00e9 et je ne les fournis pas non plus ou rarement.Les certificats ne sont pas d&#8217;une grande utilit\u00e9 car ils sont tr\u00e8s facilement falsifiables, il est beaucoup plus facile de contrefaire une carte qu&#8217;un sac complet et nous noterez par exemple que les contrefa\u00e7ons de sacs de luxe vendues sur ebay ont toutes des certificats d&#8217;authenticit\u00e9.De mani\u00e8re g\u00e9n\u00e9rale, il est tr\u00e8s facile de distinguer une contrefa\u00e7on d&#8217;un produit authentique, les pi\u00e8ces de luxe sont ch\u00e8res car cela co\u00fbte cher de les fabriquer.Il est ais\u00e9 de copier le design mais pour arriver au m\u00eame r\u00e9sultat il faut avoir des mati\u00e8res premi\u00e8res de qualit\u00e9 et le savoir faire qui permet d&#8217;obtenir des finitions proches de la perfection, ce qui n&#8217;est JAMAIS le cas des contrefa\u00e7ons.N&#8217;h\u00e9sitez pas \u00e0 me contacter contact@louiseparis.fr si vous avez des questions, je vous r\u00e9pondrai avec plaisir.Contactez-nous Vos commandes sont exp\u00e9di\u00e9es depuis notre showrooms \u00e0 Paris chaque lundi.Nous proposons deux modes de livraisonsen France:- Colissimo recommand\u00e9 par La Poste en 48h, 10\u20ac.- Retrait de votre commande au showroom \u00e0 Paris, surRENDEZ-VOUS UNIQUEMENT, notre adresse mail pour prendre rdvcontact@louiseparis.fr, gratuit.Nous proposons la livraison\u00e0 l&#8217;Internationalen colissimo recommand\u00e9.- Europe : 20\u20ac- Am\u00e9rique du Nord, Asie, Oc\u00e9anie, Am\u00e9rique centrale et Antille : 25\u20ac- Am\u00e9rique du sud : 30\u20ac. Nous vous recevons sur rendez-vous du lundi au dimanche de 9h \u00e0 21h pour essayer les pi\u00e8ces vendues sur Louise Paris ainsi que les robes de soir\u00e9es \u00e0 la location. Vous pouvez contacter Elo\u00efse par mail \u00e0 contact@louiseparis.fr ou par t\u00e9l\u00e9phone au 06 64 86 08 03 \/ 01 80 06 25 95 pour prendre rendez-vous.<\/p>\n","protected":false},"excerpt":{"rendered":"<p>Superbe robe de la Maison de Couture fran\u00e7aise CHLOE.Collection Croisi\u00e8re (resort) 2010 par Hannah MacGibbon.V\u00eatement\u00a0de luxe FABRIQUEE EN FRANCE.Prix boutique environ 2000\u20ac.Taill\u00e9e dans une sublime soie ray\u00e9e blue marine et \u00e9cru, cette pi\u00e8ce rare est une petite merveille d&#8217;\u00e9l\u00e9gance et de raffinement. De d\u00e9licat boutons Couture en cha\u00eenes tress\u00e9es formant des fleurs ornent les manches.Imprim\u00e9e [&hellip;]<\/p>\n","protected":false},"featured_media":3364516,"comment_status":"open","ping_status":"closed","template":"","meta":[],"product_brand":[],"product_cat":[],"product_tag":[],"acf":[],"_links":{"self":[{"href":"https:\/\/streetmarkets.fr\/app\/wp-json\/wp\/v2\/product\/3364515"}],"collection":[{"href":"https:\/\/streetmarkets.fr\/app\/wp-json\/wp\/v2\/product"}],"about":[{"href":"https:\/\/streetmarkets.fr\/app\/wp-json\/wp\/v2\/types\/product"}],"replies":[{"embeddable":true,"href":"https:\/\/streetmarkets.fr\/app\/wp-json\/wp\/v2\/comments?post=3364515"}],"wp:featuredmedia":[{"embeddable":true,"href":"https:\/\/streetmarkets.fr\/app\/wp-json\/wp\/v2\/media\/3364516"}],"wp:attachment":[{"href":"https:\/\/streetmarkets.fr\/app\/wp-json\/wp\/v2\/media?parent=3364515"}],"wp:term":[{"taxonomy":"product_brand","embeddable":true,"href":"https:\/\/streetmarkets.fr\/app\/wp-json\/wp\/v2\/product_brand?post=3364515"},{"taxonomy":"product_cat","embeddable":true,"href":"https:\/\/streetmarkets.fr\/app\/wp-json\/wp\/v2\/product_cat?post=3364515"},{"taxonomy":"product_tag","embeddable":true,"href":"https:\/\/streetmarkets.fr\/app\/wp-json\/wp\/v2\/product_tag?post=3364515"}],"curies":[{"name":"wp","href":"https:\/\/api.w.org\/{rel}","templated":true}]}}