{"id":3364480,"date":"2026-01-10T23:28:24","date_gmt":"2026-01-10T22:28:24","guid":{"rendered":"https:\/\/streetmarkets.fr\/app\/produit\/boutique-chanel-pantalon-droit-en-maille-bleu-marine-boutons-bijoux-en-mail-prix-boutique-3150-taille-xs\/"},"modified":"2026-05-11T00:26:54","modified_gmt":"2026-05-10T22:26:54","slug":"boutique-chanel-pantalon-droit-en-maille-bleu-marine-boutons-bijoux-en-mail-prix-boutique-3150-taille-xs","status":"publish","type":"product","link":"https:\/\/streetmarkets.fr\/app\/produit\/boutique-chanel-pantalon-droit-en-maille-bleu-marine-boutons-bijoux-en-mail-prix-boutique-3150-taille-xs\/","title":{"rendered":"Boutique CHANEL Pantalon droit en maille bleu marine boutons bijoux en &eacute;mail Prix boutique 3150&euro; Taille XS"},"content":{"rendered":"<p>Magnifique pantalon en tweed de la Maison de couture fran\u00e7aise CHANEL.Collection printemps-\u00e9t\u00e9 2013 par Karl Lagerfeld.V\u00eatement de luxe FABRIQU\u00c9 EN Italie.Prix de vente estim\u00e9 : 3 150 \u20ac.Comme on peut s&#8217;y attendre d&#8217;un chef-d&#8217;\u0153uvre de Karl Lagerfeld, ce pantalon pr\u00e9sente une silhouette impeccablement \u00e9l\u00e9gante qui flatte et captive v\u00e9ritablement. Pr\u00e9sent\u00e9 dans le catalogue Chanel Haute Couture, cet article t\u00e9moigne d&#8217;un savoir-faire artisanal exquis.Il est confectionn\u00e9 en tweed extensible et orn\u00e9 de boutons CC en \u00e9mail argent\u00e9 et bleu marine qui brillent comme des bijoux raffin\u00e9s, ajoutant une touche exquise. Ce pantalon offre \u00e0 la fois sophistication et polyvalence dans un bleu marine raffin\u00e9 et facile \u00e0 porter.Confortable et facile \u00e0 porter, il est un incontournable polyvalent de toute garde-robe. Associez-le \u00e0 un blazer \u00e9l\u00e9gant ou \u00e0 un simple chemisier en soie, et optez pour un t-shirt blanc le week-end.Tweed 100 % coton, stretch et tr\u00e8s confortable.Couleur bleu marine.Doublure 100 % soie.Coupe droite.Fermeture \u00e0 boutons sur le devant.Boutons CC en \u00e9mail bleu marine et argent.2 poches lat\u00e9rales.Taille indiqu\u00e9e 36, mais comme tous les pantalons Chanel, ils taillent petit et correspondent \u00e0 une taille XS.Largeur taille 36 cm, entrejambe 29 cm, longueur c\u00f4t\u00e9 110 cm, largeur cheville 23 cm.Excellent \u00e9tat.  Je (Elo\u00efse, fondatrice du site) authentifie toutes les pi\u00e8ces. Mon experience dans le luxe et ma passion pour cet univers m&#8217;ont permis d&#8217;acqu\u00e9rir une excellente connaissance des produits.Toutes les pi\u00e8ces transitent par le showroom pour que je puisse en \u00e9valuer l&#8217;authenticit\u00e9. Je prends tout le temps necessaire pour \u00e9tudier la pi\u00e8ce dans les moindres d\u00e9tails et contacte directement les Maisons de Couture si j&#8217;ai le moindre doute.Les pi\u00e8ces proviennent des dressings de particuliers. Je les rach\u00e8te \u00e0 des personnes qui travaillent dans des Maisons de couture parisiennes ou \u00e0 des accros du shopping.Je n\u2019exige pas les certificats d\u2019authenticit\u00e9 et je ne les fournis pas non plus ou rarement.Les certificats ne sont pas d&#8217;une grande utilit\u00e9 car ils sont tr\u00e8s facilement falsifiables, il est beaucoup plus facile de contrefaire une carte qu&#8217;un sac complet et nous noterez par exemple que les contrefa\u00e7ons de sacs de luxe vendues sur ebay ont toutes des certificats d&#8217;authenticit\u00e9.De mani\u00e8re g\u00e9n\u00e9rale, il est tr\u00e8s facile de distinguer une contrefa\u00e7on d&#8217;un produit authentique, les pi\u00e8ces de luxe sont ch\u00e8res car cela co\u00fbte cher de les fabriquer.Il est ais\u00e9 de copier le design mais pour arriver au m\u00eame r\u00e9sultat il faut avoir des mati\u00e8res premi\u00e8res de qualit\u00e9 et le savoir faire qui permet d&#8217;obtenir des finitions proches de la perfection, ce qui n&#8217;est JAMAIS le cas des contrefa\u00e7ons.N&#8217;h\u00e9sitez pas \u00e0 me contacter contact@louiseparis.fr si vous avez des questions, je vous r\u00e9pondrai avec plaisir.Contactez-nous Vos commandes sont exp\u00e9di\u00e9es depuis notre showrooms \u00e0 Paris chaque lundi.Nous proposons deux modes de livraisonsen France:- Colissimo recommand\u00e9 par La Poste en 48h, 10\u20ac.- Retrait de votre commande au showroom \u00e0 Paris, surRENDEZ-VOUS UNIQUEMENT, notre adresse mail pour prendre rdvcontact@louiseparis.fr, gratuit.Nous proposons la livraison\u00e0 l&#8217;Internationalen colissimo recommand\u00e9.- Europe : 20\u20ac- Am\u00e9rique du Nord, Asie, Oc\u00e9anie, Am\u00e9rique centrale et Antille : 25\u20ac- Am\u00e9rique du sud : 30\u20ac. Nous vous recevons sur rendez-vous du lundi au dimanche de 9h \u00e0 21h pour essayer les pi\u00e8ces vendues sur Louise Paris ainsi que les robes de soir\u00e9es \u00e0 la location. Vous pouvez contacter Elo\u00efse par mail \u00e0 contact@louiseparis.fr ou par t\u00e9l\u00e9phone au 06 64 86 08 03 \/ 01 80 06 25 95 pour prendre rendez-vous.<\/p>\n","protected":false},"excerpt":{"rendered":"<p>Magnifique pantalon en tweed de la Maison de couture fran\u00e7aise CHANEL.Collection printemps-\u00e9t\u00e9 2013 par Karl Lagerfeld.V\u00eatement de luxe FABRIQU\u00c9 EN Italie.Prix de vente estim\u00e9 : 3 150 \u20ac.Comme on peut s&#8217;y attendre d&#8217;un chef-d&#8217;\u0153uvre de Karl Lagerfeld, ce pantalon pr\u00e9sente une silhouette impeccablement \u00e9l\u00e9gante qui flatte et captive v\u00e9ritablement. Pr\u00e9sent\u00e9 dans le catalogue Chanel Haute [&hellip;]<\/p>\n","protected":false},"featured_media":3364481,"comment_status":"open","ping_status":"closed","template":"","meta":[],"product_brand":[],"product_cat":[],"product_tag":[],"acf":[],"_links":{"self":[{"href":"https:\/\/streetmarkets.fr\/app\/wp-json\/wp\/v2\/product\/3364480"}],"collection":[{"href":"https:\/\/streetmarkets.fr\/app\/wp-json\/wp\/v2\/product"}],"about":[{"href":"https:\/\/streetmarkets.fr\/app\/wp-json\/wp\/v2\/types\/product"}],"replies":[{"embeddable":true,"href":"https:\/\/streetmarkets.fr\/app\/wp-json\/wp\/v2\/comments?post=3364480"}],"wp:featuredmedia":[{"embeddable":true,"href":"https:\/\/streetmarkets.fr\/app\/wp-json\/wp\/v2\/media\/3364481"}],"wp:attachment":[{"href":"https:\/\/streetmarkets.fr\/app\/wp-json\/wp\/v2\/media?parent=3364480"}],"wp:term":[{"taxonomy":"product_brand","embeddable":true,"href":"https:\/\/streetmarkets.fr\/app\/wp-json\/wp\/v2\/product_brand?post=3364480"},{"taxonomy":"product_cat","embeddable":true,"href":"https:\/\/streetmarkets.fr\/app\/wp-json\/wp\/v2\/product_cat?post=3364480"},{"taxonomy":"product_tag","embeddable":true,"href":"https:\/\/streetmarkets.fr\/app\/wp-json\/wp\/v2\/product_tag?post=3364480"}],"curies":[{"name":"wp","href":"https:\/\/api.w.org\/{rel}","templated":true}]}}