{"id":3358527,"date":"2026-01-10T01:07:54","date_gmt":"2026-01-10T00:07:54","guid":{"rendered":"https:\/\/streetmarkets.fr\/app\/produit\/nouveau-xirena-blouse-mae-blue-white-stripe-precommande\/"},"modified":"2026-05-06T02:05:21","modified_gmt":"2026-05-06T00:05:21","slug":"nouveau-xirena-blouse-mae-blue-white-stripe-precommande","status":"publish","type":"product","link":"https:\/\/streetmarkets.fr\/app\/produit\/nouveau-xirena-blouse-mae-blue-white-stripe-precommande\/","title":{"rendered":"Nouveau ! XIRENA Blouse Mae Blue White Stripe"},"content":{"rendered":"<p data-rte-preserve-empty=\"true\">Blouse en coton brod\u00e9, coupe ample et droite, manches courtes \u00e9vas\u00e9es, boutonn\u00e9e sur toute la hauteur devant, pliss\u00e9e devant et dos. <\/p>\n<p data-rte-preserve-empty=\"true\">D\u00e9tail : 100% coton<\/p>\n","protected":false},"excerpt":{"rendered":"<p>Blouse en coton brod\u00e9, coupe ample et droite, manches courtes \u00e9vas\u00e9es, boutonn\u00e9e sur toute la hauteur devant, pliss\u00e9e devant et dos. D\u00e9tail : 100% coton<\/p>\n","protected":false},"featured_media":3358528,"comment_status":"open","ping_status":"closed","template":"","meta":[],"product_brand":[],"product_cat":[],"product_tag":[],"acf":[],"_links":{"self":[{"href":"https:\/\/streetmarkets.fr\/app\/wp-json\/wp\/v2\/product\/3358527"}],"collection":[{"href":"https:\/\/streetmarkets.fr\/app\/wp-json\/wp\/v2\/product"}],"about":[{"href":"https:\/\/streetmarkets.fr\/app\/wp-json\/wp\/v2\/types\/product"}],"replies":[{"embeddable":true,"href":"https:\/\/streetmarkets.fr\/app\/wp-json\/wp\/v2\/comments?post=3358527"}],"wp:featuredmedia":[{"embeddable":true,"href":"https:\/\/streetmarkets.fr\/app\/wp-json\/wp\/v2\/media\/3358528"}],"wp:attachment":[{"href":"https:\/\/streetmarkets.fr\/app\/wp-json\/wp\/v2\/media?parent=3358527"}],"wp:term":[{"taxonomy":"product_brand","embeddable":true,"href":"https:\/\/streetmarkets.fr\/app\/wp-json\/wp\/v2\/product_brand?post=3358527"},{"taxonomy":"product_cat","embeddable":true,"href":"https:\/\/streetmarkets.fr\/app\/wp-json\/wp\/v2\/product_cat?post=3358527"},{"taxonomy":"product_tag","embeddable":true,"href":"https:\/\/streetmarkets.fr\/app\/wp-json\/wp\/v2\/product_tag?post=3358527"}],"curies":[{"name":"wp","href":"https:\/\/api.w.org\/{rel}","templated":true}]}}