{"id":3358508,"date":"2026-01-10T01:07:51","date_gmt":"2026-01-10T00:07:51","guid":{"rendered":"https:\/\/streetmarkets.fr\/app\/produit\/nouveau-xirena-chemise-sydney-white-precommande\/"},"modified":"2026-05-06T02:04:39","modified_gmt":"2026-05-06T00:04:39","slug":"nouveau-xirena-chemise-sydney-white-precommande","status":"publish","type":"product","link":"https:\/\/streetmarkets.fr\/app\/produit\/nouveau-xirena-chemise-sydney-white-precommande\/","title":{"rendered":"Nouveau ! XIRENA Chemise Sydney White"},"content":{"rendered":"<p data-rte-preserve-empty=\"true\">Chemise coupe ample, manches longues, poignets resserr\u00e9s, emmanchure large, une poche plaqu\u00e9e devant, douce et agr\u00e9able. \u00c9galement disponible dans d\u2019autres couleurs. Le mod\u00e8le taille grand. <\/p>\n<p data-rte-preserve-empty=\"true\"><span>D\u00e9tail : 100% coton<\/span><\/p>\n","protected":false},"excerpt":{"rendered":"<p>Chemise coupe ample, manches longues, poignets resserr\u00e9s, emmanchure large, une poche plaqu\u00e9e devant, douce et agr\u00e9able. \u00c9galement disponible dans d\u2019autres couleurs. Le mod\u00e8le taille grand. D\u00e9tail : 100% coton<\/p>\n","protected":false},"featured_media":3358509,"comment_status":"open","ping_status":"closed","template":"","meta":[],"product_brand":[],"product_cat":[],"product_tag":[],"acf":[],"_links":{"self":[{"href":"https:\/\/streetmarkets.fr\/app\/wp-json\/wp\/v2\/product\/3358508"}],"collection":[{"href":"https:\/\/streetmarkets.fr\/app\/wp-json\/wp\/v2\/product"}],"about":[{"href":"https:\/\/streetmarkets.fr\/app\/wp-json\/wp\/v2\/types\/product"}],"replies":[{"embeddable":true,"href":"https:\/\/streetmarkets.fr\/app\/wp-json\/wp\/v2\/comments?post=3358508"}],"wp:featuredmedia":[{"embeddable":true,"href":"https:\/\/streetmarkets.fr\/app\/wp-json\/wp\/v2\/media\/3358509"}],"wp:attachment":[{"href":"https:\/\/streetmarkets.fr\/app\/wp-json\/wp\/v2\/media?parent=3358508"}],"wp:term":[{"taxonomy":"product_brand","embeddable":true,"href":"https:\/\/streetmarkets.fr\/app\/wp-json\/wp\/v2\/product_brand?post=3358508"},{"taxonomy":"product_cat","embeddable":true,"href":"https:\/\/streetmarkets.fr\/app\/wp-json\/wp\/v2\/product_cat?post=3358508"},{"taxonomy":"product_tag","embeddable":true,"href":"https:\/\/streetmarkets.fr\/app\/wp-json\/wp\/v2\/product_tag?post=3358508"}],"curies":[{"name":"wp","href":"https:\/\/api.w.org\/{rel}","templated":true}]}}