{"id":3358438,"date":"2026-01-10T00:52:00","date_gmt":"2026-01-09T23:52:00","guid":{"rendered":"https:\/\/streetmarkets.fr\/app\/produit\/trousse-maquillage-froufrou-100-coton-fleur-laurier\/"},"modified":"2026-05-08T01:51:35","modified_gmt":"2026-05-07T23:51:35","slug":"trousse-maquillage-froufrou-100-coton-fleur-laurier","status":"publish","type":"product","link":"https:\/\/streetmarkets.fr\/app\/produit\/trousse-maquillage-froufrou-100-coton-fleur-laurier\/","title":{"rendered":"Trousse maquillage froufrou 100 % coton : Fleur laurier"},"content":{"rendered":"<p>trousse  de toilette ou maquillage  100% coton (int\u00e9rieur et ext\u00e9rieur)<br \/>\njoli froufrou<br \/>\ngrand choix de motifs fleuris , l\u00e9opard<br \/>\nmatelassage artisanal ,bonne \u00e9paisseur de molleton, fil \u00e9pais, travail soign\u00e9.<\/p>\n","protected":false},"excerpt":{"rendered":"<p>trousse de toilette ou maquillage 100% coton (int\u00e9rieur et ext\u00e9rieur) joli froufrou grand choix de motifs fleuris , l\u00e9opard matelassage artisanal ,bonne \u00e9paisseur de molleton, fil \u00e9pais, travail soign\u00e9.<\/p>\n","protected":false},"featured_media":3358439,"comment_status":"open","ping_status":"closed","template":"","meta":[],"product_brand":[],"product_cat":[],"product_tag":[],"acf":[],"_links":{"self":[{"href":"https:\/\/streetmarkets.fr\/app\/wp-json\/wp\/v2\/product\/3358438"}],"collection":[{"href":"https:\/\/streetmarkets.fr\/app\/wp-json\/wp\/v2\/product"}],"about":[{"href":"https:\/\/streetmarkets.fr\/app\/wp-json\/wp\/v2\/types\/product"}],"replies":[{"embeddable":true,"href":"https:\/\/streetmarkets.fr\/app\/wp-json\/wp\/v2\/comments?post=3358438"}],"wp:featuredmedia":[{"embeddable":true,"href":"https:\/\/streetmarkets.fr\/app\/wp-json\/wp\/v2\/media\/3358439"}],"wp:attachment":[{"href":"https:\/\/streetmarkets.fr\/app\/wp-json\/wp\/v2\/media?parent=3358438"}],"wp:term":[{"taxonomy":"product_brand","embeddable":true,"href":"https:\/\/streetmarkets.fr\/app\/wp-json\/wp\/v2\/product_brand?post=3358438"},{"taxonomy":"product_cat","embeddable":true,"href":"https:\/\/streetmarkets.fr\/app\/wp-json\/wp\/v2\/product_cat?post=3358438"},{"taxonomy":"product_tag","embeddable":true,"href":"https:\/\/streetmarkets.fr\/app\/wp-json\/wp\/v2\/product_tag?post=3358438"}],"curies":[{"name":"wp","href":"https:\/\/api.w.org\/{rel}","templated":true}]}}