{"id":3358381,"date":"2026-01-10T00:51:46","date_gmt":"2026-01-09T23:51:46","guid":{"rendered":"https:\/\/streetmarkets.fr\/app\/produit\/grande-pochette-en-velours-brodee-coeur-radieux-bleu-nuit\/"},"modified":"2026-05-16T01:51:34","modified_gmt":"2026-05-15T23:51:34","slug":"grande-pochette-en-velours-brodee-coeur-radieux-bleu-nuit","status":"publish","type":"product","link":"https:\/\/streetmarkets.fr\/app\/produit\/grande-pochette-en-velours-brodee-coeur-radieux-bleu-nuit\/","title":{"rendered":"Grande pochette en velours brod\u00e9e C\u0153ur radieux, bleu nuit"},"content":{"rendered":"<p>Superbe pochette en velours  bleu nuit, brod\u00e9e d&#8217;un motif de type exvoto, &#8220;Coeur radieux&#8221;  en perles de laiton et sequins<br \/>\n20 x 15 x 2 cm<\/p>\n<p>pochette &#8211; pouch &#8211; makeup bzg &#8211; idee cadeau &#8211; id\u00e9e cadeau noel &#8211; Xmas gift &#8211; velvet pouch &#8211; pochette velours &#8211; accessoire mode &#8211; exvoto &#8211;<\/p>\n","protected":false},"excerpt":{"rendered":"<p>Superbe pochette en velours bleu nuit, brod\u00e9e d&#8217;un motif de type exvoto, &#8220;Coeur radieux&#8221; en perles de laiton et sequins 20 x 15 x 2 cm pochette &#8211; pouch &#8211; makeup bzg &#8211; idee cadeau &#8211; id\u00e9e cadeau noel &#8211; Xmas gift &#8211; velvet pouch &#8211; pochette velours &#8211; accessoire mode &#8211; exvoto &#8211;<\/p>\n","protected":false},"featured_media":3358382,"comment_status":"open","ping_status":"closed","template":"","meta":[],"product_brand":[],"product_cat":[],"product_tag":[],"acf":[],"_links":{"self":[{"href":"https:\/\/streetmarkets.fr\/app\/wp-json\/wp\/v2\/product\/3358381"}],"collection":[{"href":"https:\/\/streetmarkets.fr\/app\/wp-json\/wp\/v2\/product"}],"about":[{"href":"https:\/\/streetmarkets.fr\/app\/wp-json\/wp\/v2\/types\/product"}],"replies":[{"embeddable":true,"href":"https:\/\/streetmarkets.fr\/app\/wp-json\/wp\/v2\/comments?post=3358381"}],"wp:featuredmedia":[{"embeddable":true,"href":"https:\/\/streetmarkets.fr\/app\/wp-json\/wp\/v2\/media\/3358382"}],"wp:attachment":[{"href":"https:\/\/streetmarkets.fr\/app\/wp-json\/wp\/v2\/media?parent=3358381"}],"wp:term":[{"taxonomy":"product_brand","embeddable":true,"href":"https:\/\/streetmarkets.fr\/app\/wp-json\/wp\/v2\/product_brand?post=3358381"},{"taxonomy":"product_cat","embeddable":true,"href":"https:\/\/streetmarkets.fr\/app\/wp-json\/wp\/v2\/product_cat?post=3358381"},{"taxonomy":"product_tag","embeddable":true,"href":"https:\/\/streetmarkets.fr\/app\/wp-json\/wp\/v2\/product_tag?post=3358381"}],"curies":[{"name":"wp","href":"https:\/\/api.w.org\/{rel}","templated":true}]}}