{"id":3358339,"date":"2026-01-10T00:46:49","date_gmt":"2026-01-09T23:46:49","guid":{"rendered":"https:\/\/streetmarkets.fr\/app\/produit\/bonnet-jacquard-en-laine-doublure-polaire\/"},"modified":"2026-05-06T01:44:36","modified_gmt":"2026-05-05T23:44:36","slug":"bonnet-jacquard-en-laine-doublure-polaire","status":"publish","type":"product","link":"https:\/\/streetmarkets.fr\/app\/produit\/bonnet-jacquard-en-laine-doublure-polaire\/","title":{"rendered":"Bonnet jacquard en laine doublure polaire"},"content":{"rendered":"<ul>\n<li>bonnet chaud<\/li>\n<li>ton orange jacquard motif floral\u00a0<\/li>\n<li>ext\u00e9rieur<strong><span>\u00a0<\/span>100% laine\u00a0<\/strong>\n<\/li>\n<li>agr\u00e9able \u00e0 porter : doubl\u00e9 en polaire<\/li>\n<li>tricot\u00e9 au<span>\u00a0<\/span><strong>N\u00e9pal\u00a0<\/strong>\n<\/li>\n<li>laine garantie &#8220;<strong>mulesing free<\/strong>&#8221;\u00a0<\/li>\n<li><strong>commerce \u00e9quitable<\/strong><\/li>\n<li>marque \u00e9thique allemande<span>\u00a0<\/span><strong>Tranquillo<\/strong>\n<\/li>\n<\/ul>\n","protected":false},"excerpt":{"rendered":"<p>bonnet chaud ton orange jacquard motif floral\u00a0 ext\u00e9rieur\u00a0100% laine\u00a0 agr\u00e9able \u00e0 porter : doubl\u00e9 en polaire tricot\u00e9 au\u00a0N\u00e9pal\u00a0 laine garantie &#8220;mulesing free&#8221;\u00a0 commerce \u00e9quitable marque \u00e9thique allemande\u00a0Tranquillo<\/p>\n","protected":false},"featured_media":3358340,"comment_status":"open","ping_status":"closed","template":"","meta":[],"product_brand":[],"product_cat":[],"product_tag":[],"acf":[],"_links":{"self":[{"href":"https:\/\/streetmarkets.fr\/app\/wp-json\/wp\/v2\/product\/3358339"}],"collection":[{"href":"https:\/\/streetmarkets.fr\/app\/wp-json\/wp\/v2\/product"}],"about":[{"href":"https:\/\/streetmarkets.fr\/app\/wp-json\/wp\/v2\/types\/product"}],"replies":[{"embeddable":true,"href":"https:\/\/streetmarkets.fr\/app\/wp-json\/wp\/v2\/comments?post=3358339"}],"wp:featuredmedia":[{"embeddable":true,"href":"https:\/\/streetmarkets.fr\/app\/wp-json\/wp\/v2\/media\/3358340"}],"wp:attachment":[{"href":"https:\/\/streetmarkets.fr\/app\/wp-json\/wp\/v2\/media?parent=3358339"}],"wp:term":[{"taxonomy":"product_brand","embeddable":true,"href":"https:\/\/streetmarkets.fr\/app\/wp-json\/wp\/v2\/product_brand?post=3358339"},{"taxonomy":"product_cat","embeddable":true,"href":"https:\/\/streetmarkets.fr\/app\/wp-json\/wp\/v2\/product_cat?post=3358339"},{"taxonomy":"product_tag","embeddable":true,"href":"https:\/\/streetmarkets.fr\/app\/wp-json\/wp\/v2\/product_tag?post=3358339"}],"curies":[{"name":"wp","href":"https:\/\/api.w.org\/{rel}","templated":true}]}}