{"id":3357924,"date":"2026-01-10T00:21:55","date_gmt":"2026-01-09T23:21:55","guid":{"rendered":"https:\/\/streetmarkets.fr\/app\/produit\/sac-charlot-xs-velours-noel-2025\/"},"modified":"2026-05-06T01:17:46","modified_gmt":"2026-05-05T23:17:46","slug":"sac-charlot-xs-velours-noel-2025","status":"publish","type":"product","link":"https:\/\/streetmarkets.fr\/app\/produit\/sac-charlot-xs-velours-noel-2025\/","title":{"rendered":"Sac Charlot XS Velours &#8211; No\u00ebl 2025"},"content":{"rendered":"<p class=\"p1\"><a title=\"Collection Rive Droite Paris\" href=\"\/collections\/rive-droite-paris\"><strong>Collection Rive Droite Paris<\/strong><\/a><\/p>\n<div style=\"text-align: left\">\n<p><span> Le sac \u00e0 main Charlot XS s&#8217;habille d&#8217;un velours upcycl\u00e9 finement c\u00f4tel\u00e9 pour No\u00ebl, parfait pour d\u00e9fier les fra\u00eecheurs hivernales qui nous attendent !<\/span><\/p>\n<p>Il se porte aussi bien \u00e0 l&#8217;\u00e9paule, au bras ou \u00e0 la main pour une allure \u00e9l\u00e9gante, ou en crossbody pour une allure plus casual. Son compartiment principal peut contenir un livre de poche, un porte-monnaie, des cl\u00e9s et un t\u00e9l\u00e9phone. Il contient une petite poche int\u00e9rieure zipp\u00e9e pour ranger vos effets pr\u00e9cieux et une poche ext\u00e9rieure zipp\u00e9e pour une organiser optimale au quotidien. Sa bandouli\u00e8re est r\u00e9glable pour vous permettre de choisir le port\u00e9 que vous souhaitez et s&#8217;adapter \u00e0 toutes les morphologies. Il se ferme par un zip YKK\u00ae dor\u00e9.<\/p>\n<p>Sa doublure int\u00e9rieure est issue de chutes de tissu de l&#8217;industrie textile.<\/p>\n<\/div>\n<ul>\n<li>\n<strong>Composition<\/strong><span>\u00a0<\/span>:<span><span> Velours upcycl\u00e9 aux fines c\u00f4tes &#8211;\u00a080% polyester, 17% nylon, 3% SPAN<\/span><\/span>\n<\/li>\n<li>\n<strong>Emballage :\u00a0<\/strong>Ce produit est emball\u00e9 avec soin dans un pochon en coton r\u00e9utilisable avec un lien coulissant.<\/li>\n<li>\n<strong>Doublure<\/strong><span>\u00a0<\/span>:  <span>Negowak en noir : 65% polyester 35% coton<\/span>\n<\/li>\n<li>\n<strong>Dimensions<\/strong><span>\u00a0<\/span><span>:<\/span><span>\u00a0<\/span><span>L30 x H16 x P8 cm.<span>\u00a0<\/span><span>Tour de taille maximum 112 cm. Tour de taille minimum 62 cm<\/span><\/span><span><span><\/span><\/span>\n<\/li>\n<li>\n<strong>Conseils d&#8217;entretien<\/strong><span>\u00a0<\/span>:<span> Nettoyage \u00e0 sec uniquement. Ne pas repasser.<\/span>\n<\/li>\n<\/ul>\n","protected":false},"excerpt":{"rendered":"<p>Collection Rive Droite Paris Le sac \u00e0 main Charlot XS s&#8217;habille d&#8217;un velours upcycl\u00e9 finement c\u00f4tel\u00e9 pour No\u00ebl, parfait pour d\u00e9fier les fra\u00eecheurs hivernales qui nous attendent ! Il se porte aussi bien \u00e0 l&#8217;\u00e9paule, au bras ou \u00e0 la main pour une allure \u00e9l\u00e9gante, ou en crossbody pour une allure plus casual. Son compartiment [&hellip;]<\/p>\n","protected":false},"featured_media":3357925,"comment_status":"open","ping_status":"closed","template":"","meta":[],"product_brand":[],"product_cat":[],"product_tag":[],"acf":[],"_links":{"self":[{"href":"https:\/\/streetmarkets.fr\/app\/wp-json\/wp\/v2\/product\/3357924"}],"collection":[{"href":"https:\/\/streetmarkets.fr\/app\/wp-json\/wp\/v2\/product"}],"about":[{"href":"https:\/\/streetmarkets.fr\/app\/wp-json\/wp\/v2\/types\/product"}],"replies":[{"embeddable":true,"href":"https:\/\/streetmarkets.fr\/app\/wp-json\/wp\/v2\/comments?post=3357924"}],"wp:featuredmedia":[{"embeddable":true,"href":"https:\/\/streetmarkets.fr\/app\/wp-json\/wp\/v2\/media\/3357925"}],"wp:attachment":[{"href":"https:\/\/streetmarkets.fr\/app\/wp-json\/wp\/v2\/media?parent=3357924"}],"wp:term":[{"taxonomy":"product_brand","embeddable":true,"href":"https:\/\/streetmarkets.fr\/app\/wp-json\/wp\/v2\/product_brand?post=3357924"},{"taxonomy":"product_cat","embeddable":true,"href":"https:\/\/streetmarkets.fr\/app\/wp-json\/wp\/v2\/product_cat?post=3357924"},{"taxonomy":"product_tag","embeddable":true,"href":"https:\/\/streetmarkets.fr\/app\/wp-json\/wp\/v2\/product_tag?post=3357924"}],"curies":[{"name":"wp","href":"https:\/\/api.w.org\/{rel}","templated":true}]}}