{"id":3350665,"date":"2026-01-08T02:34:11","date_gmt":"2026-01-08T01:34:11","guid":{"rendered":"https:\/\/streetmarkets.fr\/app\/produit\/jf-rey-22\/"},"modified":"2026-05-11T03:33:46","modified_gmt":"2026-05-11T01:33:46","slug":"jf-rey-22","status":"publish","type":"product","link":"https:\/\/streetmarkets.fr\/app\/produit\/jf-rey-22\/","title":{"rendered":"JF REY &#8211; 22"},"content":{"rendered":"<p>D\u00e9couvrez cette monture embl\u00e9matique de la marque fran\u00e7aise JF REY, un incontournable des ann\u00e9es 90 revisit\u00e9 avec style. Inspir\u00e9e du design iconique Wayfarer, elle arbore une silhouette \u00e9pur\u00e9e et intemporelle. Les branches se distinguent par leurs d\u00e9tails z\u00e9br\u00e9s en rouge et noir, apportant une touche de caract\u00e8re et d&#8217;originalit\u00e9. Fabriqu\u00e9e dans le Jura, cette monture incarne le savoir-faire fran\u00e7ais et la qualit\u00e9 artisanale. Un accessoire authentique pour ceux qui appr\u00e9cient l&#8217;h\u00e9ritage et la personnalit\u00e9.<\/p>\n<div id=\"accordion\">\n<div class=\"card\" style=\"border-top: 1px solid #d3d3d3;border-left: none;border-right: none;border-bottom: 1px solid #d3d3d3\">\n<div id=\"collapseOne\" class=\"collapse\">\n<div class=\"card-body\">\n<p style=\"margin-bottom: -3px\">\u00a0<\/p>\n<p style=\"margin-bottom: -3px\"><b>Marque : JF Rey<\/b><\/p>\n<p style=\"margin-bottom: -3px\"><b>Ann\u00e9e : <\/b>90<\/p>\n<p style=\"margin-bottom: -3px\"><b>Forme : Carr\u00e9<\/b><\/p>\n<p style=\"margin-bottom: -3px\"><b>Couleur :<\/b> Noir<\/p>\n<p style=\"margin-bottom: -3px\"><b>Mat\u00e9riaux :<\/b> Ac\u00e9tate<\/p>\n<p style=\"margin-bottom: -3px\"><b>Verres :<\/b> sans verres peut \u00eatre \u00e9quip\u00e9e en boutique\u00a0<\/p>\n<p style=\"margin-bottom: -15px\"><b>Fabrication : <\/b>\u00a0France<\/p>\n<p><\/p>\n<p style=\"margin-bottom: -5px\"><b>Etat : <\/b> Neuf, jamais port\u00e9<\/p>\n<p><\/p>\n<p style=\"margin-bottom: -5px;font-style: italic\">Toutes nos lunettes passent entre les mains de nos opticiens, qui r\u00e9habilitent et ajustent les montures pour un confort optimal.<\/p>\n<\/div>\n<\/div>\n<\/div>\n<div class=\"card\" style=\"border: none;border-bottom: 1px solid #d3d3d3\">\n<button style=\"color: black;background-color: initial;box-shadow: none;font-size: 20px;text-transform: uppercase;border: none\" class=\"card-header collapsed card-link\" data-toggle=\"collapse\" data-target=\"#collapseTwo\"> <b class=\"header-title float-left\" style=\"font-family: Oswald;font-size: 15px;font-style: normal;font-variant: normal;font-weight: 400;line-height: 18.2px;text-align: justify;color: #766456;letter-spacing: 1px\"> Guide des tailles<\/b> <i class=\"fas fa-angle-right float-right\" style=\"position: absolute;right: 10px;color: #766456\"><\/i> <\/button><\/p>\n<div id=\"collapseTwo\" class=\"collapse\">\n<div class=\"card-body\">\n<img decoding=\"async\" src=\"https:\/\/cdn.shopify.com\/s\/files\/1\/0602\/6009\/0089\/files\/mesurerectanglePNG.png?v=1636987570\" border=\"0\"> <\/p>\n<p class=\"guide_des_tailles\"><b>A <\/b>\u00a0&#8211; Face : 135 mm <br \/><b>B <\/b> &#8211; Pont\/Nez : 15 mm <br \/><b>C <\/b>\u00a0&#8211; Calibre : 41 mm<\/p>\n<p class=\"guide_des_tailles\">\u00a0<\/p>\n<\/div>\n<\/div>\n<\/div>\n<div class=\"card\" style=\"border: none;border-bottom: 1px solid #d3d3d3\">\n<button style=\"color: black;background-color: initial;box-shadow: none;font-size: 20px;text-transform: uppercase;border: none\" class=\"card-header collapsed card-link\" data-toggle=\"collapse\" data-target=\"#collapseThree\"> <b class=\"header-title float-left\" style=\"font-family: Oswald;font-size: 15px;font-style: normal;font-variant: normal;font-weight: 400;line-height: 18.2px;text-align: justify;color: #766456;letter-spacing: 1px\"> Entretien <\/b> <i class=\"fas fa-angle-right float-right\" style=\"position: absolute;right: 10px;color: #766456\"><\/i> <\/button><\/p>\n<div id=\"collapseThree\" class=\"collapse\">\n<div class=\"card-body\">\n<p class=\"entretiens\">&#8211; Nettoyez vos lunettes avec de l&#8217;eau froide (jamais chaude) et du savon liquide et essuyez les avec une microfibre.<br \/>&#8211; Rangez vos lunettes dans leur \u00e9tui et ne jamais les poser sur les verres.<\/p>\n<p class=\"derniers_entretiens\">&#8211; Ne laissez jamais vos lunettes pr\u00e8s d&#8217;une source de chaleur<\/p>\n<\/div>\n<\/div>\n<\/div>\n<\/div>\n<p style=\"font-style: italic;margin-top: 10px\">Chaque paire est livr\u00e9e dans son \u00e9tui \u00e0 lunettes Seconde Vue<\/p>\n","protected":false},"excerpt":{"rendered":"<p>D\u00e9couvrez cette monture embl\u00e9matique de la marque fran\u00e7aise JF REY, un incontournable des ann\u00e9es 90 revisit\u00e9 avec style. Inspir\u00e9e du design iconique Wayfarer, elle arbore une silhouette \u00e9pur\u00e9e et intemporelle. Les branches se distinguent par leurs d\u00e9tails z\u00e9br\u00e9s en rouge et noir, apportant une touche de caract\u00e8re et d&#8217;originalit\u00e9. Fabriqu\u00e9e dans le Jura, cette monture [&hellip;]<\/p>\n","protected":false},"featured_media":3350666,"comment_status":"open","ping_status":"closed","template":"","meta":[],"product_brand":[],"product_cat":[],"product_tag":[],"acf":[],"_links":{"self":[{"href":"https:\/\/streetmarkets.fr\/app\/wp-json\/wp\/v2\/product\/3350665"}],"collection":[{"href":"https:\/\/streetmarkets.fr\/app\/wp-json\/wp\/v2\/product"}],"about":[{"href":"https:\/\/streetmarkets.fr\/app\/wp-json\/wp\/v2\/types\/product"}],"replies":[{"embeddable":true,"href":"https:\/\/streetmarkets.fr\/app\/wp-json\/wp\/v2\/comments?post=3350665"}],"wp:featuredmedia":[{"embeddable":true,"href":"https:\/\/streetmarkets.fr\/app\/wp-json\/wp\/v2\/media\/3350666"}],"wp:attachment":[{"href":"https:\/\/streetmarkets.fr\/app\/wp-json\/wp\/v2\/media?parent=3350665"}],"wp:term":[{"taxonomy":"product_brand","embeddable":true,"href":"https:\/\/streetmarkets.fr\/app\/wp-json\/wp\/v2\/product_brand?post=3350665"},{"taxonomy":"product_cat","embeddable":true,"href":"https:\/\/streetmarkets.fr\/app\/wp-json\/wp\/v2\/product_cat?post=3350665"},{"taxonomy":"product_tag","embeddable":true,"href":"https:\/\/streetmarkets.fr\/app\/wp-json\/wp\/v2\/product_tag?post=3350665"}],"curies":[{"name":"wp","href":"https:\/\/api.w.org\/{rel}","templated":true}]}}