{"id":3344718,"date":"2026-01-07T02:50:28","date_gmt":"2026-01-07T01:50:28","guid":{"rendered":"https:\/\/streetmarkets.fr\/app\/produit\/candle-fun-fair\/"},"modified":"2026-05-09T03:49:46","modified_gmt":"2026-05-09T01:49:46","slug":"candle-fun-fair","status":"publish","type":"product","link":"https:\/\/streetmarkets.fr\/app\/produit\/candle-fun-fair\/","title":{"rendered":"Candle &#8211; Fun Fair"},"content":{"rendered":"<p><span>Fond\u00e9e \u00e0 Paris en juin 2013 par Rami Mekdachi et la famille Mekdachi, Lola James Harper cr\u00e9e et commercialise une gamme de bougies, sprays d&#8217;int\u00e9rieur et parfums, qui traduisent des moments, des lieux et des amiti\u00e9s les plus ch\u00e9ris.<\/span><\/p>\n","protected":false},"excerpt":{"rendered":"<p>Fond\u00e9e \u00e0 Paris en juin 2013 par Rami Mekdachi et la famille Mekdachi, Lola James Harper cr\u00e9e et commercialise une gamme de bougies, sprays d&#8217;int\u00e9rieur et parfums, qui traduisent des moments, des lieux et des amiti\u00e9s les plus ch\u00e9ris.<\/p>\n","protected":false},"featured_media":3344719,"comment_status":"open","ping_status":"closed","template":"","meta":[],"product_brand":[],"product_cat":[],"product_tag":[],"acf":[],"_links":{"self":[{"href":"https:\/\/streetmarkets.fr\/app\/wp-json\/wp\/v2\/product\/3344718"}],"collection":[{"href":"https:\/\/streetmarkets.fr\/app\/wp-json\/wp\/v2\/product"}],"about":[{"href":"https:\/\/streetmarkets.fr\/app\/wp-json\/wp\/v2\/types\/product"}],"replies":[{"embeddable":true,"href":"https:\/\/streetmarkets.fr\/app\/wp-json\/wp\/v2\/comments?post=3344718"}],"wp:featuredmedia":[{"embeddable":true,"href":"https:\/\/streetmarkets.fr\/app\/wp-json\/wp\/v2\/media\/3344719"}],"wp:attachment":[{"href":"https:\/\/streetmarkets.fr\/app\/wp-json\/wp\/v2\/media?parent=3344718"}],"wp:term":[{"taxonomy":"product_brand","embeddable":true,"href":"https:\/\/streetmarkets.fr\/app\/wp-json\/wp\/v2\/product_brand?post=3344718"},{"taxonomy":"product_cat","embeddable":true,"href":"https:\/\/streetmarkets.fr\/app\/wp-json\/wp\/v2\/product_cat?post=3344718"},{"taxonomy":"product_tag","embeddable":true,"href":"https:\/\/streetmarkets.fr\/app\/wp-json\/wp\/v2\/product_tag?post=3344718"}],"curies":[{"name":"wp","href":"https:\/\/api.w.org\/{rel}","templated":true}]}}