{"id":3339100,"date":"2026-01-07T00:14:37","date_gmt":"2026-01-06T23:14:37","guid":{"rendered":"https:\/\/streetmarkets.fr\/app\/produit\/chaussettes-tartine-confiture\/"},"modified":"2026-05-16T01:13:16","modified_gmt":"2026-05-15T23:13:16","slug":"chaussettes-tartine-confiture","status":"publish","type":"product","link":"https:\/\/streetmarkets.fr\/app\/produit\/chaussettes-tartine-confiture\/","title":{"rendered":"Chaussettes Tartine &amp; Confiture"},"content":{"rendered":"<p class=\"p1\"><a href=\"\/collections\/coucou-suzette\" title=\"Collection Coucou Suzette\"><strong>Collection Coucou Suzette<\/strong><\/a><\/p>\n<p><span>Des chaussettes d\u00e9pareill\u00e9es qui ravissent notre enfant int\u00e9rieur ! L\u2019une couverte de petits pots de confiture de fraise, l\u2019autre, remplie de tartines g\u00e9n\u00e9reuses. Une petite pause go\u00fbter d\u00e9licieuse, servie sur fond rose p\u00e2le.<\/span><\/p>\n<ul>\n<li>\n <em>Chaussettes en  <span>chaussettes en coton italien certifi\u00e9 OEKO-TEX\u00ae\ufe0f 72%, Polyamide 27%, Elasthanne 1%<\/span><\/em>\n<\/li>\n<li><em>Mixtes &#8211; Taille unique (du 35 au 44)<\/em><\/li>\n<li><em>Conseils d\u2019entretien : laver \u00e0 l\u2019envers \u00e0 30\u00b0<\/em><\/li>\n<li><em>Fabriqu\u00e9es en France<\/em><\/li>\n<\/ul>\n","protected":false},"excerpt":{"rendered":"<p>Collection Coucou Suzette Des chaussettes d\u00e9pareill\u00e9es qui ravissent notre enfant int\u00e9rieur ! L\u2019une couverte de petits pots de confiture de fraise, l\u2019autre, remplie de tartines g\u00e9n\u00e9reuses. Une petite pause go\u00fbter d\u00e9licieuse, servie sur fond rose p\u00e2le. Chaussettes en chaussettes en coton italien certifi\u00e9 OEKO-TEX\u00ae\ufe0f 72%, Polyamide 27%, Elasthanne 1% Mixtes &#8211; Taille unique (du 35 [&hellip;]<\/p>\n","protected":false},"featured_media":3339101,"comment_status":"open","ping_status":"closed","template":"","meta":[],"product_brand":[],"product_cat":[],"product_tag":[],"acf":[],"_links":{"self":[{"href":"https:\/\/streetmarkets.fr\/app\/wp-json\/wp\/v2\/product\/3339100"}],"collection":[{"href":"https:\/\/streetmarkets.fr\/app\/wp-json\/wp\/v2\/product"}],"about":[{"href":"https:\/\/streetmarkets.fr\/app\/wp-json\/wp\/v2\/types\/product"}],"replies":[{"embeddable":true,"href":"https:\/\/streetmarkets.fr\/app\/wp-json\/wp\/v2\/comments?post=3339100"}],"wp:featuredmedia":[{"embeddable":true,"href":"https:\/\/streetmarkets.fr\/app\/wp-json\/wp\/v2\/media\/3339101"}],"wp:attachment":[{"href":"https:\/\/streetmarkets.fr\/app\/wp-json\/wp\/v2\/media?parent=3339100"}],"wp:term":[{"taxonomy":"product_brand","embeddable":true,"href":"https:\/\/streetmarkets.fr\/app\/wp-json\/wp\/v2\/product_brand?post=3339100"},{"taxonomy":"product_cat","embeddable":true,"href":"https:\/\/streetmarkets.fr\/app\/wp-json\/wp\/v2\/product_cat?post=3339100"},{"taxonomy":"product_tag","embeddable":true,"href":"https:\/\/streetmarkets.fr\/app\/wp-json\/wp\/v2\/product_tag?post=3339100"}],"curies":[{"name":"wp","href":"https:\/\/api.w.org\/{rel}","templated":true}]}}