{"id":3321516,"date":"2026-01-04T00:52:55","date_gmt":"2026-01-03T23:52:55","guid":{"rendered":"https:\/\/streetmarkets.fr\/app\/produit\/tapis-de-sport-h25-accessoires-sandy-brown\/"},"modified":"2026-04-06T01:51:59","modified_gmt":"2026-04-05T23:51:59","slug":"tapis-de-sport-h25-accessoires-sandy-brown","status":"publish","type":"product","link":"https:\/\/streetmarkets.fr\/app\/produit\/tapis-de-sport-h25-accessoires-sandy-brown\/","title":{"rendered":"Tapis de Sport (H25\/ ACCESSOIRES\/ SANDY BROWN)"},"content":{"rendered":"<p>Exp\u00e9dition par Hercule Studio.<\/p>\n<p>Tapis de sport en forme d\u2019arche Hercule Studio x FROM FUTURE<br \/>&#8211; Rev\u00eatement 100% Cachemire 2 fils<br \/>&#8211; Design et ergonomique, il allie esth\u00e9tisme soign\u00e9 et technicit\u00e9 sportive<br \/>&#8211; Fabriqu\u00e9 en France<br \/>&#8211; Responsable et durable : sans PVC<br \/>&#8211; Grande taille de 190 x 68 x 0,8 cm pour une ergonomie optimis\u00e9e<br \/>&#8211; Non toxique et sans PVC<br \/>&#8211; Relief bomb\u00e9 apportant confort, sensorialit\u00e9<br \/>&#8211; Adh\u00e9rence de la base inf\u00e9rieure pour \u00e9viter que le tapis ne glisse<br \/>&#8211; Vendu accompagn\u00e9 de son sac de protection minimaliste<\/p>\n","protected":false},"excerpt":{"rendered":"<p>Exp\u00e9dition par Hercule Studio. Tapis de sport en forme d\u2019arche Hercule Studio x FROM FUTURE&#8211; Rev\u00eatement 100% Cachemire 2 fils&#8211; Design et ergonomique, il allie esth\u00e9tisme soign\u00e9 et technicit\u00e9 sportive&#8211; Fabriqu\u00e9 en France&#8211; Responsable et durable : sans PVC&#8211; Grande taille de 190 x 68 x 0,8 cm pour une ergonomie optimis\u00e9e&#8211; Non toxique et [&hellip;]<\/p>\n","protected":false},"featured_media":3321517,"comment_status":"open","ping_status":"closed","template":"","meta":[],"product_brand":[6868],"product_cat":[],"product_tag":[],"acf":[],"_links":{"self":[{"href":"https:\/\/streetmarkets.fr\/app\/wp-json\/wp\/v2\/product\/3321516"}],"collection":[{"href":"https:\/\/streetmarkets.fr\/app\/wp-json\/wp\/v2\/product"}],"about":[{"href":"https:\/\/streetmarkets.fr\/app\/wp-json\/wp\/v2\/types\/product"}],"replies":[{"embeddable":true,"href":"https:\/\/streetmarkets.fr\/app\/wp-json\/wp\/v2\/comments?post=3321516"}],"wp:featuredmedia":[{"embeddable":true,"href":"https:\/\/streetmarkets.fr\/app\/wp-json\/wp\/v2\/media\/3321517"}],"wp:attachment":[{"href":"https:\/\/streetmarkets.fr\/app\/wp-json\/wp\/v2\/media?parent=3321516"}],"wp:term":[{"taxonomy":"product_brand","embeddable":true,"href":"https:\/\/streetmarkets.fr\/app\/wp-json\/wp\/v2\/product_brand?post=3321516"},{"taxonomy":"product_cat","embeddable":true,"href":"https:\/\/streetmarkets.fr\/app\/wp-json\/wp\/v2\/product_cat?post=3321516"},{"taxonomy":"product_tag","embeddable":true,"href":"https:\/\/streetmarkets.fr\/app\/wp-json\/wp\/v2\/product_tag?post=3321516"}],"curies":[{"name":"wp","href":"https:\/\/api.w.org\/{rel}","templated":true}]}}