{"id":3292442,"date":"2025-12-29T23:43:57","date_gmt":"2025-12-29T22:43:57","guid":{"rendered":"https:\/\/streetmarkets.fr\/app\/produit\/mariniere-blanc-cumulus-mixte-175\/"},"modified":"2025-12-29T23:43:57","modified_gmt":"2025-12-29T22:43:57","slug":"mariniere-blanc-cumulus-mixte-175","status":"publish","type":"product","link":"https:\/\/streetmarkets.fr\/app\/produit\/mariniere-blanc-cumulus-mixte-175\/","title":{"rendered":"Marini\u00e8re Blanc \/ Cumulus, mixte"},"content":{"rendered":"<p>C&#8217;est une marini\u00e8re discr\u00e8te et \u00e9l\u00e9gante qui porte le nom du petit nuage cumulus. Nuage blanc aux jolies formes arrondies que l&#8217;on voit durant l&#8217;\u00e9t\u00e9.<\/p>\n<p>La marini\u00e8re Blanc \/ Cumulus en coton lourd.<\/p>\n<p>C&#8217;est une marini\u00e8re discr\u00e8te et \u00e9l\u00e9gante qui porte le nom du nuage cumulus. Nuage blanc aux jolies formes arrondies que l&#8217;on voit durant l&#8217;\u00e9t\u00e9.\u00a0<\/p>\n<p>C&#8217;est tr\u00e8s certainement l&#8217;incontournable de sa garde robe pour toute l&#8217;ann\u00e9e, tr\u00e8s facile \u00e0 associer avec ses couleurs passe-partout.\u00a0<\/p>\n<p>Marini\u00e8re authentique :\u00a0<\/p>\n<p>&#8211; Fabrication 100% fran\u00e7aise dans notre atelier historique<\/p>\n<p>&#8211; \u00c9cusson figurant notre abeille<\/p>\n<p>&#8211; 100% Coton lourd<\/p>\n<p>&#8211; Col bateau<\/p>\n<p>&#8211; Coupe droite qui ne bouge pas avec le temps<\/p><\/p>\n","protected":false},"excerpt":{"rendered":"<p>C&#8217;est une marini\u00e8re discr\u00e8te et \u00e9l\u00e9gante qui porte le nom du petit nuage cumulus. Nuage blanc aux jolies formes arrondies que l&#8217;on voit durant l&#8217;\u00e9t\u00e9. La marini\u00e8re Blanc \/ Cumulus en coton lourd. C&#8217;est une marini\u00e8re discr\u00e8te et \u00e9l\u00e9gante qui porte le nom du nuage cumulus. Nuage blanc aux jolies formes arrondies que l&#8217;on voit [&hellip;]<\/p>\n","protected":false},"featured_media":3292443,"comment_status":"open","ping_status":"closed","template":"","meta":[],"product_brand":[],"product_cat":[],"product_tag":[],"acf":[],"_links":{"self":[{"href":"https:\/\/streetmarkets.fr\/app\/wp-json\/wp\/v2\/product\/3292442"}],"collection":[{"href":"https:\/\/streetmarkets.fr\/app\/wp-json\/wp\/v2\/product"}],"about":[{"href":"https:\/\/streetmarkets.fr\/app\/wp-json\/wp\/v2\/types\/product"}],"replies":[{"embeddable":true,"href":"https:\/\/streetmarkets.fr\/app\/wp-json\/wp\/v2\/comments?post=3292442"}],"wp:featuredmedia":[{"embeddable":true,"href":"https:\/\/streetmarkets.fr\/app\/wp-json\/wp\/v2\/media\/3292443"}],"wp:attachment":[{"href":"https:\/\/streetmarkets.fr\/app\/wp-json\/wp\/v2\/media?parent=3292442"}],"wp:term":[{"taxonomy":"product_brand","embeddable":true,"href":"https:\/\/streetmarkets.fr\/app\/wp-json\/wp\/v2\/product_brand?post=3292442"},{"taxonomy":"product_cat","embeddable":true,"href":"https:\/\/streetmarkets.fr\/app\/wp-json\/wp\/v2\/product_cat?post=3292442"},{"taxonomy":"product_tag","embeddable":true,"href":"https:\/\/streetmarkets.fr\/app\/wp-json\/wp\/v2\/product_tag?post=3292442"}],"curies":[{"name":"wp","href":"https:\/\/api.w.org\/{rel}","templated":true}]}}