{"id":3285663,"date":"2025-12-28T23:58:00","date_gmt":"2025-12-28T22:58:00","guid":{"rendered":"https:\/\/streetmarkets.fr\/app\/produit\/echarpe-a-carreaux-green-brown-naturals\/"},"modified":"2026-05-13T00:56:06","modified_gmt":"2026-05-12T22:56:06","slug":"echarpe-a-carreaux-green-brown-naturals","status":"publish","type":"product","link":"https:\/\/streetmarkets.fr\/app\/produit\/echarpe-a-carreaux-green-brown-naturals\/","title":{"rendered":"Echarpe \u00e0 carreaux Green\/Brown\/Naturals"},"content":{"rendered":"<p data-start=\"206\" data-end=\"224\">Description<\/p>\n<p data-start=\"225\" data-end=\"416\">Notre \u00e9charpe tiss\u00e9e \u00e0 carreaux s\u00e9duit par une douceur remarquable et une mati\u00e8re l\u00e9g\u00e8re et souple. Gr\u00e2ce \u00e0 sa fibre naturelle, elle conserve la chaleur et vous prot\u00e8ge du froid et du vent.<\/p>\n<p data-start=\"418\" data-end=\"546\">Ce foulard est confectionn\u00e9 \u00e0 la main, ce qui peut entra\u00eener de l\u00e9g\u00e8res variations de couleur ou de dimensions selon les lots.<\/p>\n<p data-start=\"553\" data-end=\"567\">D\u00c9TAILS<\/p>\n<ul data-start=\"568\" data-end=\"807\">\n<li data-start=\"568\" data-end=\"629\">Composition : 60 % laine d\u2019alpaga, 40 % acrylique recycl\u00e9<\/li>\n<li data-start=\"630\" data-end=\"657\">Dimension : 200 \u00d7 65 cm<\/li>\n<li data-start=\"658\" data-end=\"719\">Couleur &amp; motif : vert, brun et naturel, motif \u00e0 carreaux<\/li>\n<li data-start=\"720\" data-end=\"807\">Confection : artisanale, r\u00e9alis\u00e9e \u00e0 la main dans les communaut\u00e9s de tissage andines<\/li>\n<\/ul>\n<p>Le conseil d\u2019Astrid<\/p>\n<p data-start=\"841\" data-end=\"1095\">J\u2019aime particuli\u00e8rement cette \u00e9charpe pour ses tons chaleureux et naturels qui rappellent les paysages d\u2019automne. Parfaite avec un manteau \u00e9cru ou une veste en laine brune, elle apporte une touche \u00e0 la fois \u00e9l\u00e9gante et d\u00e9contract\u00e9e \u00e0 toutes vos tenues.<\/p>\n<p data-start=\"1102\" data-end=\"1118\">La marque<\/p>\n<p data-start=\"1122\" data-end=\"1166\">&#8211; Alpaca Loca, entre tradition et \u00e9l\u00e9gance &#8211;<\/p>\n<p data-start=\"1168\" data-end=\"1579\">Alpaca Loca valorise le savoir-faire artisanal et les fibres naturelles d\u2019\u00c9quateur. Chaque pi\u00e8ce est tiss\u00e9e \u00e0 la main par une communaut\u00e9 locale, dans le respect des traditions et des personnes. En privil\u00e9giant une production \u00e9quitable et responsable, la marque soutient directement les \u00e9leveurs et tisserands \u00e9quatoriens, favorisant ainsi une croissance \u00e9conomique durable et des conditions de travail justes.<\/p>\n","protected":false},"excerpt":{"rendered":"<p>Description Notre \u00e9charpe tiss\u00e9e \u00e0 carreaux s\u00e9duit par une douceur remarquable et une mati\u00e8re l\u00e9g\u00e8re et souple. Gr\u00e2ce \u00e0 sa fibre naturelle, elle conserve la chaleur et vous prot\u00e8ge du froid et du vent. Ce foulard est confectionn\u00e9 \u00e0 la main, ce qui peut entra\u00eener de l\u00e9g\u00e8res variations de couleur ou de dimensions selon les [&hellip;]<\/p>\n","protected":false},"featured_media":3285664,"comment_status":"open","ping_status":"closed","template":"","meta":[],"product_brand":[],"product_cat":[],"product_tag":[],"acf":[],"_links":{"self":[{"href":"https:\/\/streetmarkets.fr\/app\/wp-json\/wp\/v2\/product\/3285663"}],"collection":[{"href":"https:\/\/streetmarkets.fr\/app\/wp-json\/wp\/v2\/product"}],"about":[{"href":"https:\/\/streetmarkets.fr\/app\/wp-json\/wp\/v2\/types\/product"}],"replies":[{"embeddable":true,"href":"https:\/\/streetmarkets.fr\/app\/wp-json\/wp\/v2\/comments?post=3285663"}],"wp:featuredmedia":[{"embeddable":true,"href":"https:\/\/streetmarkets.fr\/app\/wp-json\/wp\/v2\/media\/3285664"}],"wp:attachment":[{"href":"https:\/\/streetmarkets.fr\/app\/wp-json\/wp\/v2\/media?parent=3285663"}],"wp:term":[{"taxonomy":"product_brand","embeddable":true,"href":"https:\/\/streetmarkets.fr\/app\/wp-json\/wp\/v2\/product_brand?post=3285663"},{"taxonomy":"product_cat","embeddable":true,"href":"https:\/\/streetmarkets.fr\/app\/wp-json\/wp\/v2\/product_cat?post=3285663"},{"taxonomy":"product_tag","embeddable":true,"href":"https:\/\/streetmarkets.fr\/app\/wp-json\/wp\/v2\/product_tag?post=3285663"}],"curies":[{"name":"wp","href":"https:\/\/api.w.org\/{rel}","templated":true}]}}