{"id":3257299,"date":"2025-12-25T00:27:20","date_gmt":"2025-12-24T23:27:20","guid":{"rendered":"https:\/\/streetmarkets.fr\/app\/produit\/pochette-ordinateur-13-14-wild-berries-la-boutique-de-louise\/"},"modified":"2026-01-05T00:27:23","modified_gmt":"2026-01-04T23:27:23","slug":"pochette-ordinateur-13-14-wild-berries-la-boutique-de-louise","status":"publish","type":"product","link":"https:\/\/streetmarkets.fr\/app\/produit\/pochette-ordinateur-13-14-wild-berries-la-boutique-de-louise\/","title":{"rendered":"Pochette ordinateur 13-14&#039;&#039; Wild berries &#8211; La boutique de Louise"},"content":{"rendered":"<p>Pochette matelass\u00e9e en coton fleuri, servant de housse de protection pour un ordinateur jusqu&#8217;\u00e0 14 pouces.Int\u00e9rieur doubl\u00e9 en coton assorti.Dimensions :\u00a035 x 26 cm.Mati\u00e8re :\u00a0100% coton.La Ptite cachotti\u00e8re est une entreprise familiale bas\u00e9e \u00e0 Paris proposant des accessoires en coton.Baign\u00e9e d\u00e8s sa plus jeune enfance dans l\u2019univers de la couture, la cr\u00e9atrice, Sichen, adorait jouer avec les chutes de tissus qu\u2019elle trouvait dans l\u2019atelier familial : elle les mettait de c\u00f4t\u00e9 et les cachait avant qu\u2019elles ne soient jet\u00e9es.Son penchant pour les assembler s\u2019est ensuite confirm\u00e9 et elle a eu l\u2019ing\u00e9nieuse id\u00e9e de cr\u00e9er des pochettes qui sortent de l\u2019ordinaire : color\u00e9es, inspir\u00e9es, positives, attentionn\u00e9es et personnalis\u00e9es.<\/p>\n","protected":false},"excerpt":{"rendered":"<p>Pochette matelass\u00e9e en coton fleuri, servant de housse de protection pour un ordinateur jusqu&#8217;\u00e0 14 pouces.Int\u00e9rieur doubl\u00e9 en coton assorti.Dimensions :\u00a035 x 26 cm.Mati\u00e8re :\u00a0100% coton.La Ptite cachotti\u00e8re est une entreprise familiale bas\u00e9e \u00e0 Paris proposant des accessoires en coton.Baign\u00e9e d\u00e8s sa plus jeune enfance dans l\u2019univers de la couture, la cr\u00e9atrice, Sichen, adorait jouer [&hellip;]<\/p>\n","protected":false},"featured_media":0,"comment_status":"open","ping_status":"closed","template":"","meta":[],"product_brand":[],"product_cat":[],"product_tag":[],"acf":[],"_links":{"self":[{"href":"https:\/\/streetmarkets.fr\/app\/wp-json\/wp\/v2\/product\/3257299"}],"collection":[{"href":"https:\/\/streetmarkets.fr\/app\/wp-json\/wp\/v2\/product"}],"about":[{"href":"https:\/\/streetmarkets.fr\/app\/wp-json\/wp\/v2\/types\/product"}],"replies":[{"embeddable":true,"href":"https:\/\/streetmarkets.fr\/app\/wp-json\/wp\/v2\/comments?post=3257299"}],"wp:attachment":[{"href":"https:\/\/streetmarkets.fr\/app\/wp-json\/wp\/v2\/media?parent=3257299"}],"wp:term":[{"taxonomy":"product_brand","embeddable":true,"href":"https:\/\/streetmarkets.fr\/app\/wp-json\/wp\/v2\/product_brand?post=3257299"},{"taxonomy":"product_cat","embeddable":true,"href":"https:\/\/streetmarkets.fr\/app\/wp-json\/wp\/v2\/product_cat?post=3257299"},{"taxonomy":"product_tag","embeddable":true,"href":"https:\/\/streetmarkets.fr\/app\/wp-json\/wp\/v2\/product_tag?post=3257299"}],"curies":[{"name":"wp","href":"https:\/\/api.w.org\/{rel}","templated":true}]}}