{"id":3257238,"date":"2025-12-25T00:27:00","date_gmt":"2025-12-24T23:27:00","guid":{"rendered":"https:\/\/streetmarkets.fr\/app\/produit\/boite-louise-lin-bordeaux-la-boutique-de-louise\/"},"modified":"2026-01-05T00:27:22","modified_gmt":"2026-01-04T23:27:22","slug":"boite-louise-lin-bordeaux-la-boutique-de-louise","status":"publish","type":"product","link":"https:\/\/streetmarkets.fr\/app\/produit\/boite-louise-lin-bordeaux-la-boutique-de-louise\/","title":{"rendered":"Boite Louise Lin Bordeaux &#8211; La boutique de Louise"},"content":{"rendered":"<p>Boite Louise Lin BordeauxChouchoutez vos bijoux dans la bo\u00eete Louise effet lin.Son int\u00e9rieur en velours ultra-doux et son rev\u00eatement effet lin offrent de nombreux emplacements adapt\u00e9s \u00e0 chaque type de bijoux. Ce qui rend Louise \u00e0 la fois\u00a0fonctionnelle et jolie.Le mod\u00e8le\u00a0Louise dispose d\u2019un plateau amovible qui vous permettra d\u2019organiser encore plus ais\u00e9ment votre collection\u00a0et d\u2019acc\u00e9der \u00e0 l\u2019\u00e9tage inf\u00e9rieur parfaitement adapt\u00e9 aux rangements de bijoux plus massifs.Vous pourrez y ranger jusqu&#8217;\u00e0 :-8 colliers et pendentifs-40 bagues-13 paires de boucles d&#8217;oreilles-6 (gros) braceletsDimensions\u00a0: 23 x 17 x 8,5 cm (L x l x h)Mat\u00e9riaux :\u00a0effet\u00a0lin\u00a0\u00e0 l&#8217;ext\u00e9rieur,\u00a0velours ultra-doux\u00a0\u00e0 l&#8217;int\u00e9rieurStructure en bois\u00a0solide1 plateau amovible\u00a0(avec languettes)Logo dor\u00e9 emboss\u00e9 \u00e0 chaud\u00a0\u00e0 l&#8217;int\u00e9rieur du couvercleFermeture en acier dor\u00e9\u00a0pour plus d&#8217;\u00e9l\u00e9ganceLieu de fabrication\u00a0:\u00a0c\u2019est en Chine (dans la province du Guangdong), dans l\u2019atelier de Journey et son mari James que Maison Scarlett a trouv\u00e9 le savoir-faire n\u00e9cessaire \u00e0 la confection de leurs bo\u00eetes \u00e0 bijoux. Ce qui nous permet de vous proposer des produits de grande qualit\u00e9 \u00e0 des prix accessibles.Qui est Maison Scarlett?C\u2019est en cherchant une bo\u00eete \u00e0 bijoux pour prot\u00e9ger et ranger les bijoux de sa femme que Benjamin a d\u00e9cid\u00e9 de se lancer dans l&#8217;aventure Maison Scarlett. Il\u00a0a fait un constat tr\u00e8s simple : l\u2019offre de bo\u00eetes \u00e0 bijoux en France \u00e9tait (tr\u00e8s) d\u00e9cevante.En effet, il \u00e9tait rare d\u2019en trouver en magasin et les quelques-unes disponibles n\u2019\u00e9taient vraiment pas qualitatives. Il s\u2019est alors tourn\u00e9, comme bien souvent dans ces cas-l\u00e0, vers internet et l\u00e0 encore, \u00e0 sa grande surprise, l\u2019offre y \u00e9tait tout aussi pauvre.En bon entrepreneur, il ne lui en fallait pas plus pour se lancer dans cette belle aventure (plut\u00f4t insolite) : lancer la premi\u00e8re marque de bo\u00eetes \u00e0 bijoux fran\u00e7aise ! Il a commenc\u00e9 par \u00e9tudier le march\u00e9 et\u00a0chercher des fournisseurs. Puis Louis, un ami entrepreneur lui aussi, l\u2019a rejoint dans l\u2019aventure pour cr\u00e9er et d\u00e9velopper la marque.Aujourd&#8217;hui Maison Scarlett, c&#8217;est une \u00e9quipe de 7 personnes Laura, Margaux, Louise, Agathe, Edwige, Louis et Benjamin qui oeuvre au quotidien pour vous permettre\u00a0de chouchouter\u00a0vos bijoux en concevant\u00a0des\u00a0bo\u00eetes \u00e0 bijoux fonctionnelles, jolies et accessibles.<\/p>\n","protected":false},"excerpt":{"rendered":"<p>Boite Louise Lin BordeauxChouchoutez vos bijoux dans la bo\u00eete Louise effet lin.Son int\u00e9rieur en velours ultra-doux et son rev\u00eatement effet lin offrent de nombreux emplacements adapt\u00e9s \u00e0 chaque type de bijoux. Ce qui rend Louise \u00e0 la fois\u00a0fonctionnelle et jolie.Le mod\u00e8le\u00a0Louise dispose d\u2019un plateau amovible qui vous permettra d\u2019organiser encore plus ais\u00e9ment votre collection\u00a0et d\u2019acc\u00e9der [&hellip;]<\/p>\n","protected":false},"featured_media":3257239,"comment_status":"open","ping_status":"closed","template":"","meta":[],"product_brand":[],"product_cat":[],"product_tag":[],"acf":[],"_links":{"self":[{"href":"https:\/\/streetmarkets.fr\/app\/wp-json\/wp\/v2\/product\/3257238"}],"collection":[{"href":"https:\/\/streetmarkets.fr\/app\/wp-json\/wp\/v2\/product"}],"about":[{"href":"https:\/\/streetmarkets.fr\/app\/wp-json\/wp\/v2\/types\/product"}],"replies":[{"embeddable":true,"href":"https:\/\/streetmarkets.fr\/app\/wp-json\/wp\/v2\/comments?post=3257238"}],"wp:featuredmedia":[{"embeddable":true,"href":"https:\/\/streetmarkets.fr\/app\/wp-json\/wp\/v2\/media\/3257239"}],"wp:attachment":[{"href":"https:\/\/streetmarkets.fr\/app\/wp-json\/wp\/v2\/media?parent=3257238"}],"wp:term":[{"taxonomy":"product_brand","embeddable":true,"href":"https:\/\/streetmarkets.fr\/app\/wp-json\/wp\/v2\/product_brand?post=3257238"},{"taxonomy":"product_cat","embeddable":true,"href":"https:\/\/streetmarkets.fr\/app\/wp-json\/wp\/v2\/product_cat?post=3257238"},{"taxonomy":"product_tag","embeddable":true,"href":"https:\/\/streetmarkets.fr\/app\/wp-json\/wp\/v2\/product_tag?post=3257238"}],"curies":[{"name":"wp","href":"https:\/\/api.w.org\/{rel}","templated":true}]}}