{"id":3241763,"date":"2025-12-22T01:04:38","date_gmt":"2025-12-22T00:04:38","guid":{"rendered":"https:\/\/streetmarkets.fr\/app\/produit\/nouveau-dragon-diffusion-sac-weave-small-bruciato\/"},"modified":"2026-05-06T02:04:04","modified_gmt":"2026-05-06T00:04:04","slug":"nouveau-dragon-diffusion-sac-weave-small-bruciato","status":"publish","type":"product","link":"https:\/\/streetmarkets.fr\/app\/produit\/nouveau-dragon-diffusion-sac-weave-small-bruciato\/","title":{"rendered":"Nouveau ! DRAGON DIFFUSION Sac Weave Small Bruciato"},"content":{"rendered":"<p class=\"\" data-rte-preserve-empty=\"true\">Sac en cuir tress\u00e9 main, compartiment principal, deux anses pour un port\u00e9 main ou \u00e9paule, petite m\u00e9daille Saint Christophe brod\u00e9 \u00e0 l\u2019int\u00e9rieur. \u00c9galement disponible dans la couleur Kaki <\/p>\n<p class=\"\" data-rte-preserve-empty=\"true\">Ses dimensions : 25 \u00d7 21 \u00d7 15cm<\/p>\n<p class=\"\" data-rte-preserve-empty=\"true\">D\u00e9tail : 100% cuir de veau, ce produit est une fabrication artisanale et non industriel, il permet la pr\u00e9servation de savoir-faire ancestraux et le respect de tout ceux qui participent \u00e0 sa fabrication, les variations de couleurs entre chaque pi\u00e8ces lui offre ses particularit\u00e9s qui en fond un produit unique et pr\u00e9cieux.<\/p>\n","protected":false},"excerpt":{"rendered":"<p>Sac en cuir tress\u00e9 main, compartiment principal, deux anses pour un port\u00e9 main ou \u00e9paule, petite m\u00e9daille Saint Christophe brod\u00e9 \u00e0 l\u2019int\u00e9rieur. \u00c9galement disponible dans la couleur Kaki Ses dimensions : 25 \u00d7 21 \u00d7 15cm D\u00e9tail : 100% cuir de veau, ce produit est une fabrication artisanale et non industriel, il permet la pr\u00e9servation [&hellip;]<\/p>\n","protected":false},"featured_media":3241764,"comment_status":"open","ping_status":"closed","template":"","meta":[],"product_brand":[],"product_cat":[],"product_tag":[],"acf":[],"_links":{"self":[{"href":"https:\/\/streetmarkets.fr\/app\/wp-json\/wp\/v2\/product\/3241763"}],"collection":[{"href":"https:\/\/streetmarkets.fr\/app\/wp-json\/wp\/v2\/product"}],"about":[{"href":"https:\/\/streetmarkets.fr\/app\/wp-json\/wp\/v2\/types\/product"}],"replies":[{"embeddable":true,"href":"https:\/\/streetmarkets.fr\/app\/wp-json\/wp\/v2\/comments?post=3241763"}],"wp:featuredmedia":[{"embeddable":true,"href":"https:\/\/streetmarkets.fr\/app\/wp-json\/wp\/v2\/media\/3241764"}],"wp:attachment":[{"href":"https:\/\/streetmarkets.fr\/app\/wp-json\/wp\/v2\/media?parent=3241763"}],"wp:term":[{"taxonomy":"product_brand","embeddable":true,"href":"https:\/\/streetmarkets.fr\/app\/wp-json\/wp\/v2\/product_brand?post=3241763"},{"taxonomy":"product_cat","embeddable":true,"href":"https:\/\/streetmarkets.fr\/app\/wp-json\/wp\/v2\/product_cat?post=3241763"},{"taxonomy":"product_tag","embeddable":true,"href":"https:\/\/streetmarkets.fr\/app\/wp-json\/wp\/v2\/product_tag?post=3241763"}],"curies":[{"name":"wp","href":"https:\/\/api.w.org\/{rel}","templated":true}]}}